{"id":8541,"date":"2024-07-23T15:51:55","date_gmt":"2024-07-23T18:51:55","guid":{"rendered":"https:\/\/gastropedia.pub\/pt\/?page_id=8541"},"modified":"2025-09-23T09:55:40","modified_gmt":"2025-09-23T12:55:40","slug":"cursos","status":"publish","type":"page","link":"https:\/\/gastropedia.pub\/pt\/cursos\/","title":{"rendered":"Cursos"},"content":{"rendered":"\t\t<div data-elementor-type=\"wp-page\" data-elementor-id=\"8541\" class=\"elementor elementor-8541\">\n\t\t\t\t\t\t<section class=\"penci-section penci-disSticky penci-structure-10 elementor-section elementor-top-section elementor-element elementor-element-1f9c7ea elementor-section-boxed elementor-section-height-default elementor-section-height-default\" data-id=\"1f9c7ea\" data-element_type=\"section\" data-e-type=\"section\">\n\t\t\t\t\t\t<div class=\"elementor-container elementor-column-gap-default\">\n\t\t\t\t\t<div class=\"penci-ercol-100 penci-ercol-order-1 penci-sticky-ct    elementor-column elementor-col-100 elementor-top-column elementor-element elementor-element-1a8f1ec\" data-id=\"1a8f1ec\" data-element_type=\"column\" data-e-type=\"column\">\n\t\t\t<div class=\"elementor-widget-wrap elementor-element-populated\">\n\t\t\t\t\t\t<div class=\"elementor-element elementor-element-5024604 elementor-widget elementor-widget-penci-button\" data-id=\"5024604\" data-element_type=\"widget\" data-e-type=\"widget\" data-widget_type=\"penci-button.default\">\n\t\t\t\t<div class=\"elementor-widget-container\">\n\t\t\t\t\t\t\t<div class=\"pcbtn-wrapper pcbtn-align-right\">\n\t\t\t<a class=\"pcbtn pcbtn-icon-left\" \n\t\t\t\t\t\t\t\t\t\t\t\thref=\"https:\/\/ingastro.alpaclass.com\/s\/login\" target=\"_blank\">\n\t\t\t\t<span class=\"pcbtn-wrapperin\">\n\t\t\t\t\t<span class=\"pcbtn-content\">\n\t\t\t\t\t\t\t\t\t\t\u00c1REA DO ALUNO\t\t\t<\/span>\n\t\t\t\t\t\t\t\t\t<\/span>\n\t\t\t<\/a>\n\t\t<\/div>\n\t\t\t\t\t\t<\/div>\n\t\t\t\t<\/div>\n\t\t\t\t\t<\/div>\n\t\t<\/div>\n\t\t\t\t\t<\/div>\n\t\t<\/section>\n\t\t\t\t<section class=\"penci-section penci-disSticky penci-structure-10 elementor-section elementor-top-section elementor-element elementor-element-7fb1e0d elementor-section-boxed elementor-section-height-default elementor-section-height-default\" data-id=\"7fb1e0d\" data-element_type=\"section\" data-e-type=\"section\">\n\t\t\t\t\t\t<div class=\"elementor-container elementor-column-gap-default\">\n\t\t\t\t\t<div class=\"penci-ercol-100 penci-ercol-order-1 penci-sticky-ct    elementor-column elementor-col-100 elementor-top-column elementor-element elementor-element-e7d436c\" data-id=\"e7d436c\" data-element_type=\"column\" data-e-type=\"column\">\n\t\t\t<div class=\"elementor-widget-wrap elementor-element-populated\">\n\t\t\t\t\t\t<div class=\"elementor-element elementor-element-2918af6 elementor-widget elementor-widget-heading\" data-id=\"2918af6\" data-element_type=\"widget\" data-e-type=\"widget\" data-widget_type=\"heading.default\">\n\t\t\t\t<div class=\"elementor-widget-container\">\n\t\t\t\t\t<h2 class=\"elementor-heading-title elementor-size-default\">GASTROENTEROLOGIA<\/h2>\t\t\t\t<\/div>\n\t\t\t\t<\/div>\n\t\t\t\t\t<\/div>\n\t\t<\/div>\n\t\t\t\t\t<\/div>\n\t\t<\/section>\n\t\t\t\t<section class=\"penci-section penci-disSticky penci-structure-10 elementor-section elementor-top-section elementor-element elementor-element-c1e537e elementor-section-boxed elementor-section-height-default elementor-section-height-default\" data-id=\"c1e537e\" data-element_type=\"section\" data-e-type=\"section\">\n\t\t\t\t\t\t<div class=\"elementor-container elementor-column-gap-default\">\n\t\t\t\t\t<div class=\"penci-ercol-100 penci-ercol-order-1 penci-sticky-ct    elementor-column elementor-col-100 elementor-top-column elementor-element elementor-element-fb61da5\" data-id=\"fb61da5\" data-element_type=\"column\" data-e-type=\"column\">\n\t\t\t<div class=\"elementor-widget-wrap elementor-element-populated\">\n\t\t\t\t\t\t<div class=\"elementor-element elementor-element-0552c77 elementor-widget elementor-widget-penci-media-carousel\" data-id=\"0552c77\" data-element_type=\"widget\" data-e-type=\"widget\" data-settings=\"{&quot;slides_per_view&quot;:&quot;5&quot;,&quot;slides_per_view_tablet&quot;:&quot;2&quot;,&quot;slides_per_view_mobile&quot;:&quot;1&quot;}\" data-widget_type=\"penci-media-carousel.default\">\n\t\t\t\t<div class=\"elementor-widget-container\">\n\t\t\t\t\t\n        <div class=\"penci-block-vc penci-media-carousels pc-ctpos-below\">\n            <div class=\"penci-advanced-carousel-mg\">\n                <div class=\"penci-block_content penci-owl-carousel swiper penci-advanced-carousel penci-owl-carousel-slider\"  data-auto=\"true\" data-autotime=\"4000\" data-speed=\"800\" data-ceffect=\"swing\" data-seffect=\"creative\" data-item=\"5\" data-desktop=\"5\"  data-tablet=\"2\" data-tabsmall=\"2\" data-mobile=\"1\">\n                    <div class=\"swiper-wrapper\">\n\t\t\t\t\t\t                            <div class=\"swiper-slide penci-media-item elementor-repeater-item-a0daf05\">\n                                <div class=\"penci-media-inner\">\n                                    <div class=\"penci-media-inct\">\n                                        <div class=\"penci-media-img\">\n\t\t\t\t\t\t\t\t\t\t\t<a target=\"_blank\" href=\"https:\/\/gastropedia.pub\/pt\/cursos\/gastroenterologia-do-consultorio\/\">                                            <div class=\"pc-adcr-overlay\"><\/div>\n\t\t\t\t\t\t\t\t\t\t\t<\/a>                                            <div class=\"penci-image-holder penci-lazy\" data-bgset=\"https:\/\/gastropedia.pub\/pt\/wp-content\/uploads\/2024\/07\/Gastroenterologia-do-consultorio.jpg\">\n\t\t\t\t\t\t\t\t\t\t\t\t                                            <\/div>\n                                        <\/div>\n\t\t\t\t\t\t\t\t\t\t                                    <\/div>\n                                <\/div>\n                            <\/div>\n\t\t\t\t\t\t\t                            <div class=\"swiper-slide penci-media-item elementor-repeater-item-2616aec\">\n                                <div class=\"penci-media-inner\">\n                                    <div class=\"penci-media-inct\">\n                                        <div class=\"penci-media-img\">\n\t\t\t\t\t\t\t\t\t\t\t<a target=\"_blank\" href=\"https:\/\/gastropedia.pub\/pt\/cursos\/descomplicando-a-hepatologia\/\">                                            <div class=\"pc-adcr-overlay\"><\/div>\n\t\t\t\t\t\t\t\t\t\t\t<\/a>                                            <div class=\"penci-image-holder penci-lazy\" data-bgset=\"https:\/\/gastropedia.pub\/pt\/wp-content\/uploads\/2025\/09\/banner-hepatologia.jpg\">\n\t\t\t\t\t\t\t\t\t\t\t\t                                            <\/div>\n                                        <\/div>\n\t\t\t\t\t\t\t\t\t\t                                    <\/div>\n                                <\/div>\n                            <\/div>\n\t\t\t\t\t\t\t                    <\/div>\n                <\/div>\n            <\/div>\n        <\/div>\n\n\t\t\t\t\t\t<\/div>\n\t\t\t\t<\/div>\n\t\t\t\t\t<\/div>\n\t\t<\/div>\n\t\t\t\t\t<\/div>\n\t\t<\/section>\n\t\t\t\t<section class=\"penci-section penci-disSticky penci-structure-10 elementor-section elementor-top-section elementor-element elementor-element-e2e05d8 elementor-section-boxed elementor-section-height-default elementor-section-height-default\" data-id=\"e2e05d8\" data-element_type=\"section\" data-e-type=\"section\">\n\t\t\t\t\t\t<div class=\"elementor-container elementor-column-gap-default\">\n\t\t\t\t\t<div class=\"penci-ercol-100 penci-ercol-order-1 penci-sticky-ct    elementor-column elementor-col-100 elementor-top-column elementor-element elementor-element-116b3e0\" data-id=\"116b3e0\" data-element_type=\"column\" data-e-type=\"column\">\n\t\t\t<div class=\"elementor-widget-wrap elementor-element-populated\">\n\t\t\t\t\t\t<div class=\"elementor-element elementor-element-eec34bb elementor-widget elementor-widget-heading\" data-id=\"eec34bb\" data-element_type=\"widget\" data-e-type=\"widget\" data-widget_type=\"heading.default\">\n\t\t\t\t<div class=\"elementor-widget-container\">\n\t\t\t\t\t<h2 class=\"elementor-heading-title elementor-size-default\">ENDOSCOPIA DIGESTIVA<\/h2>\t\t\t\t<\/div>\n\t\t\t\t<\/div>\n\t\t\t\t\t<\/div>\n\t\t<\/div>\n\t\t\t\t\t<\/div>\n\t\t<\/section>\n\t\t\t\t<section class=\"penci-section penci-disSticky penci-structure-10 elementor-section elementor-top-section elementor-element elementor-element-74d125a elementor-section-full_width elementor-section-height-default elementor-section-height-default\" data-id=\"74d125a\" data-element_type=\"section\" data-e-type=\"section\">\n\t\t\t\t\t\t<div class=\"elementor-container elementor-column-gap-default\">\n\t\t\t\t\t<div class=\"penci-ercol-100 penci-ercol-order-1 penci-sticky-ct    elementor-column elementor-col-100 elementor-top-column elementor-element elementor-element-b03ce61\" data-id=\"b03ce61\" data-element_type=\"column\" data-e-type=\"column\">\n\t\t\t<div class=\"elementor-widget-wrap elementor-element-populated\">\n\t\t\t\t\t\t<div class=\"elementor-element elementor-element-0158018 elementor-widget elementor-widget-penci-media-carousel\" data-id=\"0158018\" data-element_type=\"widget\" data-e-type=\"widget\" data-settings=\"{&quot;slides_per_view&quot;:&quot;5&quot;,&quot;slides_per_view_tablet&quot;:&quot;2&quot;,&quot;slides_per_view_mobile&quot;:&quot;1&quot;}\" data-widget_type=\"penci-media-carousel.default\">\n\t\t\t\t<div class=\"elementor-widget-container\">\n\t\t\t\t\t\n        <div class=\"penci-block-vc penci-media-carousels pc-ctpos-below\">\n            <div class=\"penci-advanced-carousel-mg\">\n                <div class=\"penci-block_content penci-owl-carousel swiper penci-advanced-carousel penci-owl-carousel-slider\"  data-auto=\"true\" data-autotime=\"4000\" data-speed=\"800\" data-ceffect=\"swing\" data-seffect=\"flip\" data-item=\"5\" data-desktop=\"5\"  data-tablet=\"2\" data-tabsmall=\"2\" data-mobile=\"1\">\n                    <div class=\"swiper-wrapper\">\n\t\t\t\t\t\t                            <div class=\"swiper-slide penci-media-item elementor-repeater-item-2570a95\">\n                                <div class=\"penci-media-inner\">\n                                    <div class=\"penci-media-inct\">\n                                        <div class=\"penci-media-img\">\n\t\t\t\t\t\t\t\t\t\t\t<a target=\"_blank\" href=\"https:\/\/dii.ingastro.org\/\">                                            <div class=\"pc-adcr-overlay\"><\/div>\n\t\t\t\t\t\t\t\t\t\t\t<\/a>                                            <div class=\"penci-image-holder penci-lazy\" data-bgset=\"https:\/\/gastropedia.pub\/pt\/wp-content\/uploads\/2025\/03\/capa-netflix-curso-DII.jpg\">\n\t\t\t\t\t\t\t\t\t\t\t\t                                            <\/div>\n                                        <\/div>\n\t\t\t\t\t\t\t\t\t\t                                    <\/div>\n                                <\/div>\n                            <\/div>\n\t\t\t\t\t\t\t                            <div class=\"swiper-slide penci-media-item elementor-repeater-item-069d484\">\n                                <div class=\"penci-media-inner\">\n                                    <div class=\"penci-media-inct\">\n                                        <div class=\"penci-media-img\">\n\t\t\t\t\t\t\t\t\t\t\t<a target=\"_blank\" href=\"https:\/\/endoscopiaterapeutica.net\/pt\/cursos\/curso-endoscopia-do-dia-a-dia\">                                            <div class=\"pc-adcr-overlay\"><\/div>\n\t\t\t\t\t\t\t\t\t\t\t<\/a>                                            <div class=\"penci-image-holder penci-lazy\" data-bgset=\"https:\/\/gastropedia.pub\/pt\/wp-content\/uploads\/2025\/03\/banner-endoscopiaterapeutica-080323_ENDOSCOPIA-1.jpg\">\n\t\t\t\t\t\t\t\t\t\t\t\t                                            <\/div>\n                                        <\/div>\n\t\t\t\t\t\t\t\t\t\t                                    <\/div>\n                                <\/div>\n                            <\/div>\n\t\t\t\t\t\t\t                            <div class=\"swiper-slide penci-media-item elementor-repeater-item-9b52477\">\n                                <div class=\"penci-media-inner\">\n                                    <div class=\"penci-media-inct\">\n                                        <div class=\"penci-media-img\">\n\t\t\t\t\t\t\t\t\t\t\t<a target=\"_blank\" href=\"https:\/\/endoscopiaterapeutica.net\/pt\/cpre-do-basico-ao-avancado\/\">                                            <div class=\"pc-adcr-overlay\"><\/div>\n\t\t\t\t\t\t\t\t\t\t\t<\/a>                                            <div class=\"penci-image-holder penci-lazy\" data-bgset=\"https:\/\/gastropedia.pub\/pt\/wp-content\/uploads\/2025\/03\/banner-endoscopiaterapeutica-080323_CPRE_01.jpg\">\n\t\t\t\t\t\t\t\t\t\t\t\t                                            <\/div>\n                                        <\/div>\n\t\t\t\t\t\t\t\t\t\t                                    <\/div>\n                                <\/div>\n                            <\/div>\n\t\t\t\t\t\t\t                            <div class=\"swiper-slide penci-media-item elementor-repeater-item-6c06f3e\">\n                                <div class=\"penci-media-inner\">\n                                    <div class=\"penci-media-inct\">\n                                        <div class=\"penci-media-img\">\n\t\t\t\t\t\t\t\t\t\t\t<a target=\"_blank\" href=\"https:\/\/endoscopiaterapeutica.net\/pt\/endoscopia-de-imagem-avancada-da-cromoscopia-a-magnificacao\/\">                                            <div class=\"pc-adcr-overlay\"><\/div>\n\t\t\t\t\t\t\t\t\t\t\t<\/a>                                            <div class=\"penci-image-holder penci-lazy\" data-bgset=\"https:\/\/gastropedia.pub\/pt\/wp-content\/uploads\/2025\/03\/CAPA-ATUALIZADA_.jpg\">\n\t\t\t\t\t\t\t\t\t\t\t\t                                            <\/div>\n                                        <\/div>\n\t\t\t\t\t\t\t\t\t\t                                    <\/div>\n                                <\/div>\n                            <\/div>\n\t\t\t\t\t\t\t                            <div class=\"swiper-slide penci-media-item elementor-repeater-item-e322d6a\">\n                                <div class=\"penci-media-inner\">\n                                    <div class=\"penci-media-inct\">\n                                        <div class=\"penci-media-img\">\n\t\t\t\t\t\t\t\t\t\t\t<a target=\"_blank\" href=\"https:\/\/endoscopiaterapeutica.net\/pt\/cursos\/emergencias-em-endoscopia\/\">                                            <div class=\"pc-adcr-overlay\"><\/div>\n\t\t\t\t\t\t\t\t\t\t\t<\/a>                                            <div class=\"penci-image-holder penci-lazy\" data-bgset=\"https:\/\/gastropedia.pub\/pt\/wp-content\/uploads\/2025\/03\/capa-netflix-curso-emerge\u0302ncias.jpeg\">\n\t\t\t\t\t\t\t\t\t\t\t\t                                            <\/div>\n                                        <\/div>\n\t\t\t\t\t\t\t\t\t\t                                    <\/div>\n                                <\/div>\n                            <\/div>\n\t\t\t\t\t\t\t                    <\/div>\n                <\/div>\n            <\/div>\n        <\/div>\n\n\t\t\t\t\t\t<\/div>\n\t\t\t\t<\/div>\n\t\t\t\t\t<\/div>\n\t\t<\/div>\n\t\t\t\t\t<\/div>\n\t\t<\/section>\n\t\t\t\t<\/div>\n\t\t","protected":false},"excerpt":{"rendered":"<p>\u00c1REA DO ALUNO GASTROENTEROLOGIA ENDOSCOPIA DIGESTIVA<\/p>\n","protected":false},"author":1,"featured_media":0,"parent":0,"menu_order":0,"comment_status":"closed","ping_status":"closed","template":"","meta":{"_lmt_disableupdate":"","_lmt_disable":"","footnotes":""},"class_list":["post-8541","page","type-page","status-publish","hentry"],"yoast_head":"<!-- This site is optimized with the Yoast SEO Premium plugin v27.2 (Yoast SEO v27.3) - https:\/\/yoast.com\/product\/yoast-seo-premium-wordpress\/ -->\n<title>Cursos - Gastropedia<\/title>\n<meta name=\"robots\" content=\"index, follow, max-snippet:-1, max-image-preview:large, max-video-preview:-1\" \/>\n<link rel=\"canonical\" href=\"https:\/\/gastropedia.pub\/pt\/cursos\/\" \/>\n<meta property=\"og:locale\" content=\"pt_BR\" \/>\n<meta property=\"og:type\" content=\"article\" \/>\n<meta property=\"og:title\" content=\"Cursos\" \/>\n<meta property=\"og:description\" content=\"\u00c1REA DO ALUNO GASTROENTEROLOGIA ENDOSCOPIA DIGESTIVA\" \/>\n<meta property=\"og:url\" content=\"https:\/\/gastropedia.pub\/pt\/cursos\/\" \/>\n<meta property=\"og:site_name\" content=\"Gastropedia\" \/>\n<meta property=\"article:modified_time\" content=\"2025-09-23T12:55:40+00:00\" \/>\n<meta name=\"twitter:card\" content=\"summary_large_image\" \/>\n<meta name=\"twitter:label1\" content=\"Est. tempo de leitura\" \/>\n\t<meta name=\"twitter:data1\" content=\"1 minuto\" \/>\n<script type=\"application\/ld+json\" class=\"yoast-schema-graph\">{\"@context\":\"https:\\\/\\\/schema.org\",\"@graph\":[{\"@type\":\"WebPage\",\"@id\":\"https:\\\/\\\/gastropedia.pub\\\/pt\\\/cursos\\\/\",\"url\":\"https:\\\/\\\/gastropedia.pub\\\/pt\\\/cursos\\\/\",\"name\":\"Cursos - Gastropedia\",\"isPartOf\":{\"@id\":\"https:\\\/\\\/gastropedia.pub\\\/pt\\\/#website\"},\"datePublished\":\"2024-07-23T18:51:55+00:00\",\"dateModified\":\"2025-09-23T12:55:40+00:00\",\"breadcrumb\":{\"@id\":\"https:\\\/\\\/gastropedia.pub\\\/pt\\\/cursos\\\/#breadcrumb\"},\"inLanguage\":\"pt-BR\",\"potentialAction\":[{\"@type\":\"ReadAction\",\"target\":[\"https:\\\/\\\/gastropedia.pub\\\/pt\\\/cursos\\\/\"]}]},{\"@type\":\"BreadcrumbList\",\"@id\":\"https:\\\/\\\/gastropedia.pub\\\/pt\\\/cursos\\\/#breadcrumb\",\"itemListElement\":[{\"@type\":\"ListItem\",\"position\":1,\"name\":\"In\u00edcio\",\"item\":\"https:\\\/\\\/gastropedia.pub\\\/pt\\\/\"},{\"@type\":\"ListItem\",\"position\":2,\"name\":\"Cursos\"}]},{\"@type\":\"WebSite\",\"@id\":\"https:\\\/\\\/gastropedia.pub\\\/pt\\\/#website\",\"url\":\"https:\\\/\\\/gastropedia.pub\\\/pt\\\/\",\"name\":\"Gastropedia\",\"description\":\"Atualiza\u00e7\u00e3o m\u00e9dica de forma descomplicada para profissionais que trabalham com sa\u00fade do aparelho digestivo.\",\"potentialAction\":[{\"@type\":\"SearchAction\",\"target\":{\"@type\":\"EntryPoint\",\"urlTemplate\":\"https:\\\/\\\/gastropedia.pub\\\/pt\\\/?s={search_term_string}\"},\"query-input\":{\"@type\":\"PropertyValueSpecification\",\"valueRequired\":true,\"valueName\":\"search_term_string\"}}],\"inLanguage\":\"pt-BR\"}]}<\/script>\n<!-- \/ Yoast SEO Premium plugin. -->","yoast_head_json":{"title":"Cursos - Gastropedia","robots":{"index":"index","follow":"follow","max-snippet":"max-snippet:-1","max-image-preview":"max-image-preview:large","max-video-preview":"max-video-preview:-1"},"canonical":"https:\/\/gastropedia.pub\/pt\/cursos\/","og_locale":"pt_BR","og_type":"article","og_title":"Cursos","og_description":"\u00c1REA DO ALUNO GASTROENTEROLOGIA ENDOSCOPIA DIGESTIVA","og_url":"https:\/\/gastropedia.pub\/pt\/cursos\/","og_site_name":"Gastropedia","article_modified_time":"2025-09-23T12:55:40+00:00","twitter_card":"summary_large_image","twitter_misc":{"Est. tempo de leitura":"1 minuto"},"schema":{"@context":"https:\/\/schema.org","@graph":[{"@type":"WebPage","@id":"https:\/\/gastropedia.pub\/pt\/cursos\/","url":"https:\/\/gastropedia.pub\/pt\/cursos\/","name":"Cursos - Gastropedia","isPartOf":{"@id":"https:\/\/gastropedia.pub\/pt\/#website"},"datePublished":"2024-07-23T18:51:55+00:00","dateModified":"2025-09-23T12:55:40+00:00","breadcrumb":{"@id":"https:\/\/gastropedia.pub\/pt\/cursos\/#breadcrumb"},"inLanguage":"pt-BR","potentialAction":[{"@type":"ReadAction","target":["https:\/\/gastropedia.pub\/pt\/cursos\/"]}]},{"@type":"BreadcrumbList","@id":"https:\/\/gastropedia.pub\/pt\/cursos\/#breadcrumb","itemListElement":[{"@type":"ListItem","position":1,"name":"In\u00edcio","item":"https:\/\/gastropedia.pub\/pt\/"},{"@type":"ListItem","position":2,"name":"Cursos"}]},{"@type":"WebSite","@id":"https:\/\/gastropedia.pub\/pt\/#website","url":"https:\/\/gastropedia.pub\/pt\/","name":"Gastropedia","description":"Atualiza\u00e7\u00e3o m\u00e9dica de forma descomplicada para profissionais que trabalham com sa\u00fade do aparelho digestivo.","potentialAction":[{"@type":"SearchAction","target":{"@type":"EntryPoint","urlTemplate":"https:\/\/gastropedia.pub\/pt\/?s={search_term_string}"},"query-input":{"@type":"PropertyValueSpecification","valueRequired":true,"valueName":"search_term_string"}}],"inLanguage":"pt-BR"}]}},"_links":{"self":[{"href":"https:\/\/gastropedia.pub\/pt\/wp-json\/wp\/v2\/pages\/8541","targetHints":{"allow":["GET"]}}],"collection":[{"href":"https:\/\/gastropedia.pub\/pt\/wp-json\/wp\/v2\/pages"}],"about":[{"href":"https:\/\/gastropedia.pub\/pt\/wp-json\/wp\/v2\/types\/page"}],"author":[{"embeddable":true,"href":"https:\/\/gastropedia.pub\/pt\/wp-json\/wp\/v2\/users\/1"}],"replies":[{"embeddable":true,"href":"https:\/\/gastropedia.pub\/pt\/wp-json\/wp\/v2\/comments?post=8541"}],"version-history":[{"count":56,"href":"https:\/\/gastropedia.pub\/pt\/wp-json\/wp\/v2\/pages\/8541\/revisions"}],"predecessor-version":[{"id":10516,"href":"https:\/\/gastropedia.pub\/pt\/wp-json\/wp\/v2\/pages\/8541\/revisions\/10516"}],"wp:attachment":[{"href":"https:\/\/gastropedia.pub\/pt\/wp-json\/wp\/v2\/media?parent=8541"}],"curies":[{"name":"wp","href":"https:\/\/api.w.org\/{rel}","templated":true}]}}