{"id":6943,"date":"2023-08-01T12:28:42","date_gmt":"2023-08-01T15:28:42","guid":{"rendered":"https:\/\/gastropedia.pub\/pt\/?page_id=6943"},"modified":"2023-08-01T12:29:29","modified_gmt":"2023-08-01T15:29:29","slug":"glossario-iframe","status":"publish","type":"page","link":"https:\/\/gastropedia.pub\/pt\/glossario-iframe\/","title":{"rendered":"Gloss\u00e1rio Iframe"},"content":{"rendered":"<p>[glossary]<\/p>\n","protected":false},"excerpt":{"rendered":"","protected":false},"author":1,"featured_media":0,"parent":0,"menu_order":0,"comment_status":"closed","ping_status":"closed","template":"","meta":{"_lmt_disableupdate":"","_lmt_disable":"","footnotes":""},"class_list":["post-6943","page","type-page","status-publish","hentry"],"yoast_head":"<!-- This site is optimized with the Yoast SEO Premium plugin v27.2 (Yoast SEO v27.2) - https:\/\/yoast.com\/product\/yoast-seo-premium-wordpress\/ -->\n<title>Gloss\u00e1rio Iframe - Gastropedia<\/title>\n<meta name=\"robots\" content=\"index, follow, max-snippet:-1, max-image-preview:large, max-video-preview:-1\" \/>\n<link rel=\"canonical\" href=\"https:\/\/gastropedia.pub\/pt\/glossario-iframe\/\" \/>\n<meta property=\"og:locale\" content=\"pt_BR\" \/>\n<meta property=\"og:type\" content=\"article\" \/>\n<meta property=\"og:title\" content=\"Gloss\u00e1rio Iframe\" \/>\n<meta property=\"og:url\" content=\"https:\/\/gastropedia.pub\/pt\/glossario-iframe\/\" \/>\n<meta property=\"og:site_name\" content=\"Gastropedia\" \/>\n<meta property=\"article:modified_time\" content=\"2023-08-01T15:29:29+00:00\" \/>\n<meta name=\"twitter:card\" content=\"summary_large_image\" \/>\n<meta name=\"twitter:label1\" content=\"Est. tempo de leitura\" \/>\n\t<meta name=\"twitter:data1\" content=\"1 minuto\" \/>\n<script type=\"application\/ld+json\" class=\"yoast-schema-graph\">{\"@context\":\"https:\/\/schema.org\",\"@graph\":[{\"@type\":\"WebPage\",\"@id\":\"https:\/\/gastropedia.pub\/pt\/glossario-iframe\/\",\"url\":\"https:\/\/gastropedia.pub\/pt\/glossario-iframe\/\",\"name\":\"Gloss\u00e1rio Iframe - Gastropedia\",\"isPartOf\":{\"@id\":\"https:\/\/gastropedia.pub\/pt\/#website\"},\"datePublished\":\"2023-08-01T15:28:42+00:00\",\"dateModified\":\"2023-08-01T15:29:29+00:00\",\"breadcrumb\":{\"@id\":\"https:\/\/gastropedia.pub\/pt\/glossario-iframe\/#breadcrumb\"},\"inLanguage\":\"pt-BR\",\"potentialAction\":[{\"@type\":\"ReadAction\",\"target\":[\"https:\/\/gastropedia.pub\/pt\/glossario-iframe\/\"]}]},{\"@type\":\"BreadcrumbList\",\"@id\":\"https:\/\/gastropedia.pub\/pt\/glossario-iframe\/#breadcrumb\",\"itemListElement\":[{\"@type\":\"ListItem\",\"position\":1,\"name\":\"In\u00edcio\",\"item\":\"https:\/\/gastropedia.pub\/pt\/\"},{\"@type\":\"ListItem\",\"position\":2,\"name\":\"Gloss\u00e1rio Iframe\"}]},{\"@type\":\"WebSite\",\"@id\":\"https:\/\/gastropedia.pub\/pt\/#website\",\"url\":\"https:\/\/gastropedia.pub\/pt\/\",\"name\":\"Gastropedia\",\"description\":\"Atualiza\u00e7\u00e3o m\u00e9dica de forma descomplicada para profissionais que trabalham com sa\u00fade do aparelho digestivo.\",\"potentialAction\":[{\"@type\":\"SearchAction\",\"target\":{\"@type\":\"EntryPoint\",\"urlTemplate\":\"https:\/\/gastropedia.pub\/pt\/?s={search_term_string}\"},\"query-input\":{\"@type\":\"PropertyValueSpecification\",\"valueRequired\":true,\"valueName\":\"search_term_string\"}}],\"inLanguage\":\"pt-BR\"}]}<\/script>\n<!-- \/ Yoast SEO Premium plugin. -->","yoast_head_json":{"title":"Gloss\u00e1rio Iframe - Gastropedia","robots":{"index":"index","follow":"follow","max-snippet":"max-snippet:-1","max-image-preview":"max-image-preview:large","max-video-preview":"max-video-preview:-1"},"canonical":"https:\/\/gastropedia.pub\/pt\/glossario-iframe\/","og_locale":"pt_BR","og_type":"article","og_title":"Gloss\u00e1rio Iframe","og_url":"https:\/\/gastropedia.pub\/pt\/glossario-iframe\/","og_site_name":"Gastropedia","article_modified_time":"2023-08-01T15:29:29+00:00","twitter_card":"summary_large_image","twitter_misc":{"Est. tempo de leitura":"1 minuto"},"schema":{"@context":"https:\/\/schema.org","@graph":[{"@type":"WebPage","@id":"https:\/\/gastropedia.pub\/pt\/glossario-iframe\/","url":"https:\/\/gastropedia.pub\/pt\/glossario-iframe\/","name":"Gloss\u00e1rio Iframe - Gastropedia","isPartOf":{"@id":"https:\/\/gastropedia.pub\/pt\/#website"},"datePublished":"2023-08-01T15:28:42+00:00","dateModified":"2023-08-01T15:29:29+00:00","breadcrumb":{"@id":"https:\/\/gastropedia.pub\/pt\/glossario-iframe\/#breadcrumb"},"inLanguage":"pt-BR","potentialAction":[{"@type":"ReadAction","target":["https:\/\/gastropedia.pub\/pt\/glossario-iframe\/"]}]},{"@type":"BreadcrumbList","@id":"https:\/\/gastropedia.pub\/pt\/glossario-iframe\/#breadcrumb","itemListElement":[{"@type":"ListItem","position":1,"name":"In\u00edcio","item":"https:\/\/gastropedia.pub\/pt\/"},{"@type":"ListItem","position":2,"name":"Gloss\u00e1rio Iframe"}]},{"@type":"WebSite","@id":"https:\/\/gastropedia.pub\/pt\/#website","url":"https:\/\/gastropedia.pub\/pt\/","name":"Gastropedia","description":"Atualiza\u00e7\u00e3o m\u00e9dica de forma descomplicada para profissionais que trabalham com sa\u00fade do aparelho digestivo.","potentialAction":[{"@type":"SearchAction","target":{"@type":"EntryPoint","urlTemplate":"https:\/\/gastropedia.pub\/pt\/?s={search_term_string}"},"query-input":{"@type":"PropertyValueSpecification","valueRequired":true,"valueName":"search_term_string"}}],"inLanguage":"pt-BR"}]}},"_links":{"self":[{"href":"https:\/\/gastropedia.pub\/pt\/wp-json\/wp\/v2\/pages\/6943","targetHints":{"allow":["GET"]}}],"collection":[{"href":"https:\/\/gastropedia.pub\/pt\/wp-json\/wp\/v2\/pages"}],"about":[{"href":"https:\/\/gastropedia.pub\/pt\/wp-json\/wp\/v2\/types\/page"}],"author":[{"embeddable":true,"href":"https:\/\/gastropedia.pub\/pt\/wp-json\/wp\/v2\/users\/1"}],"replies":[{"embeddable":true,"href":"https:\/\/gastropedia.pub\/pt\/wp-json\/wp\/v2\/comments?post=6943"}],"version-history":[{"count":2,"href":"https:\/\/gastropedia.pub\/pt\/wp-json\/wp\/v2\/pages\/6943\/revisions"}],"predecessor-version":[{"id":6946,"href":"https:\/\/gastropedia.pub\/pt\/wp-json\/wp\/v2\/pages\/6943\/revisions\/6946"}],"wp:attachment":[{"href":"https:\/\/gastropedia.pub\/pt\/wp-json\/wp\/v2\/media?parent=6943"}],"curies":[{"name":"wp","href":"https:\/\/api.w.org\/{rel}","templated":true}]}}