{"id":6374,"date":"2023-06-26T09:45:12","date_gmt":"2023-06-26T12:45:12","guid":{"rendered":"https:\/\/gastropedia.pub\/pt\/?page_id=6374"},"modified":"2023-06-26T12:04:27","modified_gmt":"2023-06-26T15:04:27","slug":"submeta-seu-artigo-off","status":"publish","type":"page","link":"https:\/\/gastropedia.pub\/pt\/submeta-seu-artigo-off\/","title":{"rendered":"Submeta Seu Artigo"},"content":{"rendered":"\t\t<div data-elementor-type=\"wp-page\" data-elementor-id=\"6374\" class=\"elementor elementor-6374\">\n\t\t\t\t\t\t<section class=\"penci-section penci-disSticky penci-structure-10 elementor-section elementor-top-section elementor-element elementor-element-8a72d63 elementor-section-boxed elementor-section-height-default elementor-section-height-default\" data-id=\"8a72d63\" data-element_type=\"section\" data-e-type=\"section\">\n\t\t\t\t\t\t<div class=\"elementor-container elementor-column-gap-default\">\n\t\t\t\t\t<div class=\"penci-ercol-100 penci-ercol-order-1 penci-sticky-ct    elementor-column elementor-col-100 elementor-top-column elementor-element elementor-element-4f680ac\" data-id=\"4f680ac\" data-element_type=\"column\" data-e-type=\"column\">\n\t\t\t<div class=\"elementor-widget-wrap elementor-element-populated\">\n\t\t\t\t\t\t<div class=\"elementor-element elementor-element-a6c46f9 elementor-widget elementor-widget-text-editor\" data-id=\"a6c46f9\" data-element_type=\"widget\" data-e-type=\"widget\" data-widget_type=\"text-editor.default\">\n\t\t\t\t<div class=\"elementor-widget-container\">\n\t\t\t\t\t\t\t\t\t<a class=\"popup-wt pum-trigger\" style=\"font-size: 15px; font-weight: bold; margin-bottom: 26px; display: block; cursor: pointer;\"><strong class=\"popup-inst-sub\">Confira as regras de submiss\u00e3o<\/strong><\/a>\n\n<div class=\"wpcf7 no-js\" id=\"wpcf7-f6395-o1\" lang=\"pt-BR\" dir=\"ltr\" data-wpcf7-id=\"6395\">\n<div class=\"screen-reader-response\"><p role=\"status\" aria-live=\"polite\" aria-atomic=\"true\"><\/p> <ul><\/ul><\/div>\n<form action=\"\/pt\/wp-json\/wp\/v2\/pages\/6374#wpcf7-f6395-o1\" method=\"post\" class=\"wpcf7-form init 9a41f4e9da40 cmatic-conn cmatic-aud-0 cmatic-mapd0-0 cmatic-v0978 cmatic-sent-0 cmatic-total-541\" aria-label=\"Formul\u00e1rios de contato\" enctype=\"multipart\/form-data\" novalidate=\"novalidate\" data-status=\"init\">\n<fieldset class=\"hidden-fields-container\"><input type=\"hidden\" name=\"_wpcf7\" value=\"6395\" \/><input type=\"hidden\" name=\"_wpcf7_version\" value=\"6.1.5\" \/><input type=\"hidden\" name=\"_wpcf7_locale\" value=\"pt_BR\" \/><input type=\"hidden\" name=\"_wpcf7_unit_tag\" value=\"wpcf7-f6395-o1\" \/><input type=\"hidden\" name=\"_wpcf7_container_post\" value=\"0\" \/><input type=\"hidden\" name=\"_wpcf7_posted_data_hash\" value=\"\" \/><input type=\"hidden\" name=\"_wpcf7_recaptcha_response\" value=\"\" \/>\n<\/fieldset>\n<p><label> Nome do autor*<br \/>\n<span class=\"wpcf7-form-control-wrap\" data-name=\"nome-autor\"><input size=\"40\" maxlength=\"400\" class=\"wpcf7-form-control wpcf7-text wpcf7-validates-as-required\" aria-required=\"true\" aria-invalid=\"false\" value=\"\" type=\"text\" name=\"nome-autor\" \/><\/span> <\/label>\n<\/p>\n<p><label> Nome(s) do(s) co-autor(es) se houver<br \/>\n<span class=\"wpcf7-form-control-wrap\" data-name=\"nomes-coautores\"><input size=\"40\" maxlength=\"400\" class=\"wpcf7-form-control wpcf7-text wpcf7-validates-as-required\" aria-required=\"true\" aria-invalid=\"false\" value=\"\" type=\"text\" name=\"nomes-coautores\" \/><\/span> <\/label>\n<\/p>\n<p><label> E-mail*<br \/>\n<span class=\"wpcf7-form-control-wrap\" data-name=\"email\"><input size=\"40\" maxlength=\"400\" class=\"wpcf7-form-control wpcf7-email wpcf7-validates-as-required wpcf7-text wpcf7-validates-as-email\" aria-required=\"true\" aria-invalid=\"false\" value=\"\" type=\"email\" name=\"email\" \/><\/span> <\/label>\n<\/p>\n<p><label> Palavras-chave* (separe por v\u00edrgula)<br \/>\n<span class=\"wpcf7-form-control-wrap\" data-name=\"keywords\"><input size=\"40\" maxlength=\"400\" class=\"wpcf7-form-control wpcf7-text wpcf7-validates-as-required\" aria-required=\"true\" aria-invalid=\"false\" value=\"\" type=\"text\" name=\"keywords\" \/><\/span> <\/label>\n<\/p>\n<p><label> Link para v\u00eddeo (We Transfer, OneDrive ou Google Drive)<br \/>\n<span class=\"wpcf7-form-control-wrap\" data-name=\"wetransfer\"><input size=\"40\" maxlength=\"400\" class=\"wpcf7-form-control wpcf7-text\" aria-invalid=\"false\" value=\"\" type=\"text\" name=\"wetransfer\" \/><\/span><br \/>\n<a class=\"popup-wt\" style=\"font-size: 12px;font-weight: bold;margin-bottom: 26px;display: block;\">Saiba como usar o We Transfer<\/a> <\/label>\n<\/p>\n<p><label> Resumo do artigo (m\u00e1ximo 150 caracteres).*<br \/>\n<span class=\"wpcf7-form-control-wrap\" data-name=\"mensagem\"><textarea cols=\"40\" rows=\"10\" maxlength=\"2000\" class=\"wpcf7-form-control wpcf7-textarea wpcf7-validates-as-required\" aria-required=\"true\" aria-invalid=\"false\" name=\"mensagem\"><\/textarea><\/span> <\/label><label>Voc\u00ea deve preencher e enviar o <a href=\"https:\/\/app.zapsign.com.br\/verificar\/doc\/8b6eead9-3e27-4b2d-8a70-ad30c574996a\" target=\"_blank\">TERMO DE CESS\u00c3O DE DIREITOS AUTORAIS E AUTORIZA\u00c7\u00c3O PARA PUBLICA\u00c7\u00c3O EM MEIO ELETR\u00d4NICO <i class=\"fas fa-external-link-alt\"><\/i><\/a> <\/label>\n<\/p>\n<p><label> Anexe o artigo em Word e as imagens (m\u00e1x 10 mb)* :<br \/>\n<\/label>\n<\/p>\n<div class=\"input-anexar\">\n\t<p><div id=\"mfcf7_zl_multifilecontainer\"><span class=\"mfcf7-zl-multiline-sample\" style=\"display:none\"><p class=\"wpcf7-form-control-wrap multilinefile\"><input size=\"40\" class=\"wpcf7-form-control wpcf7-multilinefile\" multiple=\"multiple\" value=\"Inserir arquivos\" aria-invalid=\"false\" type=\"file\" name=\"multilinefile[]\" \/> <span class=\"mfcf7-zl-multifile-name\"><\/span><a href=\"javascript:void(0);\" class=\"mfcf7_zl_delete_file\"><span class=\"delete-file\" aria-hidden=\"true\">&#x274C;<\/span><\/a><\/p><\/span><\/div><span class=\"wpcf7-form-control-wrap zl-form-control-wrap multilinefile\"><input size=\"40\" class=\"wpcf7-form-control wpcf7-multilinefile\" multiple=\"multiple\" value=\"Inserir arquivos\" aria-invalid=\"false\" type=\"file\" name=\"multilinefile[]\" \/> <span class=\"mfcf7-zl-multifile-name\"><\/span><a href=\"javascript:void(0);\" class=\"mfcf7_zl_delete_file\"><span class=\"delete-file\" aria-hidden=\"true\">&#x274C;<\/span><\/a><\/span><p><label><span class=\"wpcf7-form-control-wrap\" data-name=\"multilinefile-zl-mfcf7-upld-btn\"><input type=\"button\" name=\"multilinefile-zl-mfcf7-upld-btn\" class=\"button button-primary qbutton\" id=\"mfcf7_zl_add_file\" value=\"Inserir arquivos\"><\/span><\/label><\/p>\n\t<\/p>\n<\/div>\n<div style=\"height: 30px; width: 100%;\">\n<\/div>\n<p>Aten\u00e7\u00e3o no preenchimento dos campos e no upload dos arquivos. N\u00e3o \u00e9 poss\u00edvel voltar ap\u00f3s o envio do artigo.\n<\/p>\n<div style=\"height: 30px; width: 100%;\">\n<\/div>\n<p><input class=\"wpcf7-form-control wpcf7-submit has-spinner\" type=\"submit\" value=\"Enviar\" \/>\n<\/p><input type='hidden' class='wpcf7-pum' value='{\"closepopup\":false,\"closedelay\":0,\"openpopup\":false,\"openpopup_id\":6380}' \/><div class=\"wpcf7-response-output\" aria-hidden=\"true\"><\/div>\n<\/form>\n<\/div>\n\t\t\t\t\t\t\t\t<\/div>\n\t\t\t\t<\/div>\n\t\t\t\t\t<\/div>\n\t\t<\/div>\n\t\t\t\t\t<\/div>\n\t\t<\/section>\n\t\t\t\t<\/div>\n\t\t","protected":false},"excerpt":{"rendered":"<p>Confira as regras de submiss\u00e3o<\/p>\n","protected":false},"author":1,"featured_media":0,"parent":0,"menu_order":0,"comment_status":"closed","ping_status":"closed","template":"","meta":{"_lmt_disableupdate":"","_lmt_disable":"","footnotes":""},"class_list":["post-6374","page","type-page","status-publish","hentry"],"yoast_head":"<!-- This site is optimized with the Yoast SEO Premium plugin v27.2 (Yoast SEO v27.3) - https:\/\/yoast.com\/product\/yoast-seo-premium-wordpress\/ -->\n<title>Submeta Seu Artigo - Gastropedia<\/title>\n<meta name=\"robots\" content=\"index, follow, max-snippet:-1, max-image-preview:large, max-video-preview:-1\" \/>\n<link rel=\"canonical\" href=\"https:\/\/gastropedia.pub\/pt\/submeta-seu-artigo-off\/\" \/>\n<meta property=\"og:locale\" content=\"pt_BR\" \/>\n<meta property=\"og:type\" content=\"article\" \/>\n<meta property=\"og:title\" content=\"Submeta Seu Artigo\" \/>\n<meta property=\"og:description\" content=\"Confira as regras de submiss\u00e3o\" \/>\n<meta property=\"og:url\" content=\"https:\/\/gastropedia.pub\/pt\/submeta-seu-artigo-off\/\" \/>\n<meta property=\"og:site_name\" content=\"Gastropedia\" \/>\n<meta property=\"article:modified_time\" content=\"2023-06-26T15:04:27+00:00\" \/>\n<meta name=\"twitter:card\" content=\"summary_large_image\" \/>\n<meta name=\"twitter:label1\" content=\"Est. tempo de leitura\" \/>\n\t<meta name=\"twitter:data1\" content=\"1 minuto\" \/>\n<script type=\"application\/ld+json\" class=\"yoast-schema-graph\">{\"@context\":\"https:\\\/\\\/schema.org\",\"@graph\":[{\"@type\":\"WebPage\",\"@id\":\"https:\\\/\\\/gastropedia.pub\\\/pt\\\/submeta-seu-artigo-off\\\/\",\"url\":\"https:\\\/\\\/gastropedia.pub\\\/pt\\\/submeta-seu-artigo-off\\\/\",\"name\":\"Submeta Seu Artigo - Gastropedia\",\"isPartOf\":{\"@id\":\"https:\\\/\\\/gastropedia.pub\\\/pt\\\/#website\"},\"datePublished\":\"2023-06-26T12:45:12+00:00\",\"dateModified\":\"2023-06-26T15:04:27+00:00\",\"breadcrumb\":{\"@id\":\"https:\\\/\\\/gastropedia.pub\\\/pt\\\/submeta-seu-artigo-off\\\/#breadcrumb\"},\"inLanguage\":\"pt-BR\",\"potentialAction\":[{\"@type\":\"ReadAction\",\"target\":[\"https:\\\/\\\/gastropedia.pub\\\/pt\\\/submeta-seu-artigo-off\\\/\"]}]},{\"@type\":\"BreadcrumbList\",\"@id\":\"https:\\\/\\\/gastropedia.pub\\\/pt\\\/submeta-seu-artigo-off\\\/#breadcrumb\",\"itemListElement\":[{\"@type\":\"ListItem\",\"position\":1,\"name\":\"In\u00edcio\",\"item\":\"https:\\\/\\\/gastropedia.pub\\\/pt\\\/\"},{\"@type\":\"ListItem\",\"position\":2,\"name\":\"Submeta Seu Artigo\"}]},{\"@type\":\"WebSite\",\"@id\":\"https:\\\/\\\/gastropedia.pub\\\/pt\\\/#website\",\"url\":\"https:\\\/\\\/gastropedia.pub\\\/pt\\\/\",\"name\":\"Gastropedia\",\"description\":\"Atualiza\u00e7\u00e3o m\u00e9dica de forma descomplicada para profissionais que trabalham com sa\u00fade do aparelho digestivo.\",\"potentialAction\":[{\"@type\":\"SearchAction\",\"target\":{\"@type\":\"EntryPoint\",\"urlTemplate\":\"https:\\\/\\\/gastropedia.pub\\\/pt\\\/?s={search_term_string}\"},\"query-input\":{\"@type\":\"PropertyValueSpecification\",\"valueRequired\":true,\"valueName\":\"search_term_string\"}}],\"inLanguage\":\"pt-BR\"}]}<\/script>\n<!-- \/ Yoast SEO Premium plugin. -->","yoast_head_json":{"title":"Submeta Seu Artigo - Gastropedia","robots":{"index":"index","follow":"follow","max-snippet":"max-snippet:-1","max-image-preview":"max-image-preview:large","max-video-preview":"max-video-preview:-1"},"canonical":"https:\/\/gastropedia.pub\/pt\/submeta-seu-artigo-off\/","og_locale":"pt_BR","og_type":"article","og_title":"Submeta Seu Artigo","og_description":"Confira as regras de submiss\u00e3o","og_url":"https:\/\/gastropedia.pub\/pt\/submeta-seu-artigo-off\/","og_site_name":"Gastropedia","article_modified_time":"2023-06-26T15:04:27+00:00","twitter_card":"summary_large_image","twitter_misc":{"Est. tempo de leitura":"1 minuto"},"schema":{"@context":"https:\/\/schema.org","@graph":[{"@type":"WebPage","@id":"https:\/\/gastropedia.pub\/pt\/submeta-seu-artigo-off\/","url":"https:\/\/gastropedia.pub\/pt\/submeta-seu-artigo-off\/","name":"Submeta Seu Artigo - Gastropedia","isPartOf":{"@id":"https:\/\/gastropedia.pub\/pt\/#website"},"datePublished":"2023-06-26T12:45:12+00:00","dateModified":"2023-06-26T15:04:27+00:00","breadcrumb":{"@id":"https:\/\/gastropedia.pub\/pt\/submeta-seu-artigo-off\/#breadcrumb"},"inLanguage":"pt-BR","potentialAction":[{"@type":"ReadAction","target":["https:\/\/gastropedia.pub\/pt\/submeta-seu-artigo-off\/"]}]},{"@type":"BreadcrumbList","@id":"https:\/\/gastropedia.pub\/pt\/submeta-seu-artigo-off\/#breadcrumb","itemListElement":[{"@type":"ListItem","position":1,"name":"In\u00edcio","item":"https:\/\/gastropedia.pub\/pt\/"},{"@type":"ListItem","position":2,"name":"Submeta Seu Artigo"}]},{"@type":"WebSite","@id":"https:\/\/gastropedia.pub\/pt\/#website","url":"https:\/\/gastropedia.pub\/pt\/","name":"Gastropedia","description":"Atualiza\u00e7\u00e3o m\u00e9dica de forma descomplicada para profissionais que trabalham com sa\u00fade do aparelho digestivo.","potentialAction":[{"@type":"SearchAction","target":{"@type":"EntryPoint","urlTemplate":"https:\/\/gastropedia.pub\/pt\/?s={search_term_string}"},"query-input":{"@type":"PropertyValueSpecification","valueRequired":true,"valueName":"search_term_string"}}],"inLanguage":"pt-BR"}]}},"_links":{"self":[{"href":"https:\/\/gastropedia.pub\/pt\/wp-json\/wp\/v2\/pages\/6374","targetHints":{"allow":["GET"]}}],"collection":[{"href":"https:\/\/gastropedia.pub\/pt\/wp-json\/wp\/v2\/pages"}],"about":[{"href":"https:\/\/gastropedia.pub\/pt\/wp-json\/wp\/v2\/types\/page"}],"author":[{"embeddable":true,"href":"https:\/\/gastropedia.pub\/pt\/wp-json\/wp\/v2\/users\/1"}],"replies":[{"embeddable":true,"href":"https:\/\/gastropedia.pub\/pt\/wp-json\/wp\/v2\/comments?post=6374"}],"version-history":[{"count":19,"href":"https:\/\/gastropedia.pub\/pt\/wp-json\/wp\/v2\/pages\/6374\/revisions"}],"predecessor-version":[{"id":6398,"href":"https:\/\/gastropedia.pub\/pt\/wp-json\/wp\/v2\/pages\/6374\/revisions\/6398"}],"wp:attachment":[{"href":"https:\/\/gastropedia.pub\/pt\/wp-json\/wp\/v2\/media?parent=6374"}],"curies":[{"name":"wp","href":"https:\/\/api.w.org\/{rel}","templated":true}]}}