{"id":2806,"date":"2022-10-07T17:09:29","date_gmt":"2022-10-07T20:09:29","guid":{"rendered":"https:\/\/gastropedia.pub\/pt\/?page_id=2806"},"modified":"2022-11-16T15:20:35","modified_gmt":"2022-11-16T18:20:35","slug":"termo-de-consentimento","status":"publish","type":"page","link":"https:\/\/gastropedia.pub\/pt\/termo-de-consentimento\/","title":{"rendered":"Termo de Consentimento"},"content":{"rendered":"\t\t<div data-elementor-type=\"wp-page\" data-elementor-id=\"2806\" class=\"elementor elementor-2806\">\n\t\t\t\t\t\t<section class=\"penci-section penci-disSticky penci-structure-10 elementor-section elementor-top-section elementor-element elementor-element-fa12b28 elementor-section-boxed elementor-section-height-default elementor-section-height-default\" data-id=\"fa12b28\" data-element_type=\"section\" data-e-type=\"section\">\n\t\t\t\t\t\t<div class=\"elementor-container elementor-column-gap-default\">\n\t\t\t\t\t<div class=\"penci-ercol-100 penci-ercol-order-1 penci-sticky-ct    elementor-column elementor-col-100 elementor-top-column elementor-element elementor-element-21c5fbc\" data-id=\"21c5fbc\" data-element_type=\"column\" data-e-type=\"column\">\n\t\t\t<div class=\"elementor-widget-wrap elementor-element-populated\">\n\t\t\t\t\t\t<div class=\"elementor-element elementor-element-120260c elementor-widget elementor-widget-text-editor\" data-id=\"120260c\" data-element_type=\"widget\" data-e-type=\"widget\" data-widget_type=\"text-editor.default\">\n\t\t\t\t<div class=\"elementor-widget-container\">\n\t\t\t\t\t\t\t\t\t<p>Quando voc\u00ea utiliza o nosso site, nos comprometemos a manter a seguran\u00e7a dos seus dados e informa\u00e7\u00f5es.<\/p>\n<p>Assim, este Termo de Consentimento visa registrar a sua manifesta\u00e7\u00e3o livre, informada e inequ\u00edvoca na forma pela qual o GASTROPEDIA ir\u00e1 realizar tratamento dos seus dados pessoais, com finalidade cadastro do usu\u00e1rio no site e envio de newsletters, de acordo com Lei Geral de Prote\u00e7\u00e3o de Dados Pessoais \u2013 LGPD (Lei n\u00ba 13.709\/2018).<\/p>\n<p>O GASTROPEDIA&nbsp;&nbsp;ir\u00e1 manter suas informa\u00e7\u00f5es e dados pessoais at\u00e9 quando forem necess\u00e1rias de acordo com a finalidade descrita ou at\u00e9 que ocorra solicita\u00e7\u00e3o e exclus\u00e3o.<\/p>\n<p>Todos os seus dados coletados pelo GASTROPEDIA&nbsp;&nbsp;s\u00e3o confidenciais. O uso dos dados est\u00e1 de acordo com as normativas legais. Desta forma, iremos investir todos nossos esfor\u00e7os para garantir a seguran\u00e7a das suas informa\u00e7\u00f5es e dados pessoais.<\/p>\n<p>Manteremos os dados e informa\u00e7\u00f5es armazenados no nosso banco de dados, sem acesso ou transfer\u00eancia para terceiros, somente at\u00e9 quando estas forem necess\u00e1rias ou relevantes para as finalidades descritas nesta Pol\u00edtica.<\/p>\n<p>Voc\u00ea \u00e9 dono das suas informa\u00e7\u00f5es e dados pessoais, ent\u00e3o a qualquer momento voc\u00ea poder\u00e1 optar em n\u00e3o divulgar seus dados para o GASTROPEDIA.<\/p>\n<p>A rela\u00e7\u00e3o dos direitos que voc\u00ea tem sob seus dados pessoais pode ser consultado na nossa <a href=\"https:\/\/gastropedia.pub\/pt\/politica-de-privacidade-e-protecao-de-dados\/\" target=\"_blank\" rel=\"noopener\">Pol\u00edtica de Privacidade<\/a>.&nbsp;<\/p>\n<p>Este consentimento poder\u00e1 ser revogado\/cancelado\/modificado por voc\u00ea, a qualquer momento, mediante solicita\u00e7\u00e3o via e-mail: contato@gastropedia.pub<\/p>\n<p>A aceita\u00e7\u00e3o deste Termo de Consentimento ser\u00e1 feita quando voc\u00ea clicar no bot\u00e3o de aceite. Isso indicar\u00e1 que voc\u00ea est\u00e1 ciente e declara o seu CONSENTIMENTO para forma como coletaremos, trataremos e armazenaremos dados sobre voc\u00ea.<\/p>\t\t\t\t\t\t\t\t<\/div>\n\t\t\t\t<\/div>\n\t\t\t\t\t<\/div>\n\t\t<\/div>\n\t\t\t\t\t<\/div>\n\t\t<\/section>\n\t\t\t\t<\/div>\n\t\t","protected":false},"excerpt":{"rendered":"<p>Quando voc\u00ea utiliza o nosso site, nos comprometemos a manter a seguran\u00e7a dos seus dados e informa\u00e7\u00f5es. Assim, este Termo de Consentimento visa registrar a sua manifesta\u00e7\u00e3o livre, informada e&hellip;<\/p>\n","protected":false},"author":1,"featured_media":0,"parent":0,"menu_order":0,"comment_status":"closed","ping_status":"closed","template":"","meta":{"_lmt_disableupdate":"","_lmt_disable":"","footnotes":""},"class_list":["post-2806","page","type-page","status-publish","hentry"],"yoast_head":"<!-- This site is optimized with the Yoast SEO Premium plugin v27.2 (Yoast SEO v27.3) - https:\/\/yoast.com\/product\/yoast-seo-premium-wordpress\/ -->\n<title>Termo de Consentimento - Gastropedia<\/title>\n<meta name=\"robots\" content=\"index, follow, max-snippet:-1, max-image-preview:large, max-video-preview:-1\" \/>\n<link rel=\"canonical\" href=\"https:\/\/gastropedia.pub\/pt\/termo-de-consentimento\/\" \/>\n<meta property=\"og:locale\" content=\"pt_BR\" \/>\n<meta property=\"og:type\" content=\"article\" \/>\n<meta property=\"og:title\" content=\"Termo de Consentimento\" \/>\n<meta property=\"og:description\" content=\"Quando voc\u00ea utiliza o nosso site, nos comprometemos a manter a seguran\u00e7a dos seus dados e informa\u00e7\u00f5es. Assim, este Termo de Consentimento visa registrar a sua manifesta\u00e7\u00e3o livre, informada e&hellip;\" \/>\n<meta property=\"og:url\" content=\"https:\/\/gastropedia.pub\/pt\/termo-de-consentimento\/\" \/>\n<meta property=\"og:site_name\" content=\"Gastropedia\" \/>\n<meta property=\"article:modified_time\" content=\"2022-11-16T18:20:35+00:00\" \/>\n<meta name=\"twitter:card\" content=\"summary_large_image\" \/>\n<meta name=\"twitter:label1\" content=\"Est. tempo de leitura\" \/>\n\t<meta name=\"twitter:data1\" content=\"2 minutos\" \/>\n<script type=\"application\/ld+json\" class=\"yoast-schema-graph\">{\"@context\":\"https:\\\/\\\/schema.org\",\"@graph\":[{\"@type\":\"WebPage\",\"@id\":\"https:\\\/\\\/gastropedia.pub\\\/pt\\\/termo-de-consentimento\\\/\",\"url\":\"https:\\\/\\\/gastropedia.pub\\\/pt\\\/termo-de-consentimento\\\/\",\"name\":\"Termo de Consentimento - Gastropedia\",\"isPartOf\":{\"@id\":\"https:\\\/\\\/gastropedia.pub\\\/pt\\\/#website\"},\"datePublished\":\"2022-10-07T20:09:29+00:00\",\"dateModified\":\"2022-11-16T18:20:35+00:00\",\"breadcrumb\":{\"@id\":\"https:\\\/\\\/gastropedia.pub\\\/pt\\\/termo-de-consentimento\\\/#breadcrumb\"},\"inLanguage\":\"pt-BR\",\"potentialAction\":[{\"@type\":\"ReadAction\",\"target\":[\"https:\\\/\\\/gastropedia.pub\\\/pt\\\/termo-de-consentimento\\\/\"]}]},{\"@type\":\"BreadcrumbList\",\"@id\":\"https:\\\/\\\/gastropedia.pub\\\/pt\\\/termo-de-consentimento\\\/#breadcrumb\",\"itemListElement\":[{\"@type\":\"ListItem\",\"position\":1,\"name\":\"In\u00edcio\",\"item\":\"https:\\\/\\\/gastropedia.pub\\\/pt\\\/\"},{\"@type\":\"ListItem\",\"position\":2,\"name\":\"Termo de Consentimento\"}]},{\"@type\":\"WebSite\",\"@id\":\"https:\\\/\\\/gastropedia.pub\\\/pt\\\/#website\",\"url\":\"https:\\\/\\\/gastropedia.pub\\\/pt\\\/\",\"name\":\"Gastropedia\",\"description\":\"Atualiza\u00e7\u00e3o m\u00e9dica de forma descomplicada para profissionais que trabalham com sa\u00fade do aparelho digestivo.\",\"potentialAction\":[{\"@type\":\"SearchAction\",\"target\":{\"@type\":\"EntryPoint\",\"urlTemplate\":\"https:\\\/\\\/gastropedia.pub\\\/pt\\\/?s={search_term_string}\"},\"query-input\":{\"@type\":\"PropertyValueSpecification\",\"valueRequired\":true,\"valueName\":\"search_term_string\"}}],\"inLanguage\":\"pt-BR\"}]}<\/script>\n<!-- \/ Yoast SEO Premium plugin. -->","yoast_head_json":{"title":"Termo de Consentimento - Gastropedia","robots":{"index":"index","follow":"follow","max-snippet":"max-snippet:-1","max-image-preview":"max-image-preview:large","max-video-preview":"max-video-preview:-1"},"canonical":"https:\/\/gastropedia.pub\/pt\/termo-de-consentimento\/","og_locale":"pt_BR","og_type":"article","og_title":"Termo de Consentimento","og_description":"Quando voc\u00ea utiliza o nosso site, nos comprometemos a manter a seguran\u00e7a dos seus dados e informa\u00e7\u00f5es. Assim, este Termo de Consentimento visa registrar a sua manifesta\u00e7\u00e3o livre, informada e&hellip;","og_url":"https:\/\/gastropedia.pub\/pt\/termo-de-consentimento\/","og_site_name":"Gastropedia","article_modified_time":"2022-11-16T18:20:35+00:00","twitter_card":"summary_large_image","twitter_misc":{"Est. tempo de leitura":"2 minutos"},"schema":{"@context":"https:\/\/schema.org","@graph":[{"@type":"WebPage","@id":"https:\/\/gastropedia.pub\/pt\/termo-de-consentimento\/","url":"https:\/\/gastropedia.pub\/pt\/termo-de-consentimento\/","name":"Termo de Consentimento - Gastropedia","isPartOf":{"@id":"https:\/\/gastropedia.pub\/pt\/#website"},"datePublished":"2022-10-07T20:09:29+00:00","dateModified":"2022-11-16T18:20:35+00:00","breadcrumb":{"@id":"https:\/\/gastropedia.pub\/pt\/termo-de-consentimento\/#breadcrumb"},"inLanguage":"pt-BR","potentialAction":[{"@type":"ReadAction","target":["https:\/\/gastropedia.pub\/pt\/termo-de-consentimento\/"]}]},{"@type":"BreadcrumbList","@id":"https:\/\/gastropedia.pub\/pt\/termo-de-consentimento\/#breadcrumb","itemListElement":[{"@type":"ListItem","position":1,"name":"In\u00edcio","item":"https:\/\/gastropedia.pub\/pt\/"},{"@type":"ListItem","position":2,"name":"Termo de Consentimento"}]},{"@type":"WebSite","@id":"https:\/\/gastropedia.pub\/pt\/#website","url":"https:\/\/gastropedia.pub\/pt\/","name":"Gastropedia","description":"Atualiza\u00e7\u00e3o m\u00e9dica de forma descomplicada para profissionais que trabalham com sa\u00fade do aparelho digestivo.","potentialAction":[{"@type":"SearchAction","target":{"@type":"EntryPoint","urlTemplate":"https:\/\/gastropedia.pub\/pt\/?s={search_term_string}"},"query-input":{"@type":"PropertyValueSpecification","valueRequired":true,"valueName":"search_term_string"}}],"inLanguage":"pt-BR"}]}},"_links":{"self":[{"href":"https:\/\/gastropedia.pub\/pt\/wp-json\/wp\/v2\/pages\/2806","targetHints":{"allow":["GET"]}}],"collection":[{"href":"https:\/\/gastropedia.pub\/pt\/wp-json\/wp\/v2\/pages"}],"about":[{"href":"https:\/\/gastropedia.pub\/pt\/wp-json\/wp\/v2\/types\/page"}],"author":[{"embeddable":true,"href":"https:\/\/gastropedia.pub\/pt\/wp-json\/wp\/v2\/users\/1"}],"replies":[{"embeddable":true,"href":"https:\/\/gastropedia.pub\/pt\/wp-json\/wp\/v2\/comments?post=2806"}],"version-history":[{"count":31,"href":"https:\/\/gastropedia.pub\/pt\/wp-json\/wp\/v2\/pages\/2806\/revisions"}],"predecessor-version":[{"id":3337,"href":"https:\/\/gastropedia.pub\/pt\/wp-json\/wp\/v2\/pages\/2806\/revisions\/3337"}],"wp:attachment":[{"href":"https:\/\/gastropedia.pub\/pt\/wp-json\/wp\/v2\/media?parent=2806"}],"curies":[{"name":"wp","href":"https:\/\/api.w.org\/{rel}","templated":true}]}}