{"id":1661,"date":"2022-09-27T15:06:03","date_gmt":"2022-09-27T18:06:03","guid":{"rendered":"https:\/\/gastropedia.pub\/pt\/?page_id=1661"},"modified":"2023-03-24T11:31:59","modified_gmt":"2023-03-24T14:31:59","slug":"videoteca-cirurgica","status":"publish","type":"page","link":"https:\/\/gastropedia.pub\/pt\/videoteca-cirurgica\/","title":{"rendered":"Videoteca Cirurgica"},"content":{"rendered":"\t\t<div data-elementor-type=\"wp-page\" data-elementor-id=\"1661\" class=\"elementor elementor-1661\">\n\t\t\t\t\t\t<section class=\"penci-section penci-disSticky penci-structure-10 elementor-section elementor-top-section elementor-element elementor-element-4d4e272 elementor-section-boxed elementor-section-height-default elementor-section-height-default\" data-id=\"4d4e272\" data-element_type=\"section\" data-e-type=\"section\">\n\t\t\t\t\t\t<div class=\"elementor-container elementor-column-gap-default\">\n\t\t\t\t\t<div class=\"penci-ercol-100 penci-ercol-order-1 penci-sticky-ct    elementor-column elementor-col-100 elementor-top-column elementor-element elementor-element-ae916e3\" data-id=\"ae916e3\" data-element_type=\"column\" data-e-type=\"column\">\n\t\t\t<div class=\"elementor-widget-wrap elementor-element-populated\">\n\t\t\t\t\t\t<div class=\"elementor-element elementor-element-92dea16 elementor-widget elementor-widget-penci-latest-posts\" data-id=\"92dea16\" data-element_type=\"widget\" data-e-type=\"widget\" data-widget_type=\"penci-latest-posts.default\">\n\t\t\t\t<div class=\"elementor-widget-container\">\n\t\t\t\t\t                <div id=\"pencilatest_posts_37329\" class=\"penci-latest-posts-sc penci-latest-posts-grid penci-latest-posts-el penci-el-mixed-s1 penci-std-continue-center penci-std-excerpt-center penci-grid-excerpt-left\">\n\t\t\t\t\t\t\t\t\t\t\t                        <div class=\"penci-border-arrow penci-homepage-title penci-home-latest-posts style-14 pcalign-left pciconp-right pcicon-right\">\n                            <h3 class=\"inner-arrow\">\n                                <span>\n\t\t\t\t\t\t\t\t<span>\u00daltimos V\u00eddeos<\/span>                                <\/span>\n                            <\/h3>\n\t\t\t\t\t\t\t                        <\/div>\n\t\t\t\t\t                    <div class=\"penci-wrapper-posts-ajax\">\n\n                        <div class=\"penci-wrapper-posts-content pwid-default\">\n\n\t\t\t\t\t\t\t\t\t\t\t\t\t\t\t                                <ul data-cols=\"3\" data-tcols=\"3\" data-mcols=\"2\" data-layout=\"grid\"\n                                    class=\"has-d-cols has-t-cols has-m-cols penci-wrapper-data penci-grid penci-shortcode-render\">\t\t\t\t\t\t\t\t\t\t\t\t\t\t\t\t\t\t\t\t\t\t\t\t\t\t\t\t\t<li class=\"grid-style\">\n    <article id=\"post-5466\" class=\"item hentry\">\n\t\t            <div class=\"thumbnail\">\n\t\t\t\t\t\t\t\t                    <a class=\"penci-image-holder penci-lazy\"\n                       data-bgset=\"https:\/\/gastropedia.pub\/pt\/wp-content\/uploads\/2023\/04\/YR-585x360.jpg\"\n                       href=\"https:\/\/gastropedia.pub\/pt\/video\/reconstrucao-a-y-de-roux\/\" title=\"Reconstru\u00e7\u00e3o a Y de Roux\">\n                    <\/a>\n\t\t\t\t\n\t\t\t\t\t\t\t\t\t\t\t\t\t\t\t\t\t\t\t\t\t\t\t\t\t\t\t\t\t\t\t\t\t            <\/div>\n\t\t\n        <div class=\"grid-header-box\">\n\t\t\t\n            <h2 class=\"penci-entry-title entry-title grid-title penci_grid_title_df\"><a\n                        href=\"https:\/\/gastropedia.pub\/pt\/video\/reconstrucao-a-y-de-roux\/\">Reconstru\u00e7\u00e3o a Y de Roux<\/a>\n            <\/h2>\n\t\t\t\t\t\t\t\t<div class=\"penci-hide-tagupdated\">\n\t\t\t<span class=\"author-italic author vcard\">por \t\t\t\t\t\t\t\t\t\t<a class=\"author-url url fn n\" href=\"https:\/\/gastropedia.pub\/pt\/author\/bruno\/\">Bruno Martins<\/a>\t\t\t\t\t\t\t\t\t<\/span>\n\t\t\t<time class=\"entry-date published\" datetime=\"2023-05-01T07:57:00-03:00\">1 maio 2023<\/time>\t\t<\/div>\n\t\t\t\t\t\t                <div class=\"grid-post-box-meta\">\n\t\t\t\t\t\t\t\t\t\t\t\t\t\t\t                        <span class=\"otherl-date\"><time class=\"entry-date published\" datetime=\"2023-05-01T07:57:00-03:00\">1 maio 2023<\/time><\/span>\n\t\t\t\t\t\t\t\t\t\t\t\t\t\t\t\t\t\t\t\t\t\t\t\t\t\t\t\t\t\t                <\/div>\n\t\t\t        <\/div>\n\n\t\t\n\t\t\n\t\t    <\/article>\n<\/li>\n<li class=\"grid-style\">\n    <article id=\"post-5465\" class=\"item hentry\">\n\t\t            <div class=\"thumbnail\">\n\t\t\t\t\t\t\t\t                    <a class=\"penci-image-holder penci-lazy\"\n                       data-bgset=\"https:\/\/gastropedia.pub\/pt\/wp-content\/uploads\/2023\/04\/BII-585x360.jpg\"\n                       href=\"https:\/\/gastropedia.pub\/pt\/video\/reconstrucao-a-billroth-ii\/\" title=\"Reconstru\u00e7\u00e3o a Billroth II\">\n                    <\/a>\n\t\t\t\t\n\t\t\t\t\t\t\t\t\t\t\t\t\t\t\t\t\t\t\t\t\t\t\t\t\t\t\t\t\t\t\t\t\t            <\/div>\n\t\t\n        <div class=\"grid-header-box\">\n\t\t\t\n            <h2 class=\"penci-entry-title entry-title grid-title penci_grid_title_df\"><a\n                        href=\"https:\/\/gastropedia.pub\/pt\/video\/reconstrucao-a-billroth-ii\/\">Reconstru\u00e7\u00e3o a Billroth II<\/a>\n            <\/h2>\n\t\t\t\t\t\t\t\t<div class=\"penci-hide-tagupdated\">\n\t\t\t<span class=\"author-italic author vcard\">por \t\t\t\t\t\t\t\t\t\t<a class=\"author-url url fn n\" href=\"https:\/\/gastropedia.pub\/pt\/author\/bruno\/\">Bruno Martins<\/a>\t\t\t\t\t\t\t\t\t<\/span>\n\t\t\t<time class=\"entry-date published\" datetime=\"2023-04-30T17:55:59-03:00\">30 abril 2023<\/time>\t\t<\/div>\n\t\t\t\t\t\t                <div class=\"grid-post-box-meta\">\n\t\t\t\t\t\t\t\t\t\t\t\t\t\t\t                        <span class=\"otherl-date\"><time class=\"entry-date published\" datetime=\"2023-04-30T17:55:59-03:00\">30 abril 2023<\/time><\/span>\n\t\t\t\t\t\t\t\t\t\t\t\t\t\t\t\t\t\t\t\t\t\t\t\t\t\t\t\t\t\t                <\/div>\n\t\t\t        <\/div>\n\n\t\t\n\t\t\n\t\t    <\/article>\n<\/li>\n<li class=\"grid-style\">\n    <article id=\"post-3456\" class=\"item hentry\">\n\t\t            <div class=\"thumbnail\">\n\t\t\t\t\t\t\t\t                    <a class=\"penci-image-holder penci-lazy\"\n                       data-bgset=\"https:\/\/gastropedia.pub\/pt\/wp-content\/uploads\/2022\/11\/hernia-inguinal-1-585x360.png\"\n                       href=\"https:\/\/gastropedia.pub\/pt\/video\/hernia-inguinal-encarcerada\/\" title=\"H\u00e9rnia Inguinal Encarcerada\">\n                    <\/a>\n\t\t\t\t\n\t\t\t\t\t\t\t\t\t\t\t\t\t\t\t\t\t\t\t\t\t\t\t\t\t\t\t\t\t\t\t\t\t            <\/div>\n\t\t\n        <div class=\"grid-header-box\">\n\t\t\t\n            <h2 class=\"penci-entry-title entry-title grid-title penci_grid_title_df\"><a\n                        href=\"https:\/\/gastropedia.pub\/pt\/video\/hernia-inguinal-encarcerada\/\">H\u00e9rnia Inguinal Encarcerada<\/a>\n            <\/h2>\n\t\t\t\t\t\t\t\t<div class=\"penci-hide-tagupdated\">\n\t\t\t<span class=\"author-italic author vcard\">por \t\t\t\t\t\t\t\t\t\t<a class=\"author-url url fn n\" href=\"https:\/\/gastropedia.pub\/pt\/author\/asdyshew2232ysaskd\/\">asdYShew2232ys@askd<\/a>\t\t\t\t\t\t\t\t\t<\/span>\n\t\t\t<time class=\"entry-date published\" datetime=\"2022-11-28T11:16:02-03:00\">28 novembro 2022<\/time>\t\t<\/div>\n\t\t\t\t\t\t                <div class=\"grid-post-box-meta\">\n\t\t\t\t\t\t\t\t\t\t\t\t\t\t\t                        <span class=\"otherl-date\"><time class=\"entry-date published\" datetime=\"2022-11-28T11:16:02-03:00\">28 novembro 2022<\/time><\/span>\n\t\t\t\t\t\t\t\t\t\t\t\t\t\t\t\t\t\t\t\t\t\t\t\t\t\t\t\t\t\t                <\/div>\n\t\t\t        <\/div>\n\n\t\t\n\t\t\n\t\t    <\/article>\n<\/li>\n<li class=\"grid-style\">\n    <article id=\"post-3453\" class=\"item hentry\">\n\t\t            <div class=\"thumbnail\">\n\t\t\t\t\t\t\t\t                    <a class=\"penci-image-holder penci-lazy\"\n                       data-bgset=\"https:\/\/gastropedia.pub\/pt\/wp-content\/uploads\/2022\/11\/ladd-1-585x360.png\"\n                       href=\"https:\/\/gastropedia.pub\/pt\/video\/cirurgia-de-ladd-para-correcao-de-ma-rotacao-intestinal\/\" title=\"Cirurgia de Ladd para corre\u00e7\u00e3o de m\u00e1-rota\u00e7\u00e3o intestinal\">\n                    <\/a>\n\t\t\t\t\n\t\t\t\t\t\t\t\t\t\t\t\t\t\t\t\t\t\t\t\t\t\t\t\t\t\t\t\t\t\t\t\t\t            <\/div>\n\t\t\n        <div class=\"grid-header-box\">\n\t\t\t\n            <h2 class=\"penci-entry-title entry-title grid-title penci_grid_title_df\"><a\n                        href=\"https:\/\/gastropedia.pub\/pt\/video\/cirurgia-de-ladd-para-correcao-de-ma-rotacao-intestinal\/\">Cirurgia de Ladd para corre\u00e7\u00e3o de m\u00e1-rota\u00e7\u00e3o intestinal<\/a>\n            <\/h2>\n\t\t\t\t\t\t\t\t<div class=\"penci-hide-tagupdated\">\n\t\t\t<span class=\"author-italic author vcard\">por \t\t\t\t\t\t\t\t\t\t<a class=\"author-url url fn n\" href=\"https:\/\/gastropedia.pub\/pt\/author\/asdyshew2232ysaskd\/\">asdYShew2232ys@askd<\/a>\t\t\t\t\t\t\t\t\t<\/span>\n\t\t\t<time class=\"entry-date published\" datetime=\"2022-11-24T16:48:23-03:00\">24 novembro 2022<\/time>\t\t<\/div>\n\t\t\t\t\t\t                <div class=\"grid-post-box-meta\">\n\t\t\t\t\t\t\t\t\t\t\t\t\t\t\t                        <span class=\"otherl-date\"><time class=\"entry-date published\" datetime=\"2022-11-24T16:48:23-03:00\">24 novembro 2022<\/time><\/span>\n\t\t\t\t\t\t\t\t\t\t\t\t\t\t\t\t\t\t\t\t\t\t\t\t\t\t\t\t\t\t                <\/div>\n\t\t\t        <\/div>\n\n\t\t\n\t\t\n\t\t    <\/article>\n<\/li>\n<li class=\"grid-style\">\n    <article id=\"post-3452\" class=\"item hentry\">\n\t\t            <div class=\"thumbnail\">\n\t\t\t\t\t\t\t\t                    <a class=\"penci-image-holder penci-lazy\"\n                       data-bgset=\"https:\/\/gastropedia.pub\/pt\/wp-content\/uploads\/2022\/11\/D2-585x360.png\"\n                       href=\"https:\/\/gastropedia.pub\/pt\/video\/linfadenectomia-d2-vlp-de-acordo-com-o-protocolo-coreano-klass-ii\/\" title=\"Linfadenectomia D2 VLP de acordo com o protocolo Coreano \u2013 Klass II\">\n                    <\/a>\n\t\t\t\t\n\t\t\t\t\t\t\t\t\t\t\t\t\t\t\t\t\t\t\t\t\t\t\t\t\t\t\t\t\t\t\t\t\t            <\/div>\n\t\t\n        <div class=\"grid-header-box\">\n\t\t\t\n            <h2 class=\"penci-entry-title entry-title grid-title penci_grid_title_df\"><a\n                        href=\"https:\/\/gastropedia.pub\/pt\/video\/linfadenectomia-d2-vlp-de-acordo-com-o-protocolo-coreano-klass-ii\/\">Linfadenectomia D2 VLP de acordo com o protocolo Coreano \u2013 Klass II<\/a>\n            <\/h2>\n\t\t\t\t\t\t\t\t<div class=\"penci-hide-tagupdated\">\n\t\t\t<span class=\"author-italic author vcard\">por \t\t\t\t\t\t\t\t\t\t<a class=\"author-url url fn n\" href=\"https:\/\/gastropedia.pub\/pt\/author\/asdyshew2232ysaskd\/\">asdYShew2232ys@askd<\/a>\t\t\t\t\t\t\t\t\t<\/span>\n\t\t\t<time class=\"entry-date published\" datetime=\"2022-11-24T16:47:22-03:00\">24 novembro 2022<\/time>\t\t<\/div>\n\t\t\t\t\t\t                <div class=\"grid-post-box-meta\">\n\t\t\t\t\t\t\t\t\t\t\t\t\t\t\t                        <span class=\"otherl-date\"><time class=\"entry-date published\" datetime=\"2022-11-24T16:47:22-03:00\">24 novembro 2022<\/time><\/span>\n\t\t\t\t\t\t\t\t\t\t\t\t\t\t\t\t\t\t\t\t\t\t\t\t\t\t\t\t\t\t                <\/div>\n\t\t\t        <\/div>\n\n\t\t\n\t\t\n\t\t    <\/article>\n<\/li>\n<li class=\"grid-style\">\n    <article id=\"post-3451\" class=\"item hentry\">\n\t\t            <div class=\"thumbnail\">\n\t\t\t\t\t\t\t\t                    <a class=\"penci-image-holder penci-lazy\"\n                       data-bgset=\"https:\/\/gastropedia.pub\/pt\/wp-content\/uploads\/2022\/11\/hernia-trocarte-585x360.png\"\n                       href=\"https:\/\/gastropedia.pub\/pt\/video\/hernia-encarcerada-no-local-de-insercao-do-trocarte-de-laparoscopia\/\" title=\"H\u00e9rnia Encarcerada no Local de Inser\u00e7\u00e3o do Trocarte de Laparoscopia\">\n                    <\/a>\n\t\t\t\t\n\t\t\t\t\t\t\t\t\t\t\t\t\t\t\t\t\t\t\t\t\t\t\t\t\t\t\t\t\t\t\t\t\t            <\/div>\n\t\t\n        <div class=\"grid-header-box\">\n\t\t\t\n            <h2 class=\"penci-entry-title entry-title grid-title penci_grid_title_df\"><a\n                        href=\"https:\/\/gastropedia.pub\/pt\/video\/hernia-encarcerada-no-local-de-insercao-do-trocarte-de-laparoscopia\/\">H\u00e9rnia Encarcerada no Local de Inser\u00e7\u00e3o do Trocarte de Laparoscopia<\/a>\n            <\/h2>\n\t\t\t\t\t\t\t\t<div class=\"penci-hide-tagupdated\">\n\t\t\t<span class=\"author-italic author vcard\">por \t\t\t\t\t\t\t\t\t\t<a class=\"author-url url fn n\" href=\"https:\/\/gastropedia.pub\/pt\/author\/asdyshew2232ysaskd\/\">asdYShew2232ys@askd<\/a>\t\t\t\t\t\t\t\t\t<\/span>\n\t\t\t<time class=\"entry-date published\" datetime=\"2022-11-24T16:45:32-03:00\">24 novembro 2022<\/time>\t\t<\/div>\n\t\t\t\t\t\t                <div class=\"grid-post-box-meta\">\n\t\t\t\t\t\t\t\t\t\t\t\t\t\t\t                        <span class=\"otherl-date\"><time class=\"entry-date published\" datetime=\"2022-11-24T16:45:32-03:00\">24 novembro 2022<\/time><\/span>\n\t\t\t\t\t\t\t\t\t\t\t\t\t\t\t\t\t\t\t\t\t\t\t\t\t\t\t\t\t\t                <\/div>\n\t\t\t        <\/div>\n\n\t\t\n\t\t\n\t\t    <\/article>\n<\/li>\n<li class=\"grid-style\">\n    <article id=\"post-3445\" class=\"item hentry\">\n\t\t            <div class=\"thumbnail\">\n\t\t\t\t\t\t\t\t                    <a class=\"penci-image-holder penci-lazy\"\n                       data-bgset=\"https:\/\/gastropedia.pub\/pt\/wp-content\/uploads\/2022\/11\/apedicite-585x360.png\"\n                       href=\"https:\/\/gastropedia.pub\/pt\/video\/tratamento-videolaparoscopico-da-apendicite-aguda-complicada\/\" title=\"Tratamento Laparosc\u00f3pico da Apendicite Aguda Complicada\">\n                    <\/a>\n\t\t\t\t\n\t\t\t\t\t\t\t\t\t\t\t\t\t\t\t\t\t\t\t\t\t\t\t\t\t\t\t\t\t\t\t\t\t            <\/div>\n\t\t\n        <div class=\"grid-header-box\">\n\t\t\t\n            <h2 class=\"penci-entry-title entry-title grid-title penci_grid_title_df\"><a\n                        href=\"https:\/\/gastropedia.pub\/pt\/video\/tratamento-videolaparoscopico-da-apendicite-aguda-complicada\/\">Tratamento Laparosc\u00f3pico da Apendicite Aguda Complicada<\/a>\n            <\/h2>\n\t\t\t\t\t\t\t\t<div class=\"penci-hide-tagupdated\">\n\t\t\t<span class=\"author-italic author vcard\">por \t\t\t\t\t\t\t\t\t\t<a class=\"author-url url fn n\" href=\"https:\/\/gastropedia.pub\/pt\/author\/asdyshew2232ysaskd\/\">asdYShew2232ys@askd<\/a>\t\t\t\t\t\t\t\t\t<\/span>\n\t\t\t<time class=\"entry-date published\" datetime=\"2022-11-24T16:41:55-03:00\">24 novembro 2022<\/time>\t\t<\/div>\n\t\t\t\t\t\t                <div class=\"grid-post-box-meta\">\n\t\t\t\t\t\t\t\t\t\t\t\t\t\t\t                        <span class=\"otherl-date\"><time class=\"entry-date published\" datetime=\"2022-11-24T16:41:55-03:00\">24 novembro 2022<\/time><\/span>\n\t\t\t\t\t\t\t\t\t\t\t\t\t\t\t\t\t\t\t\t\t\t\t\t\t\t\t\t\t\t                <\/div>\n\t\t\t        <\/div>\n\n\t\t\n\t\t\n\t\t    <\/article>\n<\/li>\n\n\t\t\t\t\t\t\t\t\t\t\t\t\t\t\t\t\t\t\t\t\t\t\t\t\t\t\t\t<\/ul>\n\t\t\t\t\t\t\t\t\t\t\t\t\t\t\t\t\t\t\t\t\t                        <\/div>\n\n\t\t\t\t\t\t                    <\/div>\n                <\/div>\n\t\t\t            <style>\n                                                                                                                                                                            <\/style>\n\t\t\t\t\t\t\t<\/div>\n\t\t\t\t<\/div>\n\t\t\t\t\t<\/div>\n\t\t<\/div>\n\t\t\t\t\t<\/div>\n\t\t<\/section>\n\t\t\t\t<\/div>\n\t\t","protected":false},"excerpt":{"rendered":"<p>This message appears for administrator users only Latest PostsNo Post Found!<\/p>\n","protected":false},"author":1,"featured_media":0,"parent":0,"menu_order":0,"comment_status":"closed","ping_status":"closed","template":"","meta":{"_lmt_disableupdate":"","_lmt_disable":"","footnotes":""},"class_list":["post-1661","page","type-page","status-publish","hentry"],"yoast_head":"<!-- This site is optimized with the Yoast SEO Premium plugin v27.2 (Yoast SEO v27.3) - https:\/\/yoast.com\/product\/yoast-seo-premium-wordpress\/ -->\n<title>Videoteca Cirurgica - Gastropedia<\/title>\n<meta name=\"robots\" content=\"index, follow, max-snippet:-1, max-image-preview:large, max-video-preview:-1\" \/>\n<link rel=\"canonical\" href=\"https:\/\/gastropedia.pub\/pt\/videoteca-cirurgica\/\" \/>\n<meta property=\"og:locale\" content=\"pt_BR\" \/>\n<meta property=\"og:type\" content=\"article\" \/>\n<meta property=\"og:title\" content=\"Videoteca Cirurgica\" \/>\n<meta property=\"og:description\" content=\"This message appears for administrator users only Latest PostsNo Post Found!\" \/>\n<meta property=\"og:url\" content=\"https:\/\/gastropedia.pub\/pt\/videoteca-cirurgica\/\" \/>\n<meta property=\"og:site_name\" content=\"Gastropedia\" \/>\n<meta property=\"article:modified_time\" content=\"2023-03-24T14:31:59+00:00\" \/>\n<meta name=\"twitter:card\" content=\"summary_large_image\" \/>\n<script type=\"application\/ld+json\" class=\"yoast-schema-graph\">{\"@context\":\"https:\\\/\\\/schema.org\",\"@graph\":[{\"@type\":\"WebPage\",\"@id\":\"https:\\\/\\\/gastropedia.pub\\\/pt\\\/videoteca-cirurgica\\\/\",\"url\":\"https:\\\/\\\/gastropedia.pub\\\/pt\\\/videoteca-cirurgica\\\/\",\"name\":\"Videoteca Cirurgica - Gastropedia\",\"isPartOf\":{\"@id\":\"https:\\\/\\\/gastropedia.pub\\\/pt\\\/#website\"},\"datePublished\":\"2022-09-27T18:06:03+00:00\",\"dateModified\":\"2023-03-24T14:31:59+00:00\",\"breadcrumb\":{\"@id\":\"https:\\\/\\\/gastropedia.pub\\\/pt\\\/videoteca-cirurgica\\\/#breadcrumb\"},\"inLanguage\":\"pt-BR\",\"potentialAction\":[{\"@type\":\"ReadAction\",\"target\":[\"https:\\\/\\\/gastropedia.pub\\\/pt\\\/videoteca-cirurgica\\\/\"]}]},{\"@type\":\"BreadcrumbList\",\"@id\":\"https:\\\/\\\/gastropedia.pub\\\/pt\\\/videoteca-cirurgica\\\/#breadcrumb\",\"itemListElement\":[{\"@type\":\"ListItem\",\"position\":1,\"name\":\"In\u00edcio\",\"item\":\"https:\\\/\\\/gastropedia.pub\\\/pt\\\/\"},{\"@type\":\"ListItem\",\"position\":2,\"name\":\"Videoteca Cirurgica\"}]},{\"@type\":\"WebSite\",\"@id\":\"https:\\\/\\\/gastropedia.pub\\\/pt\\\/#website\",\"url\":\"https:\\\/\\\/gastropedia.pub\\\/pt\\\/\",\"name\":\"Gastropedia\",\"description\":\"Atualiza\u00e7\u00e3o m\u00e9dica de forma descomplicada para profissionais que trabalham com sa\u00fade do aparelho digestivo.\",\"potentialAction\":[{\"@type\":\"SearchAction\",\"target\":{\"@type\":\"EntryPoint\",\"urlTemplate\":\"https:\\\/\\\/gastropedia.pub\\\/pt\\\/?s={search_term_string}\"},\"query-input\":{\"@type\":\"PropertyValueSpecification\",\"valueRequired\":true,\"valueName\":\"search_term_string\"}}],\"inLanguage\":\"pt-BR\"}]}<\/script>\n<!-- \/ Yoast SEO Premium plugin. -->","yoast_head_json":{"title":"Videoteca Cirurgica - Gastropedia","robots":{"index":"index","follow":"follow","max-snippet":"max-snippet:-1","max-image-preview":"max-image-preview:large","max-video-preview":"max-video-preview:-1"},"canonical":"https:\/\/gastropedia.pub\/pt\/videoteca-cirurgica\/","og_locale":"pt_BR","og_type":"article","og_title":"Videoteca Cirurgica","og_description":"This message appears for administrator users only Latest PostsNo Post Found!","og_url":"https:\/\/gastropedia.pub\/pt\/videoteca-cirurgica\/","og_site_name":"Gastropedia","article_modified_time":"2023-03-24T14:31:59+00:00","twitter_card":"summary_large_image","schema":{"@context":"https:\/\/schema.org","@graph":[{"@type":"WebPage","@id":"https:\/\/gastropedia.pub\/pt\/videoteca-cirurgica\/","url":"https:\/\/gastropedia.pub\/pt\/videoteca-cirurgica\/","name":"Videoteca Cirurgica - Gastropedia","isPartOf":{"@id":"https:\/\/gastropedia.pub\/pt\/#website"},"datePublished":"2022-09-27T18:06:03+00:00","dateModified":"2023-03-24T14:31:59+00:00","breadcrumb":{"@id":"https:\/\/gastropedia.pub\/pt\/videoteca-cirurgica\/#breadcrumb"},"inLanguage":"pt-BR","potentialAction":[{"@type":"ReadAction","target":["https:\/\/gastropedia.pub\/pt\/videoteca-cirurgica\/"]}]},{"@type":"BreadcrumbList","@id":"https:\/\/gastropedia.pub\/pt\/videoteca-cirurgica\/#breadcrumb","itemListElement":[{"@type":"ListItem","position":1,"name":"In\u00edcio","item":"https:\/\/gastropedia.pub\/pt\/"},{"@type":"ListItem","position":2,"name":"Videoteca Cirurgica"}]},{"@type":"WebSite","@id":"https:\/\/gastropedia.pub\/pt\/#website","url":"https:\/\/gastropedia.pub\/pt\/","name":"Gastropedia","description":"Atualiza\u00e7\u00e3o m\u00e9dica de forma descomplicada para profissionais que trabalham com sa\u00fade do aparelho digestivo.","potentialAction":[{"@type":"SearchAction","target":{"@type":"EntryPoint","urlTemplate":"https:\/\/gastropedia.pub\/pt\/?s={search_term_string}"},"query-input":{"@type":"PropertyValueSpecification","valueRequired":true,"valueName":"search_term_string"}}],"inLanguage":"pt-BR"}]}},"_links":{"self":[{"href":"https:\/\/gastropedia.pub\/pt\/wp-json\/wp\/v2\/pages\/1661","targetHints":{"allow":["GET"]}}],"collection":[{"href":"https:\/\/gastropedia.pub\/pt\/wp-json\/wp\/v2\/pages"}],"about":[{"href":"https:\/\/gastropedia.pub\/pt\/wp-json\/wp\/v2\/types\/page"}],"author":[{"embeddable":true,"href":"https:\/\/gastropedia.pub\/pt\/wp-json\/wp\/v2\/users\/1"}],"replies":[{"embeddable":true,"href":"https:\/\/gastropedia.pub\/pt\/wp-json\/wp\/v2\/comments?post=1661"}],"version-history":[{"count":6,"href":"https:\/\/gastropedia.pub\/pt\/wp-json\/wp\/v2\/pages\/1661\/revisions"}],"predecessor-version":[{"id":5226,"href":"https:\/\/gastropedia.pub\/pt\/wp-json\/wp\/v2\/pages\/1661\/revisions\/5226"}],"wp:attachment":[{"href":"https:\/\/gastropedia.pub\/pt\/wp-json\/wp\/v2\/media?parent=1661"}],"curies":[{"name":"wp","href":"https:\/\/api.w.org\/{rel}","templated":true}]}}