{"id":1470,"date":"2022-09-23T09:44:00","date_gmt":"2022-09-23T12:44:00","guid":{"rendered":"https:\/\/gastropedia.pub\/pt\/?page_id=1470"},"modified":"2022-09-23T09:44:32","modified_gmt":"2022-09-23T12:44:32","slug":"miscelanea","status":"publish","type":"page","link":"https:\/\/gastropedia.pub\/pt\/gastrocirurgia\/miscelanea\/","title":{"rendered":"Miscel\u00e2nea"},"content":{"rendered":"<div class=\"pdfprnt-buttons pdfprnt-buttons-post pdfprnt-top-right\"><a href=\"https:\/\/gastropedia.pub\/pt\/wp-json\/wp\/v2\/pages\/1470?print=pdf\" class=\"pdfprnt-button pdfprnt-button-pdf\" target=\"_blank\" ><img decoding=\"async\" src=\"https:\/\/gastropedia.pub\/pt\/wp-content\/plugins\/pdf-print\/images\/pdf.png\" alt=\"image_pdf\" title=\"Ver PDF\" \/><\/a><a href=\"https:\/\/gastropedia.pub\/pt\/wp-json\/wp\/v2\/pages\/1470?print=print\" class=\"pdfprnt-button pdfprnt-button-print\" target=\"_blank\" ><img decoding=\"async\" src=\"https:\/\/gastropedia.pub\/pt\/wp-content\/plugins\/pdf-print\/images\/print.png\" alt=\"image_print\" title=\"Conte\u00fado de impress\u00e3o\" \/><\/a><\/div>\t\t<div data-elementor-type=\"wp-page\" data-elementor-id=\"1470\" class=\"elementor elementor-1470\">\n\t\t\t\t\t\t<section class=\"penci-section penci-disSticky penci-structure-10 elementor-section elementor-top-section elementor-element elementor-element-e6f978b elementor-section-boxed elementor-section-height-default elementor-section-height-default\" data-id=\"e6f978b\" data-element_type=\"section\" data-e-type=\"section\">\n\t\t\t\t\t\t<div class=\"elementor-container elementor-column-gap-default\">\n\t\t\t\t\t<div class=\"penci-ercol-100 penci-ercol-order-1 penci-sticky-ct    elementor-column elementor-col-100 elementor-top-column elementor-element elementor-element-a3eca14\" data-id=\"a3eca14\" data-element_type=\"column\" data-e-type=\"column\">\n\t\t\t<div class=\"elementor-widget-wrap elementor-element-populated\">\n\t\t\t\t\t\t<div class=\"elementor-element elementor-element-25cbc09 elementor-widget elementor-widget-penci-latest-posts\" data-id=\"25cbc09\" data-element_type=\"widget\" data-e-type=\"widget\" data-widget_type=\"penci-latest-posts.default\">\n\t\t\t\t<div class=\"elementor-widget-container\">\n\t\t\t\t\t                <div id=\"pencilatest_posts_23082\" class=\"penci-latest-posts-sc penci-latest-posts-grid penci-latest-posts-el penci-el-mixed-s1 penci-latest-posts-left penci-std-continue-center penci-std-excerpt-center penci-grid-excerpt-left\">\n\t\t\t\t\t\t\t\t\t\t\t                        <div class=\"penci-border-arrow penci-homepage-title penci-home-latest-posts style-14 pcalign-left pciconp-right pcicon-right\">\n                            <h3 class=\"inner-arrow\">\n                                <span>\n\t\t\t\t\t\t\t\t<span>\u00daLTIMOS ARTIGOS<\/span>                                <\/span>\n                            <\/h3>\n\t\t\t\t\t\t\t                        <\/div>\n\t\t\t\t\t                    <div class=\"penci-wrapper-posts-ajax\">\n\n                        <div class=\"penci-wrapper-posts-content pwid-default\">\n\n\t\t\t\t\t\t\t\t\t\t\t\t\t\t\t                                <ul data-cols=\"3\" data-tcols=\"3\" data-mcols=\"2\" data-layout=\"grid\"\n                                    class=\"has-d-cols has-t-cols has-m-cols penci-wrapper-data penci-grid penci-shortcode-render\">\t\t\t\t\t\t\t\t\t\t\t\t\t\t\t\t\t\t\t\t\t\t\t\t\t\t\t\t\t<li class=\"grid-style\">\n    <article id=\"post-11082\" class=\"item hentry\">\n\t\t            <div class=\"thumbnail\">\n\t\t\t\t\t\t\t\t                    <a class=\"penci-image-holder penci-lazy\"\n                       data-bgset=\"https:\/\/gastropedia.pub\/pt\/wp-content\/uploads\/2026\/04\/CAPA-CIRURGIA-585x390.jpeg?v=1775071223\"\n                       href=\"https:\/\/gastropedia.pub\/pt\/cirurgia\/mais-experiencia-melhores-resultados-quando-buscar-hospitais-ou-cirurgioes-de-alto-volume-cirurgico\/\" title=\"Mais experi\u00eancia, melhores resultados? Quando buscar Hospitais ou Cirurgi\u00f5es de alto volume cir\u00fargico\">\n                    <\/a>\n\t\t\t\t\n\t\t\t\t\t\t\t\t\t\t\t\t\t\t\t\t\t\t\t\t\t\t\t\t\t\t\t\t\t\t\t\t\t            <\/div>\n\t\t\n        <div class=\"grid-header-box\">\n\t\t\t                <span class=\"cat\"><a style=\"\" class=\"penci-cat-name penci-cat-24\" href=\"https:\/\/gastropedia.pub\/pt\/category\/cirurgia\/\"  rel=\"category tag\"><span style=\"\">Cirurgia<\/span><\/a><a style=\"\" class=\"penci-cat-name penci-cat-29\" href=\"https:\/\/gastropedia.pub\/pt\/category\/cirurgia\/miscelanea\/\"  rel=\"category tag\"><span style=\"\">Miscel\u00e2nea<\/span><\/a><\/span>\n\t\t\t\n            <h2 class=\"penci-entry-title entry-title grid-title penci_grid_title_df\"><a\n                        href=\"https:\/\/gastropedia.pub\/pt\/cirurgia\/mais-experiencia-melhores-resultados-quando-buscar-hospitais-ou-cirurgioes-de-alto-volume-cirurgico\/\">Mais experi\u00eancia, melhores resultados? Quando buscar Hospitais ou Cirurgi\u00f5es de alto volume cir\u00fargico<\/a>\n            <\/h2>\n\t\t\t\t\t\t\t\t<div class=\"penci-hide-tagupdated\">\n\t\t\t<span class=\"author-italic author vcard\">por \t\t\t\t\t\t\t\t\t\t<a class=\"author-url url fn n\" href=\"https:\/\/gastropedia.pub\/pt\/author\/kodama\/\">Marcus Fernando Kodama Pertille Ramos<\/a>\t\t\t\t\t\t\t\t\t<\/span>\n\t\t\t<time class=\"entry-date published\" datetime=\"2026-04-02T06:15:00-03:00\">2 abril 2026<\/time>\t\t<\/div>\n\t\t\t\t\t\t                <div class=\"grid-post-box-meta\">\n\t\t\t\t\t\t\t\t\t\t                        <span class=\"otherl-date-author author-italic author vcard\">por                                 <a class=\"author-url url fn n\" href=\"https:\/\/gastropedia.pub\/pt\/author\/kodama\/\">Marcus Fernando Kodama Pertille Ramos<\/a>\t\t\t\t\t\t\t<\/span>\n\t\t\t\t\t\t\t\t\t\t                        <span class=\"otherl-date\"><time class=\"entry-date published\" datetime=\"2026-04-02T06:15:00-03:00\">2 abril 2026<\/time><\/span>\n\t\t\t\t\t\t\t\t\t\t\t\t\t\t\t\t\t\t\t\t\t\t\t\t\t\t\t\t\t\t                <\/div>\n\t\t\t        <\/div>\n\n\t\t            <div class=\"item-content entry-content\">\n\t\t\t\t<p>Voc\u00ea operaria com algu\u00e9m que realiza determinada cirurgia complexa apenas ocasionalmente? A maioria dos pacientes n\u00e3o faz essa pergunta, mas talvez devesse. O conceito de centraliza\u00e7\u00e3o do tratamento cir\u00fargico do &#8230;<\/p>\n            <\/div>\n\t\t\n\t\t\n\t\t            <div class=\"penci-post-box-meta penci-post-box-grid\">\n                <div class=\"penci-post-share-box\">\n\t\t\t\t\t\t\t\t\t\t                <\/div>\n            <\/div>\n\t\t    <\/article>\n<\/li>\n<li class=\"grid-style\">\n    <article id=\"post-8278\" class=\"item hentry\">\n\t\t            <div class=\"thumbnail\">\n\t\t\t\t\t\t\t\t                    <a class=\"penci-image-holder penci-lazy\"\n                       data-bgset=\"https:\/\/gastropedia.pub\/pt\/wp-content\/uploads\/2024\/05\/CAPA-573x390.jpg?v=1715248408\"\n                       href=\"https:\/\/gastropedia.pub\/pt\/cirurgia\/reconstrucao-de-parede-abdominal-no-paciente-portador-de-hernia-ventral-complexa-os-impactos-do-planejamento-cirurgico\/\" title=\"Reconstru\u00e7\u00e3o de parede abdominal no paciente portador de h\u00e9rnia ventral complexa: os impactos do planejamento cir\u00fargico\">\n                    <\/a>\n\t\t\t\t\n\t\t\t\t\t\t\t\t\t\t\t\t\t\t\t\t\t\t\t\t\t\t\t\t\t\t\t\t\t\t\t\t\t            <\/div>\n\t\t\n        <div class=\"grid-header-box\">\n\t\t\t                <span class=\"cat\"><a style=\"\" class=\"penci-cat-name penci-cat-24\" href=\"https:\/\/gastropedia.pub\/pt\/category\/cirurgia\/\"  rel=\"category tag\"><span style=\"\">Cirurgia<\/span><\/a><a style=\"\" class=\"penci-cat-name penci-cat-29\" href=\"https:\/\/gastropedia.pub\/pt\/category\/cirurgia\/miscelanea\/\"  rel=\"category tag\"><span style=\"\">Miscel\u00e2nea<\/span><\/a><\/span>\n\t\t\t\n            <h2 class=\"penci-entry-title entry-title grid-title penci_grid_title_df\"><a\n                        href=\"https:\/\/gastropedia.pub\/pt\/cirurgia\/reconstrucao-de-parede-abdominal-no-paciente-portador-de-hernia-ventral-complexa-os-impactos-do-planejamento-cirurgico\/\">Reconstru\u00e7\u00e3o de parede abdominal no paciente portador de h\u00e9rnia ventral complexa: os impactos do planejamento cir\u00fargico<\/a>\n            <\/h2>\n\t\t\t\t\t\t\t\t<div class=\"penci-hide-tagupdated\">\n\t\t\t<span class=\"author-italic author vcard\">por \t\t\t\t\t\t\t\t\t\t<a class=\"author-url url fn n\" href=\"https:\/\/gastropedia.pub\/pt\/author\/pamaral\/\">Pedro Amaral<\/a>\t\t\t\t\t\t\t\t\t<\/span>\n\t\t\t<time class=\"entry-date published\" datetime=\"2024-05-09T06:30:00-03:00\">9 maio 2024<\/time>\t\t<\/div>\n\t\t\t\t\t\t                <div class=\"grid-post-box-meta\">\n\t\t\t\t\t\t\t\t\t\t                        <span class=\"otherl-date-author author-italic author vcard\">por                                 <a class=\"author-url url fn n\" href=\"https:\/\/gastropedia.pub\/pt\/author\/pamaral\/\">Pedro Amaral<\/a>\t\t\t\t\t\t\t<\/span>\n\t\t\t\t\t\t\t\t\t\t                        <span class=\"otherl-date\"><time class=\"entry-date published\" datetime=\"2024-05-09T06:30:00-03:00\">9 maio 2024<\/time><\/span>\n\t\t\t\t\t\t\t\t\t\t\t\t\t\t\t\t\t\t\t\t\t\t\t\t\t\t\t\t\t\t                <\/div>\n\t\t\t        <\/div>\n\n\t\t            <div class=\"item-content entry-content\">\n\t\t\t\t<p>Autores: Pedro Amaral, Eduardo Dias, Jessica Macret, Jo\u00e3o Paulo Carvalho, Luca Pivetta, Sergio Roll As h\u00e9rnias da parede abdominal representam um conjunto de doen\u00e7as bastante prevalentes na popula\u00e7\u00e3o. Aproximadamente 27% &#8230;<\/p>\n            <\/div>\n\t\t\n\t\t\n\t\t            <div class=\"penci-post-box-meta penci-post-box-grid\">\n                <div class=\"penci-post-share-box\">\n\t\t\t\t\t\t\t\t\t\t                <\/div>\n            <\/div>\n\t\t    <\/article>\n<\/li>\n<li class=\"grid-style\">\n    <article id=\"post-3170\" class=\"item hentry\">\n\t\t            <div class=\"thumbnail\">\n\t\t\t\t\t\t\t\t                    <a class=\"penci-image-holder penci-lazy\"\n                       data-bgset=\"https:\/\/gastropedia.pub\/pt\/wp-content\/uploads\/2022\/11\/IMAGENS-FISTULA-585x390.png\"\n                       href=\"https:\/\/gastropedia.pub\/pt\/cirurgia\/miscelanea\/as-temidas-deiscencias-de-anastomose-fatores-de-risco-diagnostico-e-tratamento\/\" title=\"As Temidas Deisc\u00eancias de Anastomose. Fatores de Risco, Diagn\u00f3stico e Tratamento\">\n                    <\/a>\n\t\t\t\t\n\t\t\t\t\t\t\t\t\t\t\t\t\t\t\t\t\t\t\t\t\t\t\t\t\t\t\t\t\t\t\t\t\t            <\/div>\n\t\t\n        <div class=\"grid-header-box\">\n\t\t\t                <span class=\"cat\"><a style=\"\" class=\"penci-cat-name penci-cat-24\" href=\"https:\/\/gastropedia.pub\/pt\/category\/cirurgia\/\"  rel=\"category tag\"><span style=\"\">Cirurgia<\/span><\/a><a style=\"\" class=\"penci-cat-name penci-cat-29\" href=\"https:\/\/gastropedia.pub\/pt\/category\/cirurgia\/miscelanea\/\"  rel=\"category tag\"><span style=\"\">Miscel\u00e2nea<\/span><\/a><\/span>\n\t\t\t\n            <h2 class=\"penci-entry-title entry-title grid-title penci_grid_title_df\"><a\n                        href=\"https:\/\/gastropedia.pub\/pt\/cirurgia\/miscelanea\/as-temidas-deiscencias-de-anastomose-fatores-de-risco-diagnostico-e-tratamento\/\">As Temidas Deisc\u00eancias de Anastomose. Fatores de Risco, Diagn\u00f3stico e Tratamento<\/a>\n            <\/h2>\n\t\t\t\t\t\t\t\t<div class=\"penci-hide-tagupdated\">\n\t\t\t<span class=\"author-italic author vcard\">por \t\t\t\t\t\t\t\t\t\t<a class=\"author-url url fn n\" href=\"https:\/\/gastropedia.pub\/pt\/author\/mgmcamargo\/\">Mariane Gouvea Monteiro de Camargo<\/a>\t\t\t\t\t\t\t\t\t<\/span>\n\t\t\t<time class=\"entry-date published\" datetime=\"2022-11-10T19:33:14-03:00\">10 novembro 2022<\/time>\t\t<\/div>\n\t\t\t\t\t\t                <div class=\"grid-post-box-meta\">\n\t\t\t\t\t\t\t\t\t\t                        <span class=\"otherl-date-author author-italic author vcard\">por                                 <a class=\"author-url url fn n\" href=\"https:\/\/gastropedia.pub\/pt\/author\/mgmcamargo\/\">Mariane Gouvea Monteiro de Camargo<\/a>\t\t\t\t\t\t\t<\/span>\n\t\t\t\t\t\t\t\t\t\t                        <span class=\"otherl-date\"><time class=\"entry-date published\" datetime=\"2022-11-10T19:33:14-03:00\">10 novembro 2022<\/time><\/span>\n\t\t\t\t\t\t\t\t\t\t\t\t\t\t\t\t\t\t\t\t\t\t\t\t\t\t\t\t\t\t                <\/div>\n\t\t\t        <\/div>\n\n\t\t            <div class=\"item-content entry-content\">\n\t\t\t\t<p>Todo cirurgi\u00e3o que faz ressec\u00e7\u00f5es intestinais j\u00e1 perdeu o sono preocupado com deisc\u00eancia de anastomose. A incid\u00eancia das deisc\u00eancias de anastomoses intestinais varia de 2 a 21% e sua ocorr\u00eancia &#8230;<\/p>\n            <\/div>\n\t\t\n\t\t\n\t\t            <div class=\"penci-post-box-meta penci-post-box-grid\">\n                <div class=\"penci-post-share-box\">\n\t\t\t\t\t\t\t\t\t\t                <\/div>\n            <\/div>\n\t\t    <\/article>\n<\/li>\n\n\t\t\t\t\t\t\t\t\t\t\t\t\t\t\t\t\t\t\t\t\t\t\t\t\t\t\t\t<\/ul>\n\t\t\t\t\t\t\t\t\t\t\t\t\t\t\t\t\t\t\t\t\t                        <\/div>\n\n\t\t\t\t\t\t                    <\/div>\n                <\/div>\n\t\t\t            <style>\n                                                                                                                                                                            <\/style>\n\t\t\t\t\t\t\t<\/div>\n\t\t\t\t<\/div>\n\t\t\t\t\t<\/div>\n\t\t<\/div>\n\t\t\t\t\t<\/div>\n\t\t<\/section>\n\t\t\t\t<\/div>\n\t\t","protected":false},"excerpt":{"rendered":"<p>\u00daLTIMOS ARTIGOS CirurgiaColorretalEs\u00f4fagoEs\u00f4fago-Est\u00f4mago-DuodenoEst\u00f4magoF\u00edgadoGastrocirurgiaGastrocl\u00ednicaHepatopancreatobiliarIntestinoMiscel\u00e2neaObesidadeP\u00e2ncreasSem categoria Chris Cuomo seeks $125m from CNN over alleged wrongful termination by asdYShew2232ys@askd 15 de mar\u00e7o de 2022 by asdYShew2232ys@askd 15 de mar\u00e7o de 2022 As the&hellip;<\/p>\n","protected":false},"author":1,"featured_media":0,"parent":1438,"menu_order":0,"comment_status":"closed","ping_status":"closed","template":"","meta":{"_lmt_disableupdate":"","_lmt_disable":"","footnotes":""},"class_list":["post-1470","page","type-page","status-publish","hentry"],"yoast_head":"<!-- This site is optimized with the Yoast SEO Premium plugin v27.2 (Yoast SEO v27.3) - https:\/\/yoast.com\/product\/yoast-seo-premium-wordpress\/ -->\n<title>Miscel\u00e2nea - Gastropedia<\/title>\n<meta name=\"robots\" content=\"index, follow, max-snippet:-1, max-image-preview:large, max-video-preview:-1\" \/>\n<link rel=\"canonical\" href=\"https:\/\/gastropedia.pub\/pt\/gastrocirurgia\/miscelanea\/\" \/>\n<meta property=\"og:locale\" content=\"pt_BR\" \/>\n<meta property=\"og:type\" content=\"article\" \/>\n<meta property=\"og:title\" content=\"Miscel\u00e2nea\" \/>\n<meta property=\"og:description\" content=\"\u00daLTIMOS ARTIGOS CirurgiaColorretalEs\u00f4fagoEs\u00f4fago-Est\u00f4mago-DuodenoEst\u00f4magoF\u00edgadoGastrocirurgiaGastrocl\u00ednicaHepatopancreatobiliarIntestinoMiscel\u00e2neaObesidadeP\u00e2ncreasSem categoria Chris Cuomo seeks $125m from CNN over alleged wrongful termination by asdYShew2232ys@askd 15 de mar\u00e7o de 2022 by asdYShew2232ys@askd 15 de mar\u00e7o de 2022 As the&hellip;\" \/>\n<meta property=\"og:url\" content=\"https:\/\/gastropedia.pub\/pt\/gastrocirurgia\/miscelanea\/\" \/>\n<meta property=\"og:site_name\" content=\"Gastropedia\" \/>\n<meta property=\"article:modified_time\" content=\"2022-09-23T12:44:32+00:00\" \/>\n<meta name=\"twitter:card\" content=\"summary_large_image\" \/>\n<meta name=\"twitter:label1\" content=\"Est. tempo de leitura\" \/>\n\t<meta name=\"twitter:data1\" content=\"7 minutos\" \/>\n<script type=\"application\/ld+json\" class=\"yoast-schema-graph\">{\"@context\":\"https:\\\/\\\/schema.org\",\"@graph\":[{\"@type\":\"WebPage\",\"@id\":\"https:\\\/\\\/gastropedia.pub\\\/pt\\\/gastrocirurgia\\\/miscelanea\\\/\",\"url\":\"https:\\\/\\\/gastropedia.pub\\\/pt\\\/gastrocirurgia\\\/miscelanea\\\/\",\"name\":\"Miscel\u00e2nea - Gastropedia\",\"isPartOf\":{\"@id\":\"https:\\\/\\\/gastropedia.pub\\\/pt\\\/#website\"},\"datePublished\":\"2022-09-23T12:44:00+00:00\",\"dateModified\":\"2022-09-23T12:44:32+00:00\",\"breadcrumb\":{\"@id\":\"https:\\\/\\\/gastropedia.pub\\\/pt\\\/gastrocirurgia\\\/miscelanea\\\/#breadcrumb\"},\"inLanguage\":\"pt-BR\",\"potentialAction\":[{\"@type\":\"ReadAction\",\"target\":[\"https:\\\/\\\/gastropedia.pub\\\/pt\\\/gastrocirurgia\\\/miscelanea\\\/\"]}]},{\"@type\":\"BreadcrumbList\",\"@id\":\"https:\\\/\\\/gastropedia.pub\\\/pt\\\/gastrocirurgia\\\/miscelanea\\\/#breadcrumb\",\"itemListElement\":[{\"@type\":\"ListItem\",\"position\":1,\"name\":\"In\u00edcio\",\"item\":\"https:\\\/\\\/gastropedia.pub\\\/pt\\\/\"},{\"@type\":\"ListItem\",\"position\":2,\"name\":\"Cirurgia\",\"item\":\"https:\\\/\\\/gastropedia.pub\\\/pt\\\/gastrocirurgia\\\/\"},{\"@type\":\"ListItem\",\"position\":3,\"name\":\"Miscel\u00e2nea\"}]},{\"@type\":\"WebSite\",\"@id\":\"https:\\\/\\\/gastropedia.pub\\\/pt\\\/#website\",\"url\":\"https:\\\/\\\/gastropedia.pub\\\/pt\\\/\",\"name\":\"Gastropedia\",\"description\":\"Atualiza\u00e7\u00e3o m\u00e9dica de forma descomplicada para profissionais que trabalham com sa\u00fade do aparelho digestivo.\",\"potentialAction\":[{\"@type\":\"SearchAction\",\"target\":{\"@type\":\"EntryPoint\",\"urlTemplate\":\"https:\\\/\\\/gastropedia.pub\\\/pt\\\/?s={search_term_string}\"},\"query-input\":{\"@type\":\"PropertyValueSpecification\",\"valueRequired\":true,\"valueName\":\"search_term_string\"}}],\"inLanguage\":\"pt-BR\"}]}<\/script>\n<!-- \/ Yoast SEO Premium plugin. -->","yoast_head_json":{"title":"Miscel\u00e2nea - Gastropedia","robots":{"index":"index","follow":"follow","max-snippet":"max-snippet:-1","max-image-preview":"max-image-preview:large","max-video-preview":"max-video-preview:-1"},"canonical":"https:\/\/gastropedia.pub\/pt\/gastrocirurgia\/miscelanea\/","og_locale":"pt_BR","og_type":"article","og_title":"Miscel\u00e2nea","og_description":"\u00daLTIMOS ARTIGOS CirurgiaColorretalEs\u00f4fagoEs\u00f4fago-Est\u00f4mago-DuodenoEst\u00f4magoF\u00edgadoGastrocirurgiaGastrocl\u00ednicaHepatopancreatobiliarIntestinoMiscel\u00e2neaObesidadeP\u00e2ncreasSem categoria Chris Cuomo seeks $125m from CNN over alleged wrongful termination by asdYShew2232ys@askd 15 de mar\u00e7o de 2022 by asdYShew2232ys@askd 15 de mar\u00e7o de 2022 As the&hellip;","og_url":"https:\/\/gastropedia.pub\/pt\/gastrocirurgia\/miscelanea\/","og_site_name":"Gastropedia","article_modified_time":"2022-09-23T12:44:32+00:00","twitter_card":"summary_large_image","twitter_misc":{"Est. tempo de leitura":"7 minutos"},"schema":{"@context":"https:\/\/schema.org","@graph":[{"@type":"WebPage","@id":"https:\/\/gastropedia.pub\/pt\/gastrocirurgia\/miscelanea\/","url":"https:\/\/gastropedia.pub\/pt\/gastrocirurgia\/miscelanea\/","name":"Miscel\u00e2nea - Gastropedia","isPartOf":{"@id":"https:\/\/gastropedia.pub\/pt\/#website"},"datePublished":"2022-09-23T12:44:00+00:00","dateModified":"2022-09-23T12:44:32+00:00","breadcrumb":{"@id":"https:\/\/gastropedia.pub\/pt\/gastrocirurgia\/miscelanea\/#breadcrumb"},"inLanguage":"pt-BR","potentialAction":[{"@type":"ReadAction","target":["https:\/\/gastropedia.pub\/pt\/gastrocirurgia\/miscelanea\/"]}]},{"@type":"BreadcrumbList","@id":"https:\/\/gastropedia.pub\/pt\/gastrocirurgia\/miscelanea\/#breadcrumb","itemListElement":[{"@type":"ListItem","position":1,"name":"In\u00edcio","item":"https:\/\/gastropedia.pub\/pt\/"},{"@type":"ListItem","position":2,"name":"Cirurgia","item":"https:\/\/gastropedia.pub\/pt\/gastrocirurgia\/"},{"@type":"ListItem","position":3,"name":"Miscel\u00e2nea"}]},{"@type":"WebSite","@id":"https:\/\/gastropedia.pub\/pt\/#website","url":"https:\/\/gastropedia.pub\/pt\/","name":"Gastropedia","description":"Atualiza\u00e7\u00e3o m\u00e9dica de forma descomplicada para profissionais que trabalham com sa\u00fade do aparelho digestivo.","potentialAction":[{"@type":"SearchAction","target":{"@type":"EntryPoint","urlTemplate":"https:\/\/gastropedia.pub\/pt\/?s={search_term_string}"},"query-input":{"@type":"PropertyValueSpecification","valueRequired":true,"valueName":"search_term_string"}}],"inLanguage":"pt-BR"}]}},"_links":{"self":[{"href":"https:\/\/gastropedia.pub\/pt\/wp-json\/wp\/v2\/pages\/1470","targetHints":{"allow":["GET"]}}],"collection":[{"href":"https:\/\/gastropedia.pub\/pt\/wp-json\/wp\/v2\/pages"}],"about":[{"href":"https:\/\/gastropedia.pub\/pt\/wp-json\/wp\/v2\/types\/page"}],"author":[{"embeddable":true,"href":"https:\/\/gastropedia.pub\/pt\/wp-json\/wp\/v2\/users\/1"}],"replies":[{"embeddable":true,"href":"https:\/\/gastropedia.pub\/pt\/wp-json\/wp\/v2\/comments?post=1470"}],"version-history":[{"count":4,"href":"https:\/\/gastropedia.pub\/pt\/wp-json\/wp\/v2\/pages\/1470\/revisions"}],"predecessor-version":[{"id":1475,"href":"https:\/\/gastropedia.pub\/pt\/wp-json\/wp\/v2\/pages\/1470\/revisions\/1475"}],"up":[{"embeddable":true,"href":"https:\/\/gastropedia.pub\/pt\/wp-json\/wp\/v2\/pages\/1438"}],"wp:attachment":[{"href":"https:\/\/gastropedia.pub\/pt\/wp-json\/wp\/v2\/media?parent=1470"}],"curies":[{"name":"wp","href":"https:\/\/api.w.org\/{rel}","templated":true}]}}