{"id":1307,"date":"2022-09-22T15:58:42","date_gmt":"2022-09-22T18:58:42","guid":{"rendered":"https:\/\/gastropedia.pub\/pt\/?page_id=1307"},"modified":"2026-03-16T18:28:27","modified_gmt":"2026-03-16T21:28:27","slug":"sobre","status":"publish","type":"page","link":"https:\/\/gastropedia.pub\/pt\/sobre\/","title":{"rendered":"Sobre"},"content":{"rendered":"\t\t<div data-elementor-type=\"wp-page\" data-elementor-id=\"1307\" class=\"elementor elementor-1307\">\n\t\t\t\t\t\t<section class=\"penci-section penci-disSticky penci-structure-10 elementor-section elementor-top-section elementor-element elementor-element-4b47cfc elementor-section-boxed elementor-section-height-default elementor-section-height-default\" data-id=\"4b47cfc\" data-element_type=\"section\" data-e-type=\"section\">\n\t\t\t\t\t\t<div class=\"elementor-container elementor-column-gap-default\">\n\t\t\t\t\t<div class=\"penci-ercol-100 penci-ercol-order-1 penci-sticky-ct    elementor-column elementor-col-100 elementor-top-column elementor-element elementor-element-29890bd\" data-id=\"29890bd\" data-element_type=\"column\" data-e-type=\"column\">\n\t\t\t<div class=\"elementor-widget-wrap elementor-element-populated\">\n\t\t\t\t\t\t<div class=\"elementor-element elementor-element-d969a7b elementor-widget elementor-widget-text-editor\" data-id=\"d969a7b\" data-element_type=\"widget\" data-e-type=\"widget\" data-widget_type=\"text-editor.default\">\n\t\t\t\t<div class=\"elementor-widget-container\">\n\t\t\t\t\t\t\t\t\t<p>O Gastropedia tem como objetivo levar conhecimento e atualiza\u00e7\u00e3o m\u00e9dica de forma descomplicada para todos os profissionais que trabalham com sa\u00fade do trato digest\u00f3rio.<\/p><p>Nossa equipe de editores \u00e9 formada por profissionais de refer\u00eancia em todas as \u00e1reas da Gastroenterologia e Cirurgia do Aparelho Digestivo.<\/p><p>Atrav\u00e9s de posts, v\u00eddeos, mapas mentais e lives, n\u00f3s explicamos, debatemos e interagimos sobre diversos temas, sempre orientando condutas atrav\u00e9s de medicina baseada em evid\u00eancias.<\/p><p>Venha fazer parte desta forma de aprender e compartilhar experi\u00eancias.<\/p><p>Sejam Bem-vindos!<\/p><p data-prosemirror-content-type=\"node\" data-prosemirror-node-name=\"paragraph\" data-prosemirror-node-block=\"true\" data-pm-slice=\"1 1 []\"><strong data-prosemirror-content-type=\"mark\" data-prosemirror-mark-name=\"strong\">Gastropedia \u00e9 uma publica\u00e7\u00e3o de InGastro &#8211; Inova\u00e7\u00f5es em Gastroenterologia.<\/strong><\/p><p data-prosemirror-content-type=\"node\" data-prosemirror-node-name=\"paragraph\" data-prosemirror-node-block=\"true\"><strong data-prosemirror-content-type=\"mark\" data-prosemirror-mark-name=\"strong\">Endere\u00e7o: Rua Par\u00e1, 1804 &#8211; Cascavel\/PR &#8211; 85819-060<\/strong><\/p><p data-prosemirror-content-type=\"node\" data-prosemirror-node-name=\"paragraph\" data-prosemirror-node-block=\"true\"><strong data-prosemirror-content-type=\"mark\" data-prosemirror-mark-name=\"strong\">Contato: <\/strong><a href=\"mailto:ingastromail@gmail.com\" data-prosemirror-content-type=\"mark\" data-prosemirror-mark-name=\"link\"><strong data-prosemirror-content-type=\"mark\" data-prosemirror-mark-name=\"strong\">ingastromail@gmail.com<\/strong><\/a><\/p>\t\t\t\t\t\t\t\t<\/div>\n\t\t\t\t<\/div>\n\t\t\t\t\t<\/div>\n\t\t<\/div>\n\t\t\t\t\t<\/div>\n\t\t<\/section>\n\t\t\t\t<section class=\"penci-section penci-disSticky penci-structure-20 elementor-section elementor-top-section elementor-element elementor-element-1bdde57 elementor-section-boxed elementor-section-height-default elementor-section-height-default\" data-id=\"1bdde57\" data-element_type=\"section\" data-e-type=\"section\">\n\t\t\t\t\t\t<div class=\"elementor-container elementor-column-gap-default\">\n\t\t\t\t\t<div class=\"penci-ercol-50 penci-ercol-order-1 penci-sticky-ct    elementor-column elementor-col-50 elementor-top-column elementor-element elementor-element-e154f07\" data-id=\"e154f07\" data-element_type=\"column\" data-e-type=\"column\">\n\t\t\t<div class=\"elementor-widget-wrap elementor-element-populated\">\n\t\t\t\t\t\t<div class=\"elementor-element elementor-element-dcce146 elementor-widget elementor-widget-html\" data-id=\"dcce146\" data-element_type=\"widget\" data-e-type=\"widget\" data-widget_type=\"html.default\">\n\t\t\t\t<div class=\"elementor-widget-container\">\n\t\t\t\t\t<script>if(!document.querySelector('script[src^=\"https:\/\/player.pandavideo.com.br\/api.v2.js\"]')){let s=document.createElement('script'); s.src='https:\/\/player.pandavideo.com.br\/api.v2.js?nowprocket&version=1677095534491'; s.async=true; document.head.appendChild(s);} window.pandascripttag=window.pandascripttag || []; window.pandascripttag.push(function (){const p=new PandaPlayer('15a4d872-bd61-4ce9-8e4b-d93e2fec943a',{onReady() {p.loadButtonInTime({fetchApi: true})}, library_id: 'vz-a75e9d45-986', video_id: '15a4d872-bd61-4ce9-8e4b-d93e2fec943a', fetchPriority: \"high\", defaultStyle: true});});<\/script><div id=\"15a4d872-bd61-4ce9-8e4b-d93e2fec943a\"><\/div>\t\t\t\t<\/div>\n\t\t\t\t<\/div>\n\t\t\t\t\t<\/div>\n\t\t<\/div>\n\t\t\t\t<div class=\"penci-ercol-50 penci-ercol-order-2 penci-sticky-ct    elementor-column elementor-col-50 elementor-top-column elementor-element elementor-element-8e6d347\" data-id=\"8e6d347\" data-element_type=\"column\" data-e-type=\"column\">\n\t\t\t<div class=\"elementor-widget-wrap elementor-element-populated\">\n\t\t\t\t\t\t<div class=\"elementor-element elementor-element-6057266 elementor-widget elementor-widget-html\" data-id=\"6057266\" data-element_type=\"widget\" data-e-type=\"widget\" data-widget_type=\"html.default\">\n\t\t\t\t<div class=\"elementor-widget-container\">\n\t\t\t\t\t<script>if(!document.querySelector('script[src^=\"https:\/\/player.pandavideo.com.br\/api.v2.js\"]')){let s=document.createElement('script'); s.src='https:\/\/player.pandavideo.com.br\/api.v2.js?nowprocket&version=1677095534491'; s.async=true; document.head.appendChild(s);} window.pandascripttag=window.pandascripttag || []; window.pandascripttag.push(function (){const p=new PandaPlayer('8475880f-e517-4358-83b9-3778b4866edf',{onReady() {p.loadButtonInTime({fetchApi: true})}, library_id: 'vz-a75e9d45-986', video_id: '8475880f-e517-4358-83b9-3778b4866edf', fetchPriority: \"high\", defaultStyle: true});});<\/script><div id=\"8475880f-e517-4358-83b9-3778b4866edf\"><\/div>\t\t\t\t<\/div>\n\t\t\t\t<\/div>\n\t\t\t\t\t<\/div>\n\t\t<\/div>\n\t\t\t\t\t<\/div>\n\t\t<\/section>\n\t\t\t\t<section class=\"penci-section penci-disSticky penci-structure-20 elementor-section elementor-top-section elementor-element elementor-element-bff20df sobre-videos elementor-section-boxed elementor-section-height-default elementor-section-height-default\" data-id=\"bff20df\" data-element_type=\"section\" data-e-type=\"section\">\n\t\t\t\t\t\t<div class=\"elementor-container elementor-column-gap-default\">\n\t\t\t\t\t<div class=\"penci-ercol-50 penci-ercol-order-1 penci-sticky-ct    elementor-column elementor-col-50 elementor-top-column elementor-element elementor-element-18be85d\" data-id=\"18be85d\" data-element_type=\"column\" data-e-type=\"column\">\n\t\t\t<div class=\"elementor-widget-wrap elementor-element-populated\">\n\t\t\t\t\t\t<div class=\"elementor-element elementor-element-7340e47 elementor-widget elementor-widget-html\" data-id=\"7340e47\" data-element_type=\"widget\" data-e-type=\"widget\" data-widget_type=\"html.default\">\n\t\t\t\t<div class=\"elementor-widget-container\">\n\t\t\t\t\t<script>if(!document.querySelector('script[src^=\"https:\/\/player.pandavideo.com.br\/api.v2.js\"]')){let s=document.createElement('script'); s.src='https:\/\/player.pandavideo.com.br\/api.v2.js?nowprocket&version=1677095448607'; s.async=true; document.head.appendChild(s);} window.pandascripttag=window.pandascripttag || []; window.pandascripttag.push(function (){const p=new PandaPlayer('953b7438-64bc-4a8a-9a2e-1e24bbeeb220',{onReady() {p.loadButtonInTime({fetchApi: true})}, library_id: 'vz-a75e9d45-986', video_id: '953b7438-64bc-4a8a-9a2e-1e24bbeeb220', fetchPriority: \"high\", defaultStyle: true});});<\/script><div id=\"953b7438-64bc-4a8a-9a2e-1e24bbeeb220\"><\/div>\t\t\t\t<\/div>\n\t\t\t\t<\/div>\n\t\t\t\t\t<\/div>\n\t\t<\/div>\n\t\t\t\t<div class=\"penci-ercol-50 penci-ercol-order-2 penci-sticky-ct    elementor-column elementor-col-50 elementor-top-column elementor-element elementor-element-c0fab36\" data-id=\"c0fab36\" data-element_type=\"column\" data-e-type=\"column\">\n\t\t\t<div class=\"elementor-widget-wrap elementor-element-populated\">\n\t\t\t\t\t\t<div class=\"elementor-element elementor-element-f6d06bd elementor-widget elementor-widget-html\" data-id=\"f6d06bd\" data-element_type=\"widget\" data-e-type=\"widget\" data-widget_type=\"html.default\">\n\t\t\t\t<div class=\"elementor-widget-container\">\n\t\t\t\t\t<script>if(!document.querySelector('script[src^=\"https:\/\/player.pandavideo.com.br\/api.v2.js\"]')){let s=document.createElement('script'); s.src='https:\/\/player.pandavideo.com.br\/api.v2.js?nowprocket&version=1677095534491'; s.async=true; document.head.appendChild(s);} window.pandascripttag=window.pandascripttag || []; window.pandascripttag.push(function (){const p=new PandaPlayer('e824fabe-1135-49a3-aa72-fb430bf39007',{onReady() {p.loadButtonInTime({fetchApi: true})}, library_id: 'vz-a75e9d45-986', video_id: 'e824fabe-1135-49a3-aa72-fb430bf39007', fetchPriority: \"high\", defaultStyle: true});});<\/script><div id=\"e824fabe-1135-49a3-aa72-fb430bf39007\"><\/div>\t\t\t\t<\/div>\n\t\t\t\t<\/div>\n\t\t\t\t\t<\/div>\n\t\t<\/div>\n\t\t\t\t\t<\/div>\n\t\t<\/section>\n\t\t\t\t<section class=\"penci-section penci-disSticky penci-structure-20 elementor-section elementor-top-section elementor-element elementor-element-f963a65 sobre-videos elementor-section-boxed elementor-section-height-default elementor-section-height-default\" data-id=\"f963a65\" data-element_type=\"section\" data-e-type=\"section\">\n\t\t\t\t\t\t<div class=\"elementor-container elementor-column-gap-default\">\n\t\t\t\t\t<div class=\"penci-ercol-50 penci-ercol-order-1 penci-sticky-ct    elementor-column elementor-col-50 elementor-top-column elementor-element elementor-element-7f67063\" data-id=\"7f67063\" data-element_type=\"column\" data-e-type=\"column\">\n\t\t\t<div class=\"elementor-widget-wrap elementor-element-populated\">\n\t\t\t\t\t\t<div class=\"elementor-element elementor-element-27234ee elementor-widget elementor-widget-html\" data-id=\"27234ee\" data-element_type=\"widget\" data-e-type=\"widget\" data-widget_type=\"html.default\">\n\t\t\t\t<div class=\"elementor-widget-container\">\n\t\t\t\t\t<script>if(!document.querySelector('script[src^=\"https:\/\/player.pandavideo.com.br\/api.v2.js\"]')){let s=document.createElement('script'); s.src='https:\/\/player.pandavideo.com.br\/api.v2.js?nowprocket&version=1677095534491'; s.async=true; document.head.appendChild(s);} window.pandascripttag=window.pandascripttag || []; window.pandascripttag.push(function (){const p=new PandaPlayer('0f6b29be-9757-4188-8a79-b8f9814450d6',{onReady() {p.loadButtonInTime({fetchApi: true})}, library_id: 'vz-a75e9d45-986', video_id: '0f6b29be-9757-4188-8a79-b8f9814450d6', fetchPriority: \"high\", defaultStyle: true});});<\/script><div id=\"0f6b29be-9757-4188-8a79-b8f9814450d6\"><\/div>\t\t\t\t<\/div>\n\t\t\t\t<\/div>\n\t\t\t\t<div class=\"elementor-element elementor-element-dab4d5b elementor-widget elementor-widget-html\" data-id=\"dab4d5b\" data-element_type=\"widget\" data-e-type=\"widget\" data-widget_type=\"html.default\">\n\t\t\t\t<div class=\"elementor-widget-container\">\n\t\t\t\t\t<script>if(!document.querySelector('script[src^=\"https:\/\/player.pandavideo.com.br\/api.v2.js\"]')){let s=document.createElement('script'); s.src='https:\/\/player.pandavideo.com.br\/api.v2.js?nowprocket&version=1677095534491'; s.async=true; document.head.appendChild(s);} window.pandascripttag=window.pandascripttag || []; window.pandascripttag.push(function (){const p=new PandaPlayer('e7153d54-447a-4ab2-9f7b-cca8a2d8bc86',{onReady() {p.loadButtonInTime({fetchApi: true})}, library_id: 'vz-a75e9d45-986', video_id: 'e7153d54-447a-4ab2-9f7b-cca8a2d8bc86', fetchPriority: \"high\", defaultStyle: true});});<\/script><div id=\"e7153d54-447a-4ab2-9f7b-cca8a2d8bc86\"><\/div>\t\t\t\t<\/div>\n\t\t\t\t<\/div>\n\t\t\t\t\t<\/div>\n\t\t<\/div>\n\t\t\t\t<div class=\"penci-ercol-50 penci-ercol-order-2 penci-sticky-ct    elementor-column elementor-col-50 elementor-top-column elementor-element elementor-element-bf2cfdd\" data-id=\"bf2cfdd\" data-element_type=\"column\" data-e-type=\"column\">\n\t\t\t<div class=\"elementor-widget-wrap elementor-element-populated\">\n\t\t\t\t\t\t<div class=\"elementor-element elementor-element-e7ed290 elementor-widget elementor-widget-html\" data-id=\"e7ed290\" data-element_type=\"widget\" data-e-type=\"widget\" data-widget_type=\"html.default\">\n\t\t\t\t<div class=\"elementor-widget-container\">\n\t\t\t\t\t<script>if(!document.querySelector('script[src^=\"https:\/\/player.pandavideo.com.br\/api.v2.js\"]')){let s=document.createElement('script'); s.src='https:\/\/player.pandavideo.com.br\/api.v2.js?nowprocket&version=1677095534491'; s.async=true; document.head.appendChild(s);} window.pandascripttag=window.pandascripttag || []; window.pandascripttag.push(function (){const p=new PandaPlayer('e2d674b8-d36c-4cb2-b3cf-9c55cb6177b9',{onReady() {p.loadButtonInTime({fetchApi: true})}, library_id: 'vz-a75e9d45-986', video_id: 'e2d674b8-d36c-4cb2-b3cf-9c55cb6177b9', fetchPriority: \"high\", defaultStyle: true});});<\/script><div id=\"e2d674b8-d36c-4cb2-b3cf-9c55cb6177b9\"><\/div>\t\t\t\t<\/div>\n\t\t\t\t<\/div>\n\t\t\t\t<div class=\"elementor-element elementor-element-829a65b elementor-widget elementor-widget-html\" data-id=\"829a65b\" data-element_type=\"widget\" data-e-type=\"widget\" data-widget_type=\"html.default\">\n\t\t\t\t<div class=\"elementor-widget-container\">\n\t\t\t\t\t<script>if(!document.querySelector('script[src^=\"https:\/\/player.pandavideo.com.br\/api.v2.js\"]')){let s=document.createElement('script'); s.src='https:\/\/player.pandavideo.com.br\/api.v2.js?nowprocket&version=1677095534491'; s.async=true; document.head.appendChild(s);} window.pandascripttag=window.pandascripttag || []; window.pandascripttag.push(function (){const p=new PandaPlayer('a6cc4752-fd49-4e68-956a-f640d63d2d3a',{onReady() {p.loadButtonInTime({fetchApi: true})}, library_id: 'vz-a75e9d45-986', video_id: 'a6cc4752-fd49-4e68-956a-f640d63d2d3a', fetchPriority: \"high\", defaultStyle: true});});<\/script><div id=\"a6cc4752-fd49-4e68-956a-f640d63d2d3a\"><\/div>\t\t\t\t<\/div>\n\t\t\t\t<\/div>\n\t\t\t\t\t<\/div>\n\t\t<\/div>\n\t\t\t\t\t<\/div>\n\t\t<\/section>\n\t\t\t\t<\/div>\n\t\t","protected":false},"excerpt":{"rendered":"<p>O Gastropedia tem como objetivo levar conhecimento e atualiza\u00e7\u00e3o m\u00e9dica de forma descomplicada para todos os profissionais que trabalham com sa\u00fade do trato digest\u00f3rio. Nossa equipe de editores \u00e9 formada&hellip;<\/p>\n","protected":false},"author":1,"featured_media":0,"parent":0,"menu_order":0,"comment_status":"closed","ping_status":"closed","template":"","meta":{"_lmt_disableupdate":"","_lmt_disable":"","footnotes":""},"class_list":["post-1307","page","type-page","status-publish","hentry"],"yoast_head":"<!-- This site is optimized with the Yoast SEO Premium plugin v27.2 (Yoast SEO v27.3) - https:\/\/yoast.com\/product\/yoast-seo-premium-wordpress\/ -->\n<title>Sobre - Gastropedia<\/title>\n<meta name=\"robots\" content=\"index, follow, max-snippet:-1, max-image-preview:large, max-video-preview:-1\" \/>\n<link rel=\"canonical\" href=\"https:\/\/gastropedia.pub\/pt\/sobre\/\" \/>\n<meta property=\"og:locale\" content=\"pt_BR\" \/>\n<meta property=\"og:type\" content=\"article\" \/>\n<meta property=\"og:title\" content=\"Sobre\" \/>\n<meta property=\"og:description\" content=\"O Gastropedia tem como objetivo levar conhecimento e atualiza\u00e7\u00e3o m\u00e9dica de forma descomplicada para todos os profissionais que trabalham com sa\u00fade do trato digest\u00f3rio. Nossa equipe de editores \u00e9 formada&hellip;\" \/>\n<meta property=\"og:url\" content=\"https:\/\/gastropedia.pub\/pt\/sobre\/\" \/>\n<meta property=\"og:site_name\" content=\"Gastropedia\" \/>\n<meta property=\"article:modified_time\" content=\"2026-03-16T21:28:27+00:00\" \/>\n<meta name=\"twitter:card\" content=\"summary_large_image\" \/>\n<meta name=\"twitter:label1\" content=\"Est. tempo de leitura\" \/>\n\t<meta name=\"twitter:data1\" content=\"1 minuto\" \/>\n<script type=\"application\/ld+json\" class=\"yoast-schema-graph\">{\"@context\":\"https:\\\/\\\/schema.org\",\"@graph\":[{\"@type\":\"WebPage\",\"@id\":\"https:\\\/\\\/gastropedia.pub\\\/pt\\\/sobre\\\/\",\"url\":\"https:\\\/\\\/gastropedia.pub\\\/pt\\\/sobre\\\/\",\"name\":\"Sobre - Gastropedia\",\"isPartOf\":{\"@id\":\"https:\\\/\\\/gastropedia.pub\\\/pt\\\/#website\"},\"datePublished\":\"2022-09-22T18:58:42+00:00\",\"dateModified\":\"2026-03-16T21:28:27+00:00\",\"breadcrumb\":{\"@id\":\"https:\\\/\\\/gastropedia.pub\\\/pt\\\/sobre\\\/#breadcrumb\"},\"inLanguage\":\"pt-BR\",\"potentialAction\":[{\"@type\":\"ReadAction\",\"target\":[\"https:\\\/\\\/gastropedia.pub\\\/pt\\\/sobre\\\/\"]}]},{\"@type\":\"BreadcrumbList\",\"@id\":\"https:\\\/\\\/gastropedia.pub\\\/pt\\\/sobre\\\/#breadcrumb\",\"itemListElement\":[{\"@type\":\"ListItem\",\"position\":1,\"name\":\"In\u00edcio\",\"item\":\"https:\\\/\\\/gastropedia.pub\\\/pt\\\/\"},{\"@type\":\"ListItem\",\"position\":2,\"name\":\"Sobre\"}]},{\"@type\":\"WebSite\",\"@id\":\"https:\\\/\\\/gastropedia.pub\\\/pt\\\/#website\",\"url\":\"https:\\\/\\\/gastropedia.pub\\\/pt\\\/\",\"name\":\"Gastropedia\",\"description\":\"Atualiza\u00e7\u00e3o m\u00e9dica de forma descomplicada para profissionais que trabalham com sa\u00fade do aparelho digestivo.\",\"potentialAction\":[{\"@type\":\"SearchAction\",\"target\":{\"@type\":\"EntryPoint\",\"urlTemplate\":\"https:\\\/\\\/gastropedia.pub\\\/pt\\\/?s={search_term_string}\"},\"query-input\":{\"@type\":\"PropertyValueSpecification\",\"valueRequired\":true,\"valueName\":\"search_term_string\"}}],\"inLanguage\":\"pt-BR\"}]}<\/script>\n<!-- \/ Yoast SEO Premium plugin. -->","yoast_head_json":{"title":"Sobre - Gastropedia","robots":{"index":"index","follow":"follow","max-snippet":"max-snippet:-1","max-image-preview":"max-image-preview:large","max-video-preview":"max-video-preview:-1"},"canonical":"https:\/\/gastropedia.pub\/pt\/sobre\/","og_locale":"pt_BR","og_type":"article","og_title":"Sobre","og_description":"O Gastropedia tem como objetivo levar conhecimento e atualiza\u00e7\u00e3o m\u00e9dica de forma descomplicada para todos os profissionais que trabalham com sa\u00fade do trato digest\u00f3rio. Nossa equipe de editores \u00e9 formada&hellip;","og_url":"https:\/\/gastropedia.pub\/pt\/sobre\/","og_site_name":"Gastropedia","article_modified_time":"2026-03-16T21:28:27+00:00","twitter_card":"summary_large_image","twitter_misc":{"Est. tempo de leitura":"1 minuto"},"schema":{"@context":"https:\/\/schema.org","@graph":[{"@type":"WebPage","@id":"https:\/\/gastropedia.pub\/pt\/sobre\/","url":"https:\/\/gastropedia.pub\/pt\/sobre\/","name":"Sobre - Gastropedia","isPartOf":{"@id":"https:\/\/gastropedia.pub\/pt\/#website"},"datePublished":"2022-09-22T18:58:42+00:00","dateModified":"2026-03-16T21:28:27+00:00","breadcrumb":{"@id":"https:\/\/gastropedia.pub\/pt\/sobre\/#breadcrumb"},"inLanguage":"pt-BR","potentialAction":[{"@type":"ReadAction","target":["https:\/\/gastropedia.pub\/pt\/sobre\/"]}]},{"@type":"BreadcrumbList","@id":"https:\/\/gastropedia.pub\/pt\/sobre\/#breadcrumb","itemListElement":[{"@type":"ListItem","position":1,"name":"In\u00edcio","item":"https:\/\/gastropedia.pub\/pt\/"},{"@type":"ListItem","position":2,"name":"Sobre"}]},{"@type":"WebSite","@id":"https:\/\/gastropedia.pub\/pt\/#website","url":"https:\/\/gastropedia.pub\/pt\/","name":"Gastropedia","description":"Atualiza\u00e7\u00e3o m\u00e9dica de forma descomplicada para profissionais que trabalham com sa\u00fade do aparelho digestivo.","potentialAction":[{"@type":"SearchAction","target":{"@type":"EntryPoint","urlTemplate":"https:\/\/gastropedia.pub\/pt\/?s={search_term_string}"},"query-input":{"@type":"PropertyValueSpecification","valueRequired":true,"valueName":"search_term_string"}}],"inLanguage":"pt-BR"}]}},"_links":{"self":[{"href":"https:\/\/gastropedia.pub\/pt\/wp-json\/wp\/v2\/pages\/1307","targetHints":{"allow":["GET"]}}],"collection":[{"href":"https:\/\/gastropedia.pub\/pt\/wp-json\/wp\/v2\/pages"}],"about":[{"href":"https:\/\/gastropedia.pub\/pt\/wp-json\/wp\/v2\/types\/page"}],"author":[{"embeddable":true,"href":"https:\/\/gastropedia.pub\/pt\/wp-json\/wp\/v2\/users\/1"}],"replies":[{"embeddable":true,"href":"https:\/\/gastropedia.pub\/pt\/wp-json\/wp\/v2\/comments?post=1307"}],"version-history":[{"count":74,"href":"https:\/\/gastropedia.pub\/pt\/wp-json\/wp\/v2\/pages\/1307\/revisions"}],"predecessor-version":[{"id":11032,"href":"https:\/\/gastropedia.pub\/pt\/wp-json\/wp\/v2\/pages\/1307\/revisions\/11032"}],"wp:attachment":[{"href":"https:\/\/gastropedia.pub\/pt\/wp-json\/wp\/v2\/media?parent=1307"}],"curies":[{"name":"wp","href":"https:\/\/api.w.org\/{rel}","templated":true}]}}