{"id":9254,"date":"2026-01-07T17:55:20","date_gmt":"2026-01-07T16:55:20","guid":{"rendered":"https:\/\/gastropedia.pub\/es\/?page_id=9254"},"modified":"2026-01-07T17:59:07","modified_gmt":"2026-01-07T16:59:07","slug":"volumen-i","status":"publish","type":"page","link":"https:\/\/gastropedia.pub\/es\/ediciones\/ano-2026\/volumen-i\/","title":{"rendered":"Volumen I"},"content":{"rendered":"\t\t<div data-elementor-type=\"wp-page\" data-elementor-id=\"9254\" class=\"elementor elementor-9254\">\n\t\t\t\t\t\t<section class=\"penci-section penci-disSticky penci-structure-10 elementor-section elementor-top-section elementor-element elementor-element-d4e46c6 elementor-section-boxed elementor-section-height-default elementor-section-height-default\" data-id=\"d4e46c6\" data-element_type=\"section\" data-e-type=\"section\">\n\t\t\t\t\t\t<div class=\"elementor-container elementor-column-gap-default\">\n\t\t\t\t\t<div class=\"penci-ercol-100 penci-ercol-order-1 penci-sticky-ct    elementor-column elementor-col-100 elementor-top-column elementor-element elementor-element-ade5942\" data-id=\"ade5942\" data-element_type=\"column\" data-e-type=\"column\">\n\t\t\t<div class=\"elementor-widget-wrap elementor-element-populated\">\n\t\t\t\t\t\t<div class=\"elementor-element elementor-element-0d3e35d elementor-widget elementor-widget-penci-latest-posts\" data-id=\"0d3e35d\" data-element_type=\"widget\" data-e-type=\"widget\" data-widget_type=\"penci-latest-posts.default\">\n\t\t\t\t<div class=\"elementor-widget-container\">\n\t\t\t\t\t                <div id=\"pencilatest_posts_20453\" class=\"penci-latest-posts-sc penci-latest-posts-list penci-latest-posts-el penci-el-mixed-s1 penci-std-continue-center penci-std-excerpt-center penci-grid-excerpt-left\">\n\t\t\t\t\t\t\t\t\t\t\t                        <div class=\"penci-border-arrow penci-homepage-title penci-home-latest-posts style-5 pcalign-left pciconp-right pcicon-right\">\n                            <h3 class=\"inner-arrow\">\n                                <span>\n\t\t\t\t\t\t\t\t<span>\u00daLTIMOS ART\u00cdCULOS<\/span>                                <\/span>\n                            <\/h3>\n\t\t\t\t\t\t\t                        <\/div>\n\t\t\t\t\t                    <div class=\"penci-wrapper-posts-ajax\">\n\n                        <div class=\"penci-wrapper-posts-content pwid-default\">\n\n\t\t\t\t\t\t\t\t\t\t\t\t\t\t\t                                <ul data-layout=\"list\"\n                                    class=\"penci-wrapper-data penci-grid penci-shortcode-render\">\t\t\t\t\t\t\t\t\t\t\t\t\t\t\t\t\t\t\t\t\t\t\t\t\t\t\t\t\t<li class=\"list-post penci-item-listp\">\n    <article id=\"post-9286\" class=\"item hentry\">\n\t\t            <div class=\"thumbnail\">\n\t\t\t\t\n\t\t\t\t                    <a class=\"penci-image-holder penci-lazy\"                       data-bgset=\"https:\/\/gastropedia.pub\/es\/wp-content\/uploads\/2026\/03\/CAPA-HEMORROIDAS-585x390.jpeg?v=1774473507\"\n                       href=\"https:\/\/gastropedia.pub\/es\/cirugia\/enfermedad-hemorroidal-manejo-clinico-en-situaciones-de-emergencia-e-indicaciones-quirurgicas\/\"\n                       title=\"Enfermedad hemorroidal: manejo cl\u00ednico en situaciones de emergencia e indicaciones quir\u00fargicas\">\n                    <\/a>\n\t\t\t\t\n\t\t\t\t\t\t\t\t\t\t\t\t\t\t\t\t\t\t\t\t\t\t\t\t\t\t\t\t\t\t\t\t\t            <\/div>\n\t\t\n        <div class=\"content-list-right content-list-center\">\n            <div class=\"header-list-style\">\n\t\t\t\t                    <span class=\"cat\"><a style=\"\" class=\"penci-cat-name penci-cat-24\" href=\"https:\/\/gastropedia.pub\/es\/category\/cirugia\/\"  rel=\"category tag\"><span style=\"\">Cirug\u00eda<\/span><\/a><a style=\"\" class=\"penci-cat-name penci-cat-26\" href=\"https:\/\/gastropedia.pub\/es\/category\/cirugia\/colorrectal\/\"  rel=\"category tag\"><span style=\"\">Colorrectal<\/span><\/a><\/span>\n\t\t\t\t\n                <h2 class=\"penci-entry-title entry-title grid-title penci_grid_title_df\"><a\n                            href=\"https:\/\/gastropedia.pub\/es\/cirugia\/enfermedad-hemorroidal-manejo-clinico-en-situaciones-de-emergencia-e-indicaciones-quirurgicas\/\">Enfermedad hemorroidal: manejo cl\u00ednico en situaciones de emergencia e indicaciones quir\u00fargicas<\/a>\n                <\/h2>\n\t\t\t\t\t\t\t\t\t\t<div class=\"penci-hide-tagupdated\">\n\t\t\t<span class=\"author-italic author vcard\">por \t\t\t\t\t\t\t\t\t\t<a class=\"author-url url fn n\" href=\"https:\/\/gastropedia.pub\/es\/author\/carlosobregon\/?mab_v3=9286\">Carlos de Almeida Obregon&nbsp;y&nbsp;Andrea Catherine Quiroz Gamarra<\/a>\t\t\t\t\t\t\t\t\t<\/span>\n\t\t\t<time class=\"entry-date published\" datetime=\"2026-04-10T03:00:31+02:00\">10 de abril de 2026<\/time>\t\t<\/div>\n\t\t\t\t\t\t\t                    <div class=\"grid-post-box-meta\">\n\t\t\t\t\t\t\t\t\t\t\t\t                            <span class=\"otherl-date-author author-italic author vcard\">por                                     <a class=\"author-url url fn n\" href=\"https:\/\/gastropedia.pub\/es\/author\/carlosobregon\/?mab_v3=9286\">Carlos de Almeida Obregon&nbsp;y&nbsp;Andrea Catherine Quiroz Gamarra<\/a>\t\t\t\t\t\t\t\t<\/span>\n\t\t\t\t\t\t\t\t\t\t\t\t                            <span class=\"otherl-date\"><time class=\"entry-date published\" datetime=\"2026-04-10T03:00:31+02:00\">10 de abril de 2026<\/time><\/span>\n\t\t\t\t\t\t\t\t\t\t\t\t\t\t\t\t\t\t\t\t\t\t\t\t\t\t\t\t\t\t\t\t\t\t\t\t                    <\/div>\n\t\t\t\t            <\/div>\n\n\t\t\t                <div class=\"item-content entry-content\">\n\t\t\t\t\t<p>\u00bfQu\u00e9 son las hemorroides? Las hemorroides son estructuras normales compuestas de tejido conectivo vascularizado que contribuyen a la continencia anal en reposo. Sin embargo, una parte considerable de la poblaci\u00f3n &#8230;<\/p>\n                <\/div>\n\t\t\t\n\t\t\t                <div class=\"penci-readmore-btn penci-btn-align-left\">\n                    <a class=\"penci-btn-readmore\"\n                       href=\"https:\/\/gastropedia.pub\/es\/cirugia\/enfermedad-hemorroidal-manejo-clinico-en-situaciones-de-emergencia-e-indicaciones-quirurgicas\/\">Leer M\u00e1s<i class=\"penci-faicon fa fa-angle-double-right\" ><\/i><\/a>\n                <\/div>\n\t\t\t\n\t\t\t        <\/div>\n\n    <\/article>\n<\/li>\n<li class=\"list-post penci-item-listp\">\n    <article id=\"post-9262\" class=\"item hentry\">\n\t\t            <div class=\"thumbnail\">\n\t\t\t\t\n\t\t\t\t                    <a class=\"penci-image-holder penci-lazy\"                       data-bgset=\"https:\/\/gastropedia.pub\/es\/wp-content\/uploads\/2026\/01\/algoritmo-para-el-diagnostico-de-la-enfermedad-celiaca-585x390.png\"\n                       href=\"https:\/\/gastropedia.pub\/es\/gastroenterologia\/evaluacion-de-la-enfermedad-celiaca-en-pacientes-que-siguen-una-dieta-sin-gluten-un-enfoque-practico-para-el-gastroenterologo\/\"\n                       title=\"Evaluaci\u00f3n de la enfermedad cel\u00edaca en pacientes que siguen una dieta sin gluten: un enfoque pr\u00e1ctico para el gastroenter\u00f3logo\">\n                    <\/a>\n\t\t\t\t\n\t\t\t\t\t\t\t\t\t\t\t\t\t\t\t\t\t\t\t\t\t\t\t\t\t\t\t\t\t\t\t\t\t            <\/div>\n\t\t\n        <div class=\"content-list-right content-list-center\">\n            <div class=\"header-list-style\">\n\t\t\t\t                    <span class=\"cat\"><a style=\"\" class=\"penci-cat-name penci-cat-18\" href=\"https:\/\/gastropedia.pub\/es\/category\/gastroenterologia\/\"  rel=\"category tag\"><span style=\"\">Gastroenterolog\u00eda<\/span><\/a><a style=\"\" class=\"penci-cat-name penci-cat-22\" href=\"https:\/\/gastropedia.pub\/es\/category\/gastroenterologia\/intestino\/\"  rel=\"category tag\"><span style=\"\">Intestino<\/span><\/a><\/span>\n\t\t\t\t\n                <h2 class=\"penci-entry-title entry-title grid-title penci_grid_title_df\"><a\n                            href=\"https:\/\/gastropedia.pub\/es\/gastroenterologia\/evaluacion-de-la-enfermedad-celiaca-en-pacientes-que-siguen-una-dieta-sin-gluten-un-enfoque-practico-para-el-gastroenterologo\/\">Evaluaci\u00f3n de la enfermedad cel\u00edaca en pacientes que siguen una dieta sin gluten: un enfoque pr\u00e1ctico para el gastroenter\u00f3logo<\/a>\n                <\/h2>\n\t\t\t\t\t\t\t\t\t\t<div class=\"penci-hide-tagupdated\">\n\t\t\t<span class=\"author-italic author vcard\">por \t\t\t\t\t\t\t\t\t\t<a class=\"author-url url fn n\" href=\"https:\/\/gastropedia.pub\/es\/author\/bruno\/?mab_v3=9262\">Bruno Martins&nbsp;y&nbsp;Andrea Catherine Quiroz Gamarra<\/a>\t\t\t\t\t\t\t\t\t<\/span>\n\t\t\t<time class=\"entry-date published\" datetime=\"2026-01-24T16:06:12+01:00\">24 de enero de 2026<\/time>\t\t<\/div>\n\t\t\t\t\t\t\t                    <div class=\"grid-post-box-meta\">\n\t\t\t\t\t\t\t\t\t\t\t\t                            <span class=\"otherl-date-author author-italic author vcard\">por                                     <a class=\"author-url url fn n\" href=\"https:\/\/gastropedia.pub\/es\/author\/bruno\/?mab_v3=9262\">Bruno Martins&nbsp;y&nbsp;Andrea Catherine Quiroz Gamarra<\/a>\t\t\t\t\t\t\t\t<\/span>\n\t\t\t\t\t\t\t\t\t\t\t\t                            <span class=\"otherl-date\"><time class=\"entry-date published\" datetime=\"2026-01-24T16:06:12+01:00\">24 de enero de 2026<\/time><\/span>\n\t\t\t\t\t\t\t\t\t\t\t\t\t\t\t\t\t\t\t\t\t\t\t\t\t\t\t\t\t\t\t\t\t\t\t\t                    <\/div>\n\t\t\t\t            <\/div>\n\n\t\t\t                <div class=\"item-content entry-content\">\n\t\t\t\t\t<p>Texto basado en el art\u00edculo \u201cEvaluating for Celiac Disease in Patients on a Gluten-Free Diet: A Practical Approach\u201d, publicado no American Journal of Gastroenterology em 2025. Introducci\u00f3n La enfermedad cel\u00edaca &#8230;<\/p>\n                <\/div>\n\t\t\t\n\t\t\t                <div class=\"penci-readmore-btn penci-btn-align-left\">\n                    <a class=\"penci-btn-readmore\"\n                       href=\"https:\/\/gastropedia.pub\/es\/gastroenterologia\/evaluacion-de-la-enfermedad-celiaca-en-pacientes-que-siguen-una-dieta-sin-gluten-un-enfoque-practico-para-el-gastroenterologo\/\">Leer M\u00e1s<i class=\"penci-faicon fa fa-angle-double-right\" ><\/i><\/a>\n                <\/div>\n\t\t\t\n\t\t\t        <\/div>\n\n    <\/article>\n<\/li>\n\n\t\t\t\t\t\t\t\t\t\t\t\t\t\t\t\t\t\t\t\t\t\t\t\t\t\t\t\t<\/ul>\n\t\t\t\t\t\t\t\t\t\t\t\t\t\t\t\t\t\t\t\t\t                        <\/div>\n\n\t\t\t\t\t\t                    <\/div>\n                <\/div>\n\t\t\t            <style>\n                                                                                                                                                                            <\/style>\n\t\t\t\t\t\t\t<\/div>\n\t\t\t\t<\/div>\n\t\t\t\t\t<\/div>\n\t\t<\/div>\n\t\t\t\t\t<\/div>\n\t\t<\/section>\n\t\t\t\t<\/div>\n\t\t","protected":false},"excerpt":{"rendered":"<p>This message appears for administrator users only Latest PostsNo Post Found!<\/p>\n","protected":false},"author":1,"featured_media":0,"parent":9249,"menu_order":0,"comment_status":"closed","ping_status":"closed","template":"","meta":{"_lmt_disableupdate":"no","_lmt_disable":"","footnotes":""},"class_list":["post-9254","page","type-page","status-publish","hentry"],"yoast_head":"<!-- This site is optimized with the Yoast SEO Premium plugin v27.2 (Yoast SEO v27.3) - https:\/\/yoast.com\/product\/yoast-seo-premium-wordpress\/ -->\n<title>Volumen I - Gastropedia<\/title>\n<meta name=\"robots\" content=\"index, follow, max-snippet:-1, max-image-preview:large, max-video-preview:-1\" \/>\n<link rel=\"canonical\" href=\"https:\/\/gastropedia.pub\/es\/ediciones\/ano-2026\/volumen-i\/\" \/>\n<meta property=\"og:locale\" content=\"es_ES\" \/>\n<meta property=\"og:type\" content=\"article\" \/>\n<meta property=\"og:title\" content=\"Volumen I\" \/>\n<meta property=\"og:description\" content=\"This message appears for administrator users only Latest PostsNo Post Found!\" \/>\n<meta property=\"og:url\" content=\"https:\/\/gastropedia.pub\/es\/ediciones\/ano-2026\/volumen-i\/\" \/>\n<meta property=\"og:site_name\" content=\"Gastropedia\" \/>\n<meta property=\"article:modified_time\" content=\"2026-01-07T16:59:07+00:00\" \/>\n<meta name=\"twitter:card\" content=\"summary_large_image\" \/>\n<meta name=\"twitter:label1\" content=\"Tiempo de lectura\" \/>\n\t<meta name=\"twitter:data1\" content=\"1 minuto\" \/>\n<script type=\"application\/ld+json\" class=\"yoast-schema-graph\">{\"@context\":\"https:\\\/\\\/schema.org\",\"@graph\":[{\"@type\":\"WebPage\",\"@id\":\"https:\\\/\\\/gastropedia.pub\\\/es\\\/ediciones\\\/ano-2026\\\/volumen-i\\\/\",\"url\":\"https:\\\/\\\/gastropedia.pub\\\/es\\\/ediciones\\\/ano-2026\\\/volumen-i\\\/\",\"name\":\"Volumen I - Gastropedia\",\"isPartOf\":{\"@id\":\"https:\\\/\\\/gastropedia.pub\\\/es\\\/#website\"},\"datePublished\":\"2026-01-07T16:55:20+00:00\",\"dateModified\":\"2026-01-07T16:59:07+00:00\",\"breadcrumb\":{\"@id\":\"https:\\\/\\\/gastropedia.pub\\\/es\\\/ediciones\\\/ano-2026\\\/volumen-i\\\/#breadcrumb\"},\"inLanguage\":\"es\",\"potentialAction\":[{\"@type\":\"ReadAction\",\"target\":[\"https:\\\/\\\/gastropedia.pub\\\/es\\\/ediciones\\\/ano-2026\\\/volumen-i\\\/\"]}]},{\"@type\":\"BreadcrumbList\",\"@id\":\"https:\\\/\\\/gastropedia.pub\\\/es\\\/ediciones\\\/ano-2026\\\/volumen-i\\\/#breadcrumb\",\"itemListElement\":[{\"@type\":\"ListItem\",\"position\":1,\"name\":\"Inicio\",\"item\":\"https:\\\/\\\/gastropedia.pub\\\/es\\\/\"},{\"@type\":\"ListItem\",\"position\":2,\"name\":\"Ediciones\",\"item\":\"https:\\\/\\\/gastropedia.pub\\\/es\\\/ediciones\\\/\"},{\"@type\":\"ListItem\",\"position\":3,\"name\":\"A\u00f1o 2026\",\"item\":\"https:\\\/\\\/gastropedia.pub\\\/es\\\/ediciones\\\/ano-2026\\\/\"},{\"@type\":\"ListItem\",\"position\":4,\"name\":\"Volumen I\"}]},{\"@type\":\"WebSite\",\"@id\":\"https:\\\/\\\/gastropedia.pub\\\/es\\\/#website\",\"url\":\"https:\\\/\\\/gastropedia.pub\\\/es\\\/\",\"name\":\"Gastropedia\",\"description\":\"Actualizaci\u00f3n m\u00e9dica de forma sencilla para profesionales que trabajan con la salud del aparato digestivo.\",\"potentialAction\":[{\"@type\":\"SearchAction\",\"target\":{\"@type\":\"EntryPoint\",\"urlTemplate\":\"https:\\\/\\\/gastropedia.pub\\\/es\\\/?s={search_term_string}\"},\"query-input\":{\"@type\":\"PropertyValueSpecification\",\"valueRequired\":true,\"valueName\":\"search_term_string\"}}],\"inLanguage\":\"es\"}]}<\/script>\n<!-- \/ Yoast SEO Premium plugin. -->","yoast_head_json":{"title":"Volumen I - Gastropedia","robots":{"index":"index","follow":"follow","max-snippet":"max-snippet:-1","max-image-preview":"max-image-preview:large","max-video-preview":"max-video-preview:-1"},"canonical":"https:\/\/gastropedia.pub\/es\/ediciones\/ano-2026\/volumen-i\/","og_locale":"es_ES","og_type":"article","og_title":"Volumen I","og_description":"This message appears for administrator users only Latest PostsNo Post Found!","og_url":"https:\/\/gastropedia.pub\/es\/ediciones\/ano-2026\/volumen-i\/","og_site_name":"Gastropedia","article_modified_time":"2026-01-07T16:59:07+00:00","twitter_card":"summary_large_image","twitter_misc":{"Tiempo de lectura":"1 minuto"},"schema":{"@context":"https:\/\/schema.org","@graph":[{"@type":"WebPage","@id":"https:\/\/gastropedia.pub\/es\/ediciones\/ano-2026\/volumen-i\/","url":"https:\/\/gastropedia.pub\/es\/ediciones\/ano-2026\/volumen-i\/","name":"Volumen I - Gastropedia","isPartOf":{"@id":"https:\/\/gastropedia.pub\/es\/#website"},"datePublished":"2026-01-07T16:55:20+00:00","dateModified":"2026-01-07T16:59:07+00:00","breadcrumb":{"@id":"https:\/\/gastropedia.pub\/es\/ediciones\/ano-2026\/volumen-i\/#breadcrumb"},"inLanguage":"es","potentialAction":[{"@type":"ReadAction","target":["https:\/\/gastropedia.pub\/es\/ediciones\/ano-2026\/volumen-i\/"]}]},{"@type":"BreadcrumbList","@id":"https:\/\/gastropedia.pub\/es\/ediciones\/ano-2026\/volumen-i\/#breadcrumb","itemListElement":[{"@type":"ListItem","position":1,"name":"Inicio","item":"https:\/\/gastropedia.pub\/es\/"},{"@type":"ListItem","position":2,"name":"Ediciones","item":"https:\/\/gastropedia.pub\/es\/ediciones\/"},{"@type":"ListItem","position":3,"name":"A\u00f1o 2026","item":"https:\/\/gastropedia.pub\/es\/ediciones\/ano-2026\/"},{"@type":"ListItem","position":4,"name":"Volumen I"}]},{"@type":"WebSite","@id":"https:\/\/gastropedia.pub\/es\/#website","url":"https:\/\/gastropedia.pub\/es\/","name":"Gastropedia","description":"Actualizaci\u00f3n m\u00e9dica de forma sencilla para profesionales que trabajan con la salud del aparato digestivo.","potentialAction":[{"@type":"SearchAction","target":{"@type":"EntryPoint","urlTemplate":"https:\/\/gastropedia.pub\/es\/?s={search_term_string}"},"query-input":{"@type":"PropertyValueSpecification","valueRequired":true,"valueName":"search_term_string"}}],"inLanguage":"es"}]}},"_links":{"self":[{"href":"https:\/\/gastropedia.pub\/es\/wp-json\/wp\/v2\/pages\/9254","targetHints":{"allow":["GET"]}}],"collection":[{"href":"https:\/\/gastropedia.pub\/es\/wp-json\/wp\/v2\/pages"}],"about":[{"href":"https:\/\/gastropedia.pub\/es\/wp-json\/wp\/v2\/types\/page"}],"author":[{"embeddable":true,"href":"https:\/\/gastropedia.pub\/es\/wp-json\/wp\/v2\/users\/1"}],"replies":[{"embeddable":true,"href":"https:\/\/gastropedia.pub\/es\/wp-json\/wp\/v2\/comments?post=9254"}],"version-history":[{"count":5,"href":"https:\/\/gastropedia.pub\/es\/wp-json\/wp\/v2\/pages\/9254\/revisions"}],"predecessor-version":[{"id":9261,"href":"https:\/\/gastropedia.pub\/es\/wp-json\/wp\/v2\/pages\/9254\/revisions\/9261"}],"up":[{"embeddable":true,"href":"https:\/\/gastropedia.pub\/es\/wp-json\/wp\/v2\/pages\/9249"}],"wp:attachment":[{"href":"https:\/\/gastropedia.pub\/es\/wp-json\/wp\/v2\/media?parent=9254"}],"curies":[{"name":"wp","href":"https:\/\/api.w.org\/{rel}","templated":true}]}}