{"id":2806,"date":"2022-10-07T17:09:29","date_gmt":"2022-10-07T20:09:29","guid":{"rendered":"https:\/\/gastropedia.pub\/es\/?page_id=2806"},"modified":"2024-01-19T16:41:09","modified_gmt":"2024-01-19T15:41:09","slug":"terminos-de-consentimiento","status":"publish","type":"page","link":"https:\/\/gastropedia.pub\/es\/terminos-de-consentimiento\/","title":{"rendered":"T\u00e9rminos de consentimiento"},"content":{"rendered":"\t\t<div data-elementor-type=\"wp-page\" data-elementor-id=\"2806\" class=\"elementor elementor-2806\">\n\t\t\t\t\t\t<section class=\"penci-section penci-disSticky penci-structure-10 elementor-section elementor-top-section elementor-element elementor-element-fa12b28 elementor-section-boxed elementor-section-height-default elementor-section-height-default\" data-id=\"fa12b28\" data-element_type=\"section\" data-e-type=\"section\">\n\t\t\t\t\t\t<div class=\"elementor-container elementor-column-gap-default\">\n\t\t\t\t\t<div class=\"penci-ercol-100 penci-ercol-order-1 penci-sticky-ct    elementor-column elementor-col-100 elementor-top-column elementor-element elementor-element-21c5fbc\" data-id=\"21c5fbc\" data-element_type=\"column\" data-e-type=\"column\">\n\t\t\t<div class=\"elementor-widget-wrap elementor-element-populated\">\n\t\t\t\t\t\t<div class=\"elementor-element elementor-element-120260c elementor-widget elementor-widget-text-editor\" data-id=\"120260c\" data-element_type=\"widget\" data-e-type=\"widget\" data-widget_type=\"text-editor.default\">\n\t\t\t\t<div class=\"elementor-widget-container\">\n\t\t\t\t\t\t\t\t\t<p>Cuando utilizas nuestro sitio web, nos comprometemos a mantener la seguridad de tus datos e informaci\u00f3n.<\/p>\n<p>Por lo tanto, este T\u00e9rmino de Consentimiento tiene como objetivo registrar tu manifestaci\u00f3n libre, informada e inequ\u00edvoca sobre c\u00f3mo GASTROPEDIA tratar\u00e1 tus datos personales, con el fin de registrarte como usuario en el sitio y enviar boletines, de acuerdo con la Ley General de Protecci\u00f3n de Datos Personales &#8211; LGPD (Ley N\u00b0 13.709\/2018).<\/p>\n<p>GASTROPEDIA mantendr\u00e1 tus informaciones y datos personales mientras sean necesarios seg\u00fan el prop\u00f3sito descrito o hasta que se solicite su eliminaci\u00f3n.<\/p>\n<p>Todos tus datos recopilados por GASTROPEDIA son confidenciales. El uso de los datos est\u00e1 de acuerdo con las normativas legales. De esta forma, invertiremos todos nuestros esfuerzos para garantizar la seguridad de tus informaciones y datos personales.<\/p>\n<p>Mantendremos los datos e informaciones almacenados en nuestra base de datos, sin acceso ni transferencia a terceros, solo hasta que sean necesarios o relevantes para los fines descritos en esta Pol\u00edtica.<\/p>\n<p>Eres due\u00f1o de tus informaciones y datos personales, por lo que en cualquier momento puedes optar por no divulgar tus datos a GASTROPEDIA.<\/p>\n<p>La relaci\u00f3n de los derechos que tienes sobre tus datos personales se puede consultar en nuestra <a href=\"https:\/\/gastropedia.pub\/es\/politica-de-privacidad-y-proteccion-de-datos\/\" target=\"_blank\" rel=\"noopener\">Pol\u00edtica de Privacidad<\/a>.<\/p>\n<p>Este consentimiento podr\u00e1 ser revocado\/cancelado\/modificado por ti, en cualquier momento, mediante solicitud v\u00eda email: contacto@gastropedia.pub<\/p>\n<p>La aceptaci\u00f3n de este T\u00e9rmino de Consentimiento se realizar\u00e1 cuando hagas clic en el bot\u00f3n de aceptar. Esto indicar\u00e1 que est\u00e1s consciente y declaras tu CONSENTIMIENTO sobre la manera en que recopilaremos, trataremos y almacenaremos datos sobre ti.<\/p>\t\t\t\t\t\t\t\t<\/div>\n\t\t\t\t<\/div>\n\t\t\t\t\t<\/div>\n\t\t<\/div>\n\t\t\t\t\t<\/div>\n\t\t<\/section>\n\t\t\t\t<\/div>\n\t\t","protected":false},"excerpt":{"rendered":"<p>Cuando utilizas nuestro sitio web, nos comprometemos a mantener la seguridad de tus datos e informaci\u00f3n. Por lo tanto, este T\u00e9rmino de Consentimiento tiene como objetivo registrar tu manifestaci\u00f3n libre,&hellip;<\/p>\n","protected":false},"author":1,"featured_media":0,"parent":0,"menu_order":0,"comment_status":"closed","ping_status":"closed","template":"","meta":{"_lmt_disableupdate":"","_lmt_disable":"","footnotes":""},"class_list":["post-2806","page","type-page","status-publish","hentry"],"yoast_head":"<!-- This site is optimized with the Yoast SEO Premium plugin v27.2 (Yoast SEO v27.3) - https:\/\/yoast.com\/product\/yoast-seo-premium-wordpress\/ -->\n<title>T\u00e9rminos de consentimiento - Gastropedia<\/title>\n<meta name=\"robots\" content=\"index, follow, max-snippet:-1, max-image-preview:large, max-video-preview:-1\" \/>\n<link rel=\"canonical\" href=\"https:\/\/gastropedia.pub\/es\/terminos-de-consentimiento\/\" \/>\n<meta property=\"og:locale\" content=\"es_ES\" \/>\n<meta property=\"og:type\" content=\"article\" \/>\n<meta property=\"og:title\" content=\"T\u00e9rminos de consentimiento\" \/>\n<meta property=\"og:description\" content=\"Cuando utilizas nuestro sitio web, nos comprometemos a mantener la seguridad de tus datos e informaci\u00f3n. Por lo tanto, este T\u00e9rmino de Consentimiento tiene como objetivo registrar tu manifestaci\u00f3n libre,&hellip;\" \/>\n<meta property=\"og:url\" content=\"https:\/\/gastropedia.pub\/es\/terminos-de-consentimiento\/\" \/>\n<meta property=\"og:site_name\" content=\"Gastropedia\" \/>\n<meta property=\"article:modified_time\" content=\"2024-01-19T15:41:09+00:00\" \/>\n<meta name=\"twitter:card\" content=\"summary_large_image\" \/>\n<meta name=\"twitter:label1\" content=\"Tiempo de lectura\" \/>\n\t<meta name=\"twitter:data1\" content=\"2 minutos\" \/>\n<script type=\"application\/ld+json\" class=\"yoast-schema-graph\">{\"@context\":\"https:\\\/\\\/schema.org\",\"@graph\":[{\"@type\":\"WebPage\",\"@id\":\"https:\\\/\\\/gastropedia.pub\\\/es\\\/terminos-de-consentimiento\\\/\",\"url\":\"https:\\\/\\\/gastropedia.pub\\\/es\\\/terminos-de-consentimiento\\\/\",\"name\":\"T\u00e9rminos de consentimiento - Gastropedia\",\"isPartOf\":{\"@id\":\"https:\\\/\\\/gastropedia.pub\\\/es\\\/#website\"},\"datePublished\":\"2022-10-07T20:09:29+00:00\",\"dateModified\":\"2024-01-19T15:41:09+00:00\",\"breadcrumb\":{\"@id\":\"https:\\\/\\\/gastropedia.pub\\\/es\\\/terminos-de-consentimiento\\\/#breadcrumb\"},\"inLanguage\":\"es\",\"potentialAction\":[{\"@type\":\"ReadAction\",\"target\":[\"https:\\\/\\\/gastropedia.pub\\\/es\\\/terminos-de-consentimiento\\\/\"]}]},{\"@type\":\"BreadcrumbList\",\"@id\":\"https:\\\/\\\/gastropedia.pub\\\/es\\\/terminos-de-consentimiento\\\/#breadcrumb\",\"itemListElement\":[{\"@type\":\"ListItem\",\"position\":1,\"name\":\"Inicio\",\"item\":\"https:\\\/\\\/gastropedia.pub\\\/es\\\/\"},{\"@type\":\"ListItem\",\"position\":2,\"name\":\"T\u00e9rminos de consentimiento\"}]},{\"@type\":\"WebSite\",\"@id\":\"https:\\\/\\\/gastropedia.pub\\\/es\\\/#website\",\"url\":\"https:\\\/\\\/gastropedia.pub\\\/es\\\/\",\"name\":\"Gastropedia\",\"description\":\"Actualizaci\u00f3n m\u00e9dica de forma sencilla para profesionales que trabajan con la salud del aparato digestivo.\",\"potentialAction\":[{\"@type\":\"SearchAction\",\"target\":{\"@type\":\"EntryPoint\",\"urlTemplate\":\"https:\\\/\\\/gastropedia.pub\\\/es\\\/?s={search_term_string}\"},\"query-input\":{\"@type\":\"PropertyValueSpecification\",\"valueRequired\":true,\"valueName\":\"search_term_string\"}}],\"inLanguage\":\"es\"}]}<\/script>\n<!-- \/ Yoast SEO Premium plugin. -->","yoast_head_json":{"title":"T\u00e9rminos de consentimiento - Gastropedia","robots":{"index":"index","follow":"follow","max-snippet":"max-snippet:-1","max-image-preview":"max-image-preview:large","max-video-preview":"max-video-preview:-1"},"canonical":"https:\/\/gastropedia.pub\/es\/terminos-de-consentimiento\/","og_locale":"es_ES","og_type":"article","og_title":"T\u00e9rminos de consentimiento","og_description":"Cuando utilizas nuestro sitio web, nos comprometemos a mantener la seguridad de tus datos e informaci\u00f3n. Por lo tanto, este T\u00e9rmino de Consentimiento tiene como objetivo registrar tu manifestaci\u00f3n libre,&hellip;","og_url":"https:\/\/gastropedia.pub\/es\/terminos-de-consentimiento\/","og_site_name":"Gastropedia","article_modified_time":"2024-01-19T15:41:09+00:00","twitter_card":"summary_large_image","twitter_misc":{"Tiempo de lectura":"2 minutos"},"schema":{"@context":"https:\/\/schema.org","@graph":[{"@type":"WebPage","@id":"https:\/\/gastropedia.pub\/es\/terminos-de-consentimiento\/","url":"https:\/\/gastropedia.pub\/es\/terminos-de-consentimiento\/","name":"T\u00e9rminos de consentimiento - Gastropedia","isPartOf":{"@id":"https:\/\/gastropedia.pub\/es\/#website"},"datePublished":"2022-10-07T20:09:29+00:00","dateModified":"2024-01-19T15:41:09+00:00","breadcrumb":{"@id":"https:\/\/gastropedia.pub\/es\/terminos-de-consentimiento\/#breadcrumb"},"inLanguage":"es","potentialAction":[{"@type":"ReadAction","target":["https:\/\/gastropedia.pub\/es\/terminos-de-consentimiento\/"]}]},{"@type":"BreadcrumbList","@id":"https:\/\/gastropedia.pub\/es\/terminos-de-consentimiento\/#breadcrumb","itemListElement":[{"@type":"ListItem","position":1,"name":"Inicio","item":"https:\/\/gastropedia.pub\/es\/"},{"@type":"ListItem","position":2,"name":"T\u00e9rminos de consentimiento"}]},{"@type":"WebSite","@id":"https:\/\/gastropedia.pub\/es\/#website","url":"https:\/\/gastropedia.pub\/es\/","name":"Gastropedia","description":"Actualizaci\u00f3n m\u00e9dica de forma sencilla para profesionales que trabajan con la salud del aparato digestivo.","potentialAction":[{"@type":"SearchAction","target":{"@type":"EntryPoint","urlTemplate":"https:\/\/gastropedia.pub\/es\/?s={search_term_string}"},"query-input":{"@type":"PropertyValueSpecification","valueRequired":true,"valueName":"search_term_string"}}],"inLanguage":"es"}]}},"_links":{"self":[{"href":"https:\/\/gastropedia.pub\/es\/wp-json\/wp\/v2\/pages\/2806","targetHints":{"allow":["GET"]}}],"collection":[{"href":"https:\/\/gastropedia.pub\/es\/wp-json\/wp\/v2\/pages"}],"about":[{"href":"https:\/\/gastropedia.pub\/es\/wp-json\/wp\/v2\/types\/page"}],"author":[{"embeddable":true,"href":"https:\/\/gastropedia.pub\/es\/wp-json\/wp\/v2\/users\/1"}],"replies":[{"embeddable":true,"href":"https:\/\/gastropedia.pub\/es\/wp-json\/wp\/v2\/comments?post=2806"}],"version-history":[{"count":35,"href":"https:\/\/gastropedia.pub\/es\/wp-json\/wp\/v2\/pages\/2806\/revisions"}],"predecessor-version":[{"id":8369,"href":"https:\/\/gastropedia.pub\/es\/wp-json\/wp\/v2\/pages\/2806\/revisions\/8369"}],"wp:attachment":[{"href":"https:\/\/gastropedia.pub\/es\/wp-json\/wp\/v2\/media?parent=2806"}],"curies":[{"name":"wp","href":"https:\/\/api.w.org\/{rel}","templated":true}]}}