{"id":2800,"date":"2022-10-07T17:02:07","date_gmt":"2022-10-07T20:02:07","guid":{"rendered":"https:\/\/gastropedia.pub\/es\/?page_id=2800"},"modified":"2024-01-19T21:46:41","modified_gmt":"2024-01-19T20:46:41","slug":"politica-de-privacidad-y-proteccion-de-datos","status":"publish","type":"page","link":"https:\/\/gastropedia.pub\/es\/politica-de-privacidad-y-proteccion-de-datos\/","title":{"rendered":"Pol\u00edtica de Privacidad y Protecci\u00f3n de Datos"},"content":{"rendered":"\t\t<div data-elementor-type=\"wp-page\" data-elementor-id=\"2800\" class=\"elementor elementor-2800\">\n\t\t\t\t\t\t<section class=\"penci-section penci-disSticky penci-structure-10 elementor-section elementor-top-section elementor-element elementor-element-e26fdee elementor-section-boxed elementor-section-height-default elementor-section-height-default\" data-id=\"e26fdee\" data-element_type=\"section\" data-e-type=\"section\">\n\t\t\t\t\t\t<div class=\"elementor-container elementor-column-gap-default\">\n\t\t\t\t\t<div class=\"penci-ercol-100 penci-ercol-order-1 penci-sticky-ct    elementor-column elementor-col-100 elementor-top-column elementor-element elementor-element-1ac1695\" data-id=\"1ac1695\" data-element_type=\"column\" data-e-type=\"column\">\n\t\t\t<div class=\"elementor-widget-wrap elementor-element-populated\">\n\t\t\t\t\t\t<div class=\"elementor-element elementor-element-faa7326 elementor-widget elementor-widget-text-editor\" data-id=\"faa7326\" data-element_type=\"widget\" data-e-type=\"widget\" data-widget_type=\"text-editor.default\">\n\t\t\t\t<div class=\"elementor-widget-container\">\n\t\t\t\t\t\t\t\t\t<p><\/p>\n<p><\/p>\n<p><\/p>\n<p><span style=\"color: inherit; font-family: inherit; font-size: inherit; font-weight: inherit; text-align: inherit;\">Gastropedia, accesible en gastropedia.pub\/es, reconoce la importancia de los registros electr\u00f3nicos y los datos personales proporcionados por usted (&#8220;Titular&#8221;) al utilizar nuestro sitio web. La presente Pol\u00edtica de Privacidad (&#8220;Pol\u00edtica&#8221;) tiene como objetivo regular de manera simple, transparente y objetiva qu\u00e9 datos personales ser\u00e1n recolectados, as\u00ed como cu\u00e1ndo y c\u00f3mo podr\u00e1n ser utilizados.<\/span> Esta pol\u00edtica est\u00e1 espec\u00edficamente dirigida a m\u00e9dicos y profesionales del \u00e1rea de la salud, y abarca de manera b\u00e1sica las formas en que tratamos los datos personales. En caso de tener dudas adicionales o necesitar realizar solicitudes, por favor, contacte a nuestro Encargado \u2013 Gestor de Protecci\u00f3n de Datos, el Dr. BRUNO MARTINS, a trav\u00e9s del correo electr\u00f3nico: contacto@brunomartins.med.br. Para ilustrar mejor c\u00f3mo realizamos el tratamiento de datos, presentamos un resumen de nuestra Pol\u00edtica de Privacidad y Protecci\u00f3n de Datos Personales (\u201cPol\u00edtica\u201d):<\/p>\n<h3>Quadro resumo:<\/h3>\n<div class=\"pcrstb-wrap\"><table width=\"591\">\n<tbody>\n<tr>\n<td width=\"295\">Agente de tratamiento<\/td>\n<td width=\"296\">Gastropedia<\/td>\n<\/tr>\n<tr>\n<td width=\"295\">Rol en el tratamiento<\/td>\n<td width=\"296\">Controladora<\/td>\n<\/tr>\n<tr>\n<td width=\"295\">Naturaleza de los datos tratados<\/td>\n<td width=\"296\">Datos personales proporcionados por el Titular<\/td>\n<\/tr>\n<tr>\n<td width=\"295\">Principal finalidad del tratamiento<\/td>\n<td width=\"296\">FINALIDAD: Registro de usuarios para la recepci\u00f3n de informaci\u00f3n y para que puedan publicar sus art\u00edculos. BASE LEGAL: Consentimiento (Art. 7\u00ba de la LGPD).<\/td>\n<\/tr>\n<tr>\n<td width=\"295\">Compartir<\/td>\n<td width=\"296\">Los datos personales (e-mail) se comparten con el servicio de newsletter. Solo de los usuarios que se han suscrito voluntariamente a trav\u00e9s del sitio web. La lista de e-mails tambi\u00e9n se utiliza en nuestras cuentas de anuncios en Meta y Google para acciones de marketing y personalizaci\u00f3n de anuncios, utilizando las pol\u00edticas y herramientas de estas plataformas, sin enviar e-mails directos y sin autorizaci\u00f3n.<\/td>\n<\/tr>\n<tr>\n<td width=\"295\">Protecci\u00f3n de datos<\/td>\n<td width=\"296\">Medidas de seguridad, t\u00e9cnicas y administrativas adecuadas.<\/td>\n<\/tr>\n<tr>\n<td width=\"295\">Derechos del titular de los datos<\/td>\n<td width=\"296\">Confirmaci\u00f3n de la existencia de tratamiento, acceso, correcci\u00f3n, portabilidad, solicitud de eliminaci\u00f3n, etc.<\/td>\n<\/tr>\n<\/tbody>\n<\/table><\/div>\n<p>Esta pol\u00edtica puede ser actualizada en cualquier momento por Gastropedia, mediante un aviso en el sitio web.<\/p>\n<h3><span style=\"color: var(--pcheading-cl); font-family: var(--pchead-font); font-size: 20px; font-weight: var(--pchead-wei); letter-spacing: 0px;\">Defini\u00e7\u00f5es:<\/span><\/h3>\n<p>En caso de tener alguna duda sobre los t\u00e9rminos utilizados en esta pol\u00edtica, le sugerimos consultar la tabla a continuaci\u00f3n:<\/p>\n<div class=\"pcrstb-wrap\"><table width=\"591\">\n<tbody>\n<tr>\n<td width=\"295\">\u00a0<strong>T\u00c9RMINO<\/strong><\/td>\n<td width=\"296\"><strong>DEFINICI\u00d3N<\/strong><\/td>\n<\/tr>\n<tr>\n<td width=\"295\">Dato personal<\/td>\n<td width=\"296\">Cualquier informaci\u00f3n relacionada a una persona natural, directa o indirectamente, identificada o identificable.<\/td>\n<\/tr>\n<tr>\n<td width=\"295\">Dato personal sensible<\/td>\n<td width=\"296\">Categor\u00eda especial de datos personales que se refieren al origen racial o \u00e9tnico, convicci\u00f3n religiosa, opini\u00f3n pol\u00edtica, afiliaci\u00f3n sindical o a organizaci\u00f3n de car\u00e1cter religioso, filos\u00f3fico o pol\u00edtico, datos relativos a la salud o la vida sexual, datos gen\u00e9ticos o biom\u00e9tricos relacionados con una persona natural.<\/td>\n<\/tr>\n<tr>\n<td width=\"295\">Titular<\/td>\n<td width=\"296\">Persona natural a la que se refieren los datos personales, como antiguos, actuales o potenciales clientes, colaboradores, contratados, socios comerciales y terceros.<\/td>\n<\/tr>\n<tr>\n<td width=\"295\">Tratamiento<\/td>\n<td width=\"296\">Cualquier operaci\u00f3n realizada con datos personales, como las que se refieren a: recolecci\u00f3n, producci\u00f3n, recepci\u00f3n, clasificaci\u00f3n, uso, acceso, reproducci\u00f3n, transmisi\u00f3n, distribuci\u00f3n, procesamiento, archivo, almacenamiento, eliminaci\u00f3n, evaluaci\u00f3n o control de la informaci\u00f3n, modificaci\u00f3n, comunicaci\u00f3n, transferencia, difusi\u00f3n o extracci\u00f3n.<\/td>\n<\/tr>\n<tr>\n<td width=\"295\">Anonimizaci\u00f3n<\/td>\n<td width=\"296\">Proceso por el cual el dato pierde la posibilidad de asociaci\u00f3n, directa o indirecta, a un individuo, considerando los medios t\u00e9cnicos razonables y disponibles en el momento del tratamiento.<\/td>\n<\/tr>\n<\/tbody>\n<\/table><\/div>\n<p>El Usuario es consciente de que proporciona informaci\u00f3n de manera consciente y voluntaria a trav\u00e9s de formularios de registro. Los Datos Personales proporcionados por el Usuario al realizar el registro y\/o completar los formularios existentes en el sitio se mantendr\u00e1n en secreto y se utilizar\u00e1n solo para los fines definidos a continuaci\u00f3n:<\/p>\n<div class=\"pcrstb-wrap\"><table width=\"587\">\n<tbody>\n<tr>\n<td width=\"100\"><strong>Datos recogidos<\/strong><\/td>\n<td width=\"217\"><strong>Finalidad de uso\/<\/strong> <strong>tratamiento de datos<\/strong><\/td>\n<td width=\"138\"><strong>Base Legal<\/strong><\/td>\n<td width=\"133\"><strong>Consentimiento<\/strong><\/td>\n<\/tr>\n<tr>\n<td width=\"100\">Nombre Completo, Grado, Email, Foto, CRM y Fecha de Nacimiento.<\/td>\n<td width=\"217\">Registro para divulgaci\u00f3n de art\u00edculos en el sitio.<\/td>\n<td width=\"138\">Consentimiento<\/td>\n<td width=\"133\">Estoy de acuerdo en proporcionar mi Nombre, Grado, Foto, CRM y Fecha de Nacimiento. Soy consciente de que mis datos proporcionados ser\u00e1n utilizados internamente.<\/td>\n<\/tr>\n<tr>\n<td width=\"100\">Email<\/td>\n<td width=\"217\">Registro para env\u00edo de newsletters y marketing.<\/td>\n<td width=\"138\">Consentimiento<\/td>\n<td width=\"133\">Estoy de acuerdo en proporcionar mi email para la recepci\u00f3n de newsletters conforme a la pol\u00edtica de privacidad.<\/td>\n<\/tr>\n<\/tbody>\n<\/table><\/div>\n<p>Gastropedia puede recopilar la informaci\u00f3n ingresada activamente por el Titular en el momento de su contacto o de su registro.<\/p>\n<div>\n<h3>Tratamiento de datos personales:<\/h3>\n<p>La recopilaci\u00f3n de datos personales se lleva a cabo cuando el Titular de los Datos introduce o env\u00eda activamente al sitio Gastropedia informaci\u00f3n como nombre completo, correo electr\u00f3nico, fecha de nacimiento, CRM, t\u00edtulo universitario y fotograf\u00eda al completar formularios. Independientemente de los datos que el Titular proporcione activamente a Gastropedia, solo utilizaremos aquellos que sean realmente relevantes y necesarios para alcanzar los fines declarados en cada caso. El Titular puede acceder, actualizar y complementar sus datos, as\u00ed como solicitar la eliminaci\u00f3n de sus datos recopilados por Gastropedia, a trav\u00e9s del correo electr\u00f3nico: contacto@gastropedia.pub.<\/p>\n<h3>C\u00f3mo utilizamos los datos:<\/h3>\n<p>Los datos personales procesados por Gastropedia tienen como objetivo el registro de profesionales para la divulgaci\u00f3n de art\u00edculos elaborados por el Titular en nuestro sitio web y el env\u00edo de informaci\u00f3n a trav\u00e9s de boletines informativos.<\/p>\n<h3>C\u00f3mo utilizamos las cookies:<\/h3>\n<p>Las cookies son archivos o informaci\u00f3n que pueden almacenarse en sus dispositivos cuando visita el sitio web en l\u00ednea de Gastropedia. Por lo general, contienen el nombre del sitio que las origin\u00f3, su tiempo de vida y un valor generado aleatoriamente. Gastropedia utiliza cookies para facilitar el uso y adaptar mejor sus p\u00e1ginas a los intereses y necesidades de los Titulares, as\u00ed como para recopilar informaci\u00f3n sobre el uso de su sitio, ayudando a mejorar sus estructuras y contenidos. Tambi\u00e9n pueden ser utilizadas para acelerar sus actividades y experiencias futuras en nuestro portal.<\/p>\n<div class=\"pcrstb-wrap\"><table width=\"581\">\n<tbody>\n<tr>\n<td width=\"142\"><strong>Tipos de cookies<\/strong><\/td>\n<td width=\"439\"><strong>\u00bfQu\u00e9 hacen?<\/strong><\/td>\n<\/tr>\n<tr>\n<td width=\"142\">Necesarios<\/td>\n<td width=\"439\">Son esenciales para que las p\u00e1ginas de Gastropedia se carguen correctamente y permitan que navegue en nuestro sitio y utilice todas las funcionalidades.<\/td>\n<\/tr>\n<tr>\n<td width=\"142\">Rendimiento<\/td>\n<td width=\"439\">Nos ayudan a entender c\u00f3mo los visitantes interact\u00faan con las p\u00e1ginas de Gastropedia, proporcionando informaci\u00f3n sobre las \u00e1reas visitadas, el tiempo de visita al sitio y cualquier problema encontrado, como mensajes de error.<\/td>\n<\/tr>\n<tr>\n<td width=\"142\">Funcionales<\/td>\n<td width=\"439\">Permiten que las p\u00e1ginas de Gastropedia recuerden sus elecciones, para proporcionar una experiencia m\u00e1s personalizada. Tambi\u00e9n, posibilitan que los Titulares vean videos y utilicen herramientas sociales, campos para comentarios, foros, entre otros.<\/td>\n<\/tr>\n<tr>\n<td width=\"142\">Marketing<\/td>\n<td width=\"439\">Se utilizan para ofrecer contenido m\u00e1s relevante e interesante para los Titulares. Pueden ser utilizados para presentar publicidad m\u00e1s dirigida o limitar el n\u00famero de veces que se muestra, en las p\u00e1ginas de Gastropedia. Tambi\u00e9n, permiten medir la eficacia de una campa\u00f1a publicitaria de Gastropedia. Adem\u00e1s, pueden ser utilizados para indicar las p\u00e1ginas del sitio de Gastropedia que el Titular ha visitado y la empresa puede compartir esa informaci\u00f3n con terceros, como agencias publicitarias contratadas.<\/td>\n<\/tr>\n<\/tbody>\n<\/table><\/div>\n<p>Despu\u00e9s de que el Titular autorice el uso, cuando utilice las p\u00e1ginas de Gastropedia, se almacenar\u00e1 una cookie en su dispositivo para recordarle en la pr\u00f3xima sesi\u00f3n. En cualquier momento, el Titular puede revocar su consentimiento respecto a las cookies, debiendo eliminarlas mediante la configuraci\u00f3n de su navegador preferido. Por \u00faltimo, recordamos que, si el Titular no acepta algunas cookies del sitio Gastropedia, ciertos servicios pueden no funcionar de manera ideal.<\/p>\n<div class=\"min-h-[20px] text-message flex flex-col items-start gap-3 whitespace-pre-wrap break-words [.text-message+&amp;]:mt-5 overflow-x-auto\" data-message-author-role=\"assistant\" data-message-id=\"47ce898d-616a-46d8-8c00-dfbbbe12ab5d\">\n<div class=\"markdown prose w-full break-words dark:prose-invert dark\">\n<h3>Con qui\u00e9n compartimos los datos:<\/h3>\n<\/div>\n<\/div>\n<p>El \u00fanico dato proporcionado por el titular y compartido con terceros es el correo electr\u00f3nico para el env\u00edo de boletines informativos y acciones de marketing.<\/p>\n<h3>C\u00f3mo mantenemos los datos seguros:<\/h3>\n<p>El Gastropedia utiliza los medios razonables del mercado y legalmente requeridos para preservar la privacidad de los datos personales que recopila. De esta manera, adopta diversas precauciones, en cumplimiento de las pautas sobre est\u00e1ndares de seguridad, tales como:<\/p>\n<ul>\n<li>Protecci\u00f3n contra el acceso no autorizado a sus sistemas.<\/li>\n<li>Cifrado SSL<\/li>\n<li>WAF (Firewall de Aplicaci\u00f3n Web)<\/li>\n<li>Pol\u00edtica de actualizaciones de los software<\/li>\n<li>Mantenimiento de un inventario que indica el momento, la duraci\u00f3n, la identidad del empleado o del responsable del acceso, y el archivo objeto, basado en los registros de conexi\u00f3n y de acceso a aplicaciones.<\/li>\n<\/ul>\n<p>Adem\u00e1s de los esfuerzos t\u00e9cnicos, Gastropedia tambi\u00e9n adopta medidas institucionales para la protecci\u00f3n de datos personales, manteniendo una estructura y un programa de gobernanza en privacidad aplicado a sus actividades, constantemente actualizados. Aunque adopta los mejores esfuerzos para preservar la privacidad y proteger los datos de los Titulares, ninguna transmisi\u00f3n de informaci\u00f3n es totalmente segura, por lo que Gastropedia no puede garantizar completamente que todos los datos que recibe o env\u00eda no sean objeto de accesos no autorizados perpetrados mediante m\u00e9todos desarrollados para obtener informaci\u00f3n de manera indebida. Por este motivo, adem\u00e1s de nuestro reglamento interno encargado del intercambio de datos, incentivamos a los Titulares a tomar medidas apropiadas para protegerse, como mantener confidenciales sus inicios de sesi\u00f3n y contrase\u00f1as, siendo cierto que dicha informaci\u00f3n es personal, intransferible y de exclusiva responsabilidad de los Titulares.<\/p>\n<h3>Retenci\u00f3n de la informaci\u00f3n recopilada:<\/h3>\n<p>Con el fin de proteger la privacidad de los Titulares, los datos personales tratados por Gastropedia se eliminar\u00e1n cuando ya no sean \u00fatiles para los fines para los que fueron recopilados, o cuando el Titular solicite su eliminaci\u00f3n, excepto si su mantenimiento es expresamente autorizado por ley o reglamento aplicable. La informaci\u00f3n podr\u00e1 ser conservada para el cumplimiento del ejercicio del derecho del controlador en procesos judiciales o administrativos. El titular de los datos podr\u00e1 solicitar la eliminaci\u00f3n de los mismos mediante solicitud directa al correo electr\u00f3nico contacto@gastropedia.pub.<\/p>\n<h3>Derechos del Titular:<\/h3>\n<p>De acuerdo con la normativa aplicable en lo que respecta al tratamiento de datos personales, Gastropedia respeta y garantiza al Titular la posibilidad de presentar solicitudes basadas en los siguientes derechos:<\/p>\n<ol>\n<li>La confirmaci\u00f3n de la existencia de tratamiento<\/li>\n<li>El acceso a los datos<\/li>\n<li>La correcci\u00f3n de datos incompletos, inexactos o desactualizados<\/li>\n<li>La anonimizaci\u00f3n, bloqueo o eliminaci\u00f3n de datos innecesarios, excesivos o tratados en no conformidad<\/li>\n<li>La portabilidad de sus datos a otro proveedor de servicios o productos, mediante solicitud expresa del Titular<\/li>\n<li>La eliminaci\u00f3n de los datos tratados con el consentimiento del Titular<\/li>\n<li>La obtenci\u00f3n de informaci\u00f3n sobre las entidades p\u00fablicas o privadas con las cuales Gastropedia comparti\u00f3 sus datos<\/li>\n<li>La informaci\u00f3n sobre la posibilidad de no proporcionar su consentimiento, as\u00ed como de ser informado sobre las consecuencias, en caso de negativa<\/li>\n<li>La revocaci\u00f3n del consentimiento.<\/li>\n<\/ol>\n<p>Parte de estos derechos puede ser ejercida directamente por el Titular, a partir de la gesti\u00f3n de informaci\u00f3n sobre su cuenta, mientras que otra parte depender\u00e1 del env\u00edo de una solicitud a nuestro Encargado de Protecci\u00f3n de Datos v\u00eda e-mail: contacto@gastropedia.pub, para su posterior evaluaci\u00f3n y adopci\u00f3n de las dem\u00e1s providencias por parte de Gastropedia. El Usuario queda consciente de que la eliminaci\u00f3n de la informaci\u00f3n esencial para la gesti\u00f3n de su cuenta junto a Gastropedia implicar\u00e1 en la terminaci\u00f3n de su registro, con el consiguiente cancelamiento de los servicios entonces prestados. Gastropedia emprender\u00e1 todos los esfuerzos para atender a las solicitudes en el menor espacio de tiempo posible, sin embargo, factores justificables, como la complejidad de la acci\u00f3n solicitada, podr\u00edan retrasar o impedir su r\u00e1pida atenci\u00f3n. Por \u00faltimo, el Titular debe estar consciente de que su solicitud puede ser legalmente rechazada, sea por motivos formales (por ejemplo, su incapacidad de comprobar su identidad) o legales (como la solicitud de eliminaci\u00f3n de datos cuya mantenci\u00f3n es libre ejercicio de derecho por parte de Gastropedia).<\/p>\n<h3>Revis\u00f5es de la pol\u00edtica:<\/h3>\n<p>En caso de que Gastropedia modifique la presente pol\u00edtica, dichos cambios ser\u00e1n publicados de manera visible en el sitio web, y siempre que sea posible, se informar\u00e1 al titular de los datos.<\/p>\n<h3>Legislaci\u00f3n y fuero:<\/h3>\n<p>Esta pol\u00edtica se regir\u00e1, interpretar\u00e1 y ejecutar\u00e1 de acuerdo con las leyes de la Rep\u00fablica Federativa de Brasil, especialmente la Ley N\u00ba 13.709\/2018, independientemente de las leyes de otros estados o pa\u00edses, siendo competente el foro de domicilio del Titular para resolver cualquier duda que surja de esta.<\/p>\n<\/div>\t\t\t\t\t\t\t\t<\/div>\n\t\t\t\t<\/div>\n\t\t\t\t\t<\/div>\n\t\t<\/div>\n\t\t\t\t\t<\/div>\n\t\t<\/section>\n\t\t\t\t<\/div>\n\t\t","protected":false},"excerpt":{"rendered":"<p>Gastropedia, accesible en gastropedia.pub\/es, reconoce la importancia de los registros electr\u00f3nicos y los datos personales proporcionados por usted (&#8220;Titular&#8221;) al utilizar nuestro sitio web. La presente Pol\u00edtica de Privacidad (&#8220;Pol\u00edtica&#8221;)&hellip;<\/p>\n","protected":false},"author":1,"featured_media":0,"parent":0,"menu_order":0,"comment_status":"closed","ping_status":"closed","template":"","meta":{"_lmt_disableupdate":"","_lmt_disable":"","footnotes":""},"class_list":["post-2800","page","type-page","status-publish","hentry"],"yoast_head":"<!-- This site is optimized with the Yoast SEO Premium plugin v27.2 (Yoast SEO v27.3) - https:\/\/yoast.com\/product\/yoast-seo-premium-wordpress\/ -->\n<title>Pol\u00edtica de Privacidad y Protecci\u00f3n de Datos - Gastropedia<\/title>\n<meta name=\"robots\" content=\"index, follow, max-snippet:-1, max-image-preview:large, max-video-preview:-1\" \/>\n<link rel=\"canonical\" href=\"https:\/\/gastropedia.pub\/es\/politica-de-privacidad-y-proteccion-de-datos\/\" \/>\n<meta property=\"og:locale\" content=\"es_ES\" \/>\n<meta property=\"og:type\" content=\"article\" \/>\n<meta property=\"og:title\" content=\"Pol\u00edtica de Privacidad y Protecci\u00f3n de Datos\" \/>\n<meta property=\"og:description\" content=\"Gastropedia, accesible en gastropedia.pub\/es, reconoce la importancia de los registros electr\u00f3nicos y los datos personales proporcionados por usted (&#8220;Titular&#8221;) al utilizar nuestro sitio web. La presente Pol\u00edtica de Privacidad (&#8220;Pol\u00edtica&#8221;)&hellip;\" \/>\n<meta property=\"og:url\" content=\"https:\/\/gastropedia.pub\/es\/politica-de-privacidad-y-proteccion-de-datos\/\" \/>\n<meta property=\"og:site_name\" content=\"Gastropedia\" \/>\n<meta property=\"article:modified_time\" content=\"2024-01-19T20:46:41+00:00\" \/>\n<meta name=\"twitter:card\" content=\"summary_large_image\" \/>\n<meta name=\"twitter:label1\" content=\"Tiempo de lectura\" \/>\n\t<meta name=\"twitter:data1\" content=\"9 minutos\" \/>\n<script type=\"application\/ld+json\" class=\"yoast-schema-graph\">{\"@context\":\"https:\\\/\\\/schema.org\",\"@graph\":[{\"@type\":\"WebPage\",\"@id\":\"https:\\\/\\\/gastropedia.pub\\\/es\\\/politica-de-privacidad-y-proteccion-de-datos\\\/\",\"url\":\"https:\\\/\\\/gastropedia.pub\\\/es\\\/politica-de-privacidad-y-proteccion-de-datos\\\/\",\"name\":\"Pol\u00edtica de Privacidad y Protecci\u00f3n de Datos - Gastropedia\",\"isPartOf\":{\"@id\":\"https:\\\/\\\/gastropedia.pub\\\/es\\\/#website\"},\"datePublished\":\"2022-10-07T20:02:07+00:00\",\"dateModified\":\"2024-01-19T20:46:41+00:00\",\"breadcrumb\":{\"@id\":\"https:\\\/\\\/gastropedia.pub\\\/es\\\/politica-de-privacidad-y-proteccion-de-datos\\\/#breadcrumb\"},\"inLanguage\":\"es\",\"potentialAction\":[{\"@type\":\"ReadAction\",\"target\":[\"https:\\\/\\\/gastropedia.pub\\\/es\\\/politica-de-privacidad-y-proteccion-de-datos\\\/\"]}]},{\"@type\":\"BreadcrumbList\",\"@id\":\"https:\\\/\\\/gastropedia.pub\\\/es\\\/politica-de-privacidad-y-proteccion-de-datos\\\/#breadcrumb\",\"itemListElement\":[{\"@type\":\"ListItem\",\"position\":1,\"name\":\"Inicio\",\"item\":\"https:\\\/\\\/gastropedia.pub\\\/es\\\/\"},{\"@type\":\"ListItem\",\"position\":2,\"name\":\"Pol\u00edtica de Privacidad y Protecci\u00f3n de Datos\"}]},{\"@type\":\"WebSite\",\"@id\":\"https:\\\/\\\/gastropedia.pub\\\/es\\\/#website\",\"url\":\"https:\\\/\\\/gastropedia.pub\\\/es\\\/\",\"name\":\"Gastropedia\",\"description\":\"Actualizaci\u00f3n m\u00e9dica de forma sencilla para profesionales que trabajan con la salud del aparato digestivo.\",\"potentialAction\":[{\"@type\":\"SearchAction\",\"target\":{\"@type\":\"EntryPoint\",\"urlTemplate\":\"https:\\\/\\\/gastropedia.pub\\\/es\\\/?s={search_term_string}\"},\"query-input\":{\"@type\":\"PropertyValueSpecification\",\"valueRequired\":true,\"valueName\":\"search_term_string\"}}],\"inLanguage\":\"es\"}]}<\/script>\n<!-- \/ Yoast SEO Premium plugin. -->","yoast_head_json":{"title":"Pol\u00edtica de Privacidad y Protecci\u00f3n de Datos - Gastropedia","robots":{"index":"index","follow":"follow","max-snippet":"max-snippet:-1","max-image-preview":"max-image-preview:large","max-video-preview":"max-video-preview:-1"},"canonical":"https:\/\/gastropedia.pub\/es\/politica-de-privacidad-y-proteccion-de-datos\/","og_locale":"es_ES","og_type":"article","og_title":"Pol\u00edtica de Privacidad y Protecci\u00f3n de Datos","og_description":"Gastropedia, accesible en gastropedia.pub\/es, reconoce la importancia de los registros electr\u00f3nicos y los datos personales proporcionados por usted (&#8220;Titular&#8221;) al utilizar nuestro sitio web. La presente Pol\u00edtica de Privacidad (&#8220;Pol\u00edtica&#8221;)&hellip;","og_url":"https:\/\/gastropedia.pub\/es\/politica-de-privacidad-y-proteccion-de-datos\/","og_site_name":"Gastropedia","article_modified_time":"2024-01-19T20:46:41+00:00","twitter_card":"summary_large_image","twitter_misc":{"Tiempo de lectura":"9 minutos"},"schema":{"@context":"https:\/\/schema.org","@graph":[{"@type":"WebPage","@id":"https:\/\/gastropedia.pub\/es\/politica-de-privacidad-y-proteccion-de-datos\/","url":"https:\/\/gastropedia.pub\/es\/politica-de-privacidad-y-proteccion-de-datos\/","name":"Pol\u00edtica de Privacidad y Protecci\u00f3n de Datos - Gastropedia","isPartOf":{"@id":"https:\/\/gastropedia.pub\/es\/#website"},"datePublished":"2022-10-07T20:02:07+00:00","dateModified":"2024-01-19T20:46:41+00:00","breadcrumb":{"@id":"https:\/\/gastropedia.pub\/es\/politica-de-privacidad-y-proteccion-de-datos\/#breadcrumb"},"inLanguage":"es","potentialAction":[{"@type":"ReadAction","target":["https:\/\/gastropedia.pub\/es\/politica-de-privacidad-y-proteccion-de-datos\/"]}]},{"@type":"BreadcrumbList","@id":"https:\/\/gastropedia.pub\/es\/politica-de-privacidad-y-proteccion-de-datos\/#breadcrumb","itemListElement":[{"@type":"ListItem","position":1,"name":"Inicio","item":"https:\/\/gastropedia.pub\/es\/"},{"@type":"ListItem","position":2,"name":"Pol\u00edtica de Privacidad y Protecci\u00f3n de Datos"}]},{"@type":"WebSite","@id":"https:\/\/gastropedia.pub\/es\/#website","url":"https:\/\/gastropedia.pub\/es\/","name":"Gastropedia","description":"Actualizaci\u00f3n m\u00e9dica de forma sencilla para profesionales que trabajan con la salud del aparato digestivo.","potentialAction":[{"@type":"SearchAction","target":{"@type":"EntryPoint","urlTemplate":"https:\/\/gastropedia.pub\/es\/?s={search_term_string}"},"query-input":{"@type":"PropertyValueSpecification","valueRequired":true,"valueName":"search_term_string"}}],"inLanguage":"es"}]}},"_links":{"self":[{"href":"https:\/\/gastropedia.pub\/es\/wp-json\/wp\/v2\/pages\/2800","targetHints":{"allow":["GET"]}}],"collection":[{"href":"https:\/\/gastropedia.pub\/es\/wp-json\/wp\/v2\/pages"}],"about":[{"href":"https:\/\/gastropedia.pub\/es\/wp-json\/wp\/v2\/types\/page"}],"author":[{"embeddable":true,"href":"https:\/\/gastropedia.pub\/es\/wp-json\/wp\/v2\/users\/1"}],"replies":[{"embeddable":true,"href":"https:\/\/gastropedia.pub\/es\/wp-json\/wp\/v2\/comments?post=2800"}],"version-history":[{"count":63,"href":"https:\/\/gastropedia.pub\/es\/wp-json\/wp\/v2\/pages\/2800\/revisions"}],"predecessor-version":[{"id":8383,"href":"https:\/\/gastropedia.pub\/es\/wp-json\/wp\/v2\/pages\/2800\/revisions\/8383"}],"wp:attachment":[{"href":"https:\/\/gastropedia.pub\/es\/wp-json\/wp\/v2\/media?parent=2800"}],"curies":[{"name":"wp","href":"https:\/\/api.w.org\/{rel}","templated":true}]}}