{"id":1470,"date":"2022-09-23T09:44:00","date_gmt":"2022-09-23T12:44:00","guid":{"rendered":"https:\/\/gastropedia.pub\/es\/?page_id=1470"},"modified":"2023-11-16T17:51:14","modified_gmt":"2023-11-16T20:51:14","slug":"miscelanea","status":"publish","type":"page","link":"https:\/\/gastropedia.pub\/es\/gastrocirurgia\/miscelanea\/","title":{"rendered":"Miscel\u00e1nea"},"content":{"rendered":"\t\t<div data-elementor-type=\"wp-page\" data-elementor-id=\"1470\" class=\"elementor elementor-1470\">\n\t\t\t\t\t\t<section class=\"penci-section penci-disSticky penci-structure-10 elementor-section elementor-top-section elementor-element elementor-element-e6f978b elementor-section-boxed elementor-section-height-default elementor-section-height-default\" data-id=\"e6f978b\" data-element_type=\"section\" data-e-type=\"section\">\n\t\t\t\t\t\t<div class=\"elementor-container elementor-column-gap-default\">\n\t\t\t\t\t<div class=\"penci-ercol-100 penci-ercol-order-1 penci-sticky-ct    elementor-column elementor-col-100 elementor-top-column elementor-element elementor-element-a3eca14\" data-id=\"a3eca14\" data-element_type=\"column\" data-e-type=\"column\">\n\t\t\t<div class=\"elementor-widget-wrap elementor-element-populated\">\n\t\t\t\t\t\t<div class=\"elementor-element elementor-element-25cbc09 elementor-widget elementor-widget-penci-latest-posts\" data-id=\"25cbc09\" data-element_type=\"widget\" data-e-type=\"widget\" data-widget_type=\"penci-latest-posts.default\">\n\t\t\t\t<div class=\"elementor-widget-container\">\n\t\t\t\t\t                <div id=\"pencilatest_posts_84833\" class=\"penci-latest-posts-sc penci-latest-posts-grid penci-latest-posts-el penci-el-mixed-s1 penci-latest-posts-left penci-std-continue-center penci-std-excerpt-center penci-grid-excerpt-left\">\n\t\t\t\t\t\t\t\t\t\t\t                        <div class=\"penci-border-arrow penci-homepage-title penci-home-latest-posts style-14 pcalign-left pciconp-right pcicon-right\">\n                            <h3 class=\"inner-arrow\">\n                                <span>\n\t\t\t\t\t\t\t\t<span>\u00daLTIMOS ART\u00cdCULOS<\/span>                                <\/span>\n                            <\/h3>\n\t\t\t\t\t\t\t                        <\/div>\n\t\t\t\t\t                    <div class=\"penci-wrapper-posts-ajax\">\n\n                        <div class=\"penci-wrapper-posts-content pwid-default\">\n\n\t\t\t\t\t\t\t\t\t\t\t\t\t\t\t                                <ul data-cols=\"3\" data-tcols=\"3\" data-mcols=\"2\" data-layout=\"grid\"\n                                    class=\"has-d-cols has-t-cols has-m-cols penci-wrapper-data penci-grid penci-shortcode-render\">\t\t\t\t\t\t\t\t\t\t\t\t\t\t\t\t\t\t\t\t\t\t\t\t\t\t\t\t\t<li class=\"grid-style\">\n    <article id=\"post-8500\" class=\"item hentry\">\n\t\t            <div class=\"thumbnail\">\n\t\t\t\t\t\t\t\t                    <a class=\"penci-image-holder penci-lazy\"\n                       data-bgset=\"https:\/\/gastropedia.pub\/es\/wp-content\/uploads\/2024\/05\/Volumetry-after-botulinum-toxin-A-585x211.jpg?v=1715247062\"\n                       href=\"https:\/\/gastropedia.pub\/es\/cirugia\/reconstruccion-de-pared-abdominal-en-el-paciente-con-hernia-ventral-compleja-los-impactos-de-la-planificacion-quirurgica\/\" title=\"Reconstrucci\u00f3n de pared abdominal en el paciente con hernia ventral compleja: los impactos de la planificaci\u00f3n quir\u00fargica\">\n                    <\/a>\n\t\t\t\t\n\t\t\t\t\t\t\t\t\t\t\t\t\t\t\t\t\t\t\t\t\t\t\t\t\t\t\t\t\t\t\t\t\t            <\/div>\n\t\t\n        <div class=\"grid-header-box\">\n\t\t\t                <span class=\"cat\"><a style=\"\" class=\"penci-cat-name penci-cat-24\" href=\"https:\/\/gastropedia.pub\/es\/category\/cirugia\/\"  rel=\"category tag\"><span style=\"\">Cirug\u00eda<\/span><\/a><a style=\"\" class=\"penci-cat-name penci-cat-29\" href=\"https:\/\/gastropedia.pub\/es\/category\/cirugia\/miscelanea\/\"  rel=\"category tag\"><span style=\"\">Miscel\u00e1nea<\/span><\/a><\/span>\n\t\t\t\n            <h2 class=\"penci-entry-title entry-title grid-title penci_grid_title_df\"><a\n                        href=\"https:\/\/gastropedia.pub\/es\/cirugia\/reconstruccion-de-pared-abdominal-en-el-paciente-con-hernia-ventral-compleja-los-impactos-de-la-planificacion-quirurgica\/\">Reconstrucci\u00f3n de pared abdominal en el paciente con hernia ventral compleja: los impactos de la planificaci\u00f3n quir\u00fargica<\/a>\n            <\/h2>\n\t\t\t\t\t\t\t\t<div class=\"penci-hide-tagupdated\">\n\t\t\t<span class=\"author-italic author vcard\">por \t\t\t\t\t\t\t\t\t\t<a class=\"author-url url fn n\" href=\"https:\/\/gastropedia.pub\/es\/author\/pamaral\/?mab_v3=8500\">Pedro Amaral&nbsp;y&nbsp;Andrea Catherine Quiroz Gamarra<\/a>\t\t\t\t\t\t\t\t\t<\/span>\n\t\t\t<time class=\"entry-date published\" datetime=\"2025-06-16T00:17:04+02:00\">16 de junio de 2025<\/time>\t\t<\/div>\n\t\t\t\t\t\t                <div class=\"grid-post-box-meta\">\n\t\t\t\t\t\t\t\t\t\t                        <span class=\"otherl-date-author author-italic author vcard\">por                                 <a class=\"author-url url fn n\" href=\"https:\/\/gastropedia.pub\/es\/author\/pamaral\/?mab_v3=8500\">Pedro Amaral&nbsp;y&nbsp;Andrea Catherine Quiroz Gamarra<\/a>\t\t\t\t\t\t\t<\/span>\n\t\t\t\t\t\t\t\t\t\t                        <span class=\"otherl-date\"><time class=\"entry-date published\" datetime=\"2025-06-16T00:17:04+02:00\">16 de junio de 2025<\/time><\/span>\n\t\t\t\t\t\t\t\t\t\t\t\t\t\t\t\t\t\t\t\t\t\t\t\t\t\t\t\t\t\t                <\/div>\n\t\t\t        <\/div>\n\n\t\t            <div class=\"item-content entry-content\">\n\t\t\t\t<p>Las hernias de la pared abdominal representan un conjunto de enfermedades bastante prevalentes en la poblaci\u00f3n. Aproximadamente el 27% de la poblaci\u00f3n recibir\u00e1 alg\u00fan diagn\u00f3stico de hernia a lo largo &#8230;<\/p>\n            <\/div>\n\t\t\n\t\t\n\t\t            <div class=\"penci-post-box-meta penci-post-box-grid\">\n                <div class=\"penci-post-share-box\">\n\t\t\t\t\t\t\t\t\t\t                <\/div>\n            <\/div>\n\t\t    <\/article>\n<\/li>\n\n\t\t\t\t\t\t\t\t\t\t\t\t\t\t\t\t\t\t\t\t\t\t\t\t\t\t\t\t<\/ul>\n\t\t\t\t\t\t\t\t\t\t\t\t\t\t\t\t\t\t\t\t\t                        <\/div>\n\n\t\t\t\t\t\t                    <\/div>\n                <\/div>\n\t\t\t            <style>\n                                                                                                                                                                            <\/style>\n\t\t\t\t\t\t\t<\/div>\n\t\t\t\t<\/div>\n\t\t\t\t\t<\/div>\n\t\t<\/div>\n\t\t\t\t\t<\/div>\n\t\t<\/section>\n\t\t\t\t<\/div>\n\t\t","protected":false},"excerpt":{"rendered":"<p>\u00daLTIMOS ART\u00cdCULOS CirurgiaMiscel\u00e2nea As Temidas Deisc\u00eancias de Anastomose. Fatores de Risco, Diagn\u00f3stico e Tratamento por Mariane Gouvea Monteiro de Camargo 10 de novembro de 2022 por Mariane Gouvea Monteiro de&hellip;<\/p>\n","protected":false},"author":1,"featured_media":0,"parent":1438,"menu_order":0,"comment_status":"closed","ping_status":"closed","template":"","meta":{"_lmt_disableupdate":"","_lmt_disable":"","footnotes":""},"class_list":["post-1470","page","type-page","status-publish","hentry"],"yoast_head":"<!-- This site is optimized with the Yoast SEO Premium plugin v27.2 (Yoast SEO v27.3) - https:\/\/yoast.com\/product\/yoast-seo-premium-wordpress\/ -->\n<title>Miscel\u00e1nea - Gastropedia<\/title>\n<meta name=\"robots\" content=\"index, follow, max-snippet:-1, max-image-preview:large, max-video-preview:-1\" \/>\n<link rel=\"canonical\" href=\"https:\/\/gastropedia.pub\/es\/gastrocirurgia\/miscelanea\/\" \/>\n<meta property=\"og:locale\" content=\"es_ES\" \/>\n<meta property=\"og:type\" content=\"article\" \/>\n<meta property=\"og:title\" content=\"Miscel\u00e1nea\" \/>\n<meta property=\"og:description\" content=\"\u00daLTIMOS ART\u00cdCULOS CirurgiaMiscel\u00e2nea As Temidas Deisc\u00eancias de Anastomose. Fatores de Risco, Diagn\u00f3stico e Tratamento por Mariane Gouvea Monteiro de Camargo 10 de novembro de 2022 por Mariane Gouvea Monteiro de&hellip;\" \/>\n<meta property=\"og:url\" content=\"https:\/\/gastropedia.pub\/es\/gastrocirurgia\/miscelanea\/\" \/>\n<meta property=\"og:site_name\" content=\"Gastropedia\" \/>\n<meta property=\"article:modified_time\" content=\"2023-11-16T20:51:14+00:00\" \/>\n<meta name=\"twitter:card\" content=\"summary_large_image\" \/>\n<meta name=\"twitter:label1\" content=\"Tiempo de lectura\" \/>\n\t<meta name=\"twitter:data1\" content=\"1 minuto\" \/>\n<script type=\"application\/ld+json\" class=\"yoast-schema-graph\">{\"@context\":\"https:\\\/\\\/schema.org\",\"@graph\":[{\"@type\":\"WebPage\",\"@id\":\"https:\\\/\\\/gastropedia.pub\\\/es\\\/gastrocirurgia\\\/miscelanea\\\/\",\"url\":\"https:\\\/\\\/gastropedia.pub\\\/es\\\/gastrocirurgia\\\/miscelanea\\\/\",\"name\":\"Miscel\u00e1nea - Gastropedia\",\"isPartOf\":{\"@id\":\"https:\\\/\\\/gastropedia.pub\\\/es\\\/#website\"},\"datePublished\":\"2022-09-23T12:44:00+00:00\",\"dateModified\":\"2023-11-16T20:51:14+00:00\",\"breadcrumb\":{\"@id\":\"https:\\\/\\\/gastropedia.pub\\\/es\\\/gastrocirurgia\\\/miscelanea\\\/#breadcrumb\"},\"inLanguage\":\"es\",\"potentialAction\":[{\"@type\":\"ReadAction\",\"target\":[\"https:\\\/\\\/gastropedia.pub\\\/es\\\/gastrocirurgia\\\/miscelanea\\\/\"]}]},{\"@type\":\"BreadcrumbList\",\"@id\":\"https:\\\/\\\/gastropedia.pub\\\/es\\\/gastrocirurgia\\\/miscelanea\\\/#breadcrumb\",\"itemListElement\":[{\"@type\":\"ListItem\",\"position\":1,\"name\":\"Inicio\",\"item\":\"https:\\\/\\\/gastropedia.pub\\\/es\\\/\"},{\"@type\":\"ListItem\",\"position\":2,\"name\":\"Cirug\u00eda\",\"item\":\"https:\\\/\\\/gastropedia.pub\\\/es\\\/gastrocirurgia\\\/\"},{\"@type\":\"ListItem\",\"position\":3,\"name\":\"Miscel\u00e1nea\"}]},{\"@type\":\"WebSite\",\"@id\":\"https:\\\/\\\/gastropedia.pub\\\/es\\\/#website\",\"url\":\"https:\\\/\\\/gastropedia.pub\\\/es\\\/\",\"name\":\"Gastropedia\",\"description\":\"Actualizaci\u00f3n m\u00e9dica de forma sencilla para profesionales que trabajan con la salud del aparato digestivo.\",\"potentialAction\":[{\"@type\":\"SearchAction\",\"target\":{\"@type\":\"EntryPoint\",\"urlTemplate\":\"https:\\\/\\\/gastropedia.pub\\\/es\\\/?s={search_term_string}\"},\"query-input\":{\"@type\":\"PropertyValueSpecification\",\"valueRequired\":true,\"valueName\":\"search_term_string\"}}],\"inLanguage\":\"es\"}]}<\/script>\n<!-- \/ Yoast SEO Premium plugin. -->","yoast_head_json":{"title":"Miscel\u00e1nea - Gastropedia","robots":{"index":"index","follow":"follow","max-snippet":"max-snippet:-1","max-image-preview":"max-image-preview:large","max-video-preview":"max-video-preview:-1"},"canonical":"https:\/\/gastropedia.pub\/es\/gastrocirurgia\/miscelanea\/","og_locale":"es_ES","og_type":"article","og_title":"Miscel\u00e1nea","og_description":"\u00daLTIMOS ART\u00cdCULOS CirurgiaMiscel\u00e2nea As Temidas Deisc\u00eancias de Anastomose. Fatores de Risco, Diagn\u00f3stico e Tratamento por Mariane Gouvea Monteiro de Camargo 10 de novembro de 2022 por Mariane Gouvea Monteiro de&hellip;","og_url":"https:\/\/gastropedia.pub\/es\/gastrocirurgia\/miscelanea\/","og_site_name":"Gastropedia","article_modified_time":"2023-11-16T20:51:14+00:00","twitter_card":"summary_large_image","twitter_misc":{"Tiempo de lectura":"1 minuto"},"schema":{"@context":"https:\/\/schema.org","@graph":[{"@type":"WebPage","@id":"https:\/\/gastropedia.pub\/es\/gastrocirurgia\/miscelanea\/","url":"https:\/\/gastropedia.pub\/es\/gastrocirurgia\/miscelanea\/","name":"Miscel\u00e1nea - Gastropedia","isPartOf":{"@id":"https:\/\/gastropedia.pub\/es\/#website"},"datePublished":"2022-09-23T12:44:00+00:00","dateModified":"2023-11-16T20:51:14+00:00","breadcrumb":{"@id":"https:\/\/gastropedia.pub\/es\/gastrocirurgia\/miscelanea\/#breadcrumb"},"inLanguage":"es","potentialAction":[{"@type":"ReadAction","target":["https:\/\/gastropedia.pub\/es\/gastrocirurgia\/miscelanea\/"]}]},{"@type":"BreadcrumbList","@id":"https:\/\/gastropedia.pub\/es\/gastrocirurgia\/miscelanea\/#breadcrumb","itemListElement":[{"@type":"ListItem","position":1,"name":"Inicio","item":"https:\/\/gastropedia.pub\/es\/"},{"@type":"ListItem","position":2,"name":"Cirug\u00eda","item":"https:\/\/gastropedia.pub\/es\/gastrocirurgia\/"},{"@type":"ListItem","position":3,"name":"Miscel\u00e1nea"}]},{"@type":"WebSite","@id":"https:\/\/gastropedia.pub\/es\/#website","url":"https:\/\/gastropedia.pub\/es\/","name":"Gastropedia","description":"Actualizaci\u00f3n m\u00e9dica de forma sencilla para profesionales que trabajan con la salud del aparato digestivo.","potentialAction":[{"@type":"SearchAction","target":{"@type":"EntryPoint","urlTemplate":"https:\/\/gastropedia.pub\/es\/?s={search_term_string}"},"query-input":{"@type":"PropertyValueSpecification","valueRequired":true,"valueName":"search_term_string"}}],"inLanguage":"es"}]}},"_links":{"self":[{"href":"https:\/\/gastropedia.pub\/es\/wp-json\/wp\/v2\/pages\/1470","targetHints":{"allow":["GET"]}}],"collection":[{"href":"https:\/\/gastropedia.pub\/es\/wp-json\/wp\/v2\/pages"}],"about":[{"href":"https:\/\/gastropedia.pub\/es\/wp-json\/wp\/v2\/types\/page"}],"author":[{"embeddable":true,"href":"https:\/\/gastropedia.pub\/es\/wp-json\/wp\/v2\/users\/1"}],"replies":[{"embeddable":true,"href":"https:\/\/gastropedia.pub\/es\/wp-json\/wp\/v2\/comments?post=1470"}],"version-history":[{"count":8,"href":"https:\/\/gastropedia.pub\/es\/wp-json\/wp\/v2\/pages\/1470\/revisions"}],"predecessor-version":[{"id":7902,"href":"https:\/\/gastropedia.pub\/es\/wp-json\/wp\/v2\/pages\/1470\/revisions\/7902"}],"up":[{"embeddable":true,"href":"https:\/\/gastropedia.pub\/es\/wp-json\/wp\/v2\/pages\/1438"}],"wp:attachment":[{"href":"https:\/\/gastropedia.pub\/es\/wp-json\/wp\/v2\/media?parent=1470"}],"curies":[{"name":"wp","href":"https:\/\/api.w.org\/{rel}","templated":true}]}}