{"id":1310,"date":"2022-09-22T15:59:06","date_gmt":"2022-09-22T18:59:06","guid":{"rendered":"https:\/\/gastropedia.pub\/es\/?page_id=1310"},"modified":"2026-03-20T16:44:14","modified_gmt":"2026-03-20T15:44:14","slug":"equipo","status":"publish","type":"page","link":"https:\/\/gastropedia.pub\/es\/equipo\/","title":{"rendered":"Equipo"},"content":{"rendered":"\t\t<div data-elementor-type=\"wp-page\" data-elementor-id=\"1310\" class=\"elementor elementor-1310\">\n\t\t\t\t\t\t<section class=\"penci-section penci-disSticky penci-structure-10 elementor-section elementor-top-section elementor-element elementor-element-dece506 elementor-section-boxed elementor-section-height-default elementor-section-height-default\" data-id=\"dece506\" data-element_type=\"section\" data-e-type=\"section\">\n\t\t\t\t\t\t<div class=\"elementor-container elementor-column-gap-default\">\n\t\t\t\t\t<div class=\"penci-ercol-100 penci-ercol-order-1 penci-sticky-ct    elementor-column elementor-col-100 elementor-top-column elementor-element elementor-element-5f235ed\" data-id=\"5f235ed\" data-element_type=\"column\" data-e-type=\"column\">\n\t\t\t<div class=\"elementor-widget-wrap elementor-element-populated\">\n\t\t\t\t\t\t<div class=\"elementor-element elementor-element-4e864ec elementor-widget elementor-widget-penci-about-me\" data-id=\"4e864ec\" data-element_type=\"widget\" data-e-type=\"widget\" data-widget_type=\"penci-about-me.default\">\n\t\t\t\t<div class=\"elementor-widget-container\">\n\t\t\t\t\t\t\t<div class=\"penci-block-vc penci-about-me\">\n\t\t\t    <div class=\"penci-border-arrow penci-homepage-title penci-home-latest-posts style-14 pcalign-left pciconp-right pcicon-right block-title-icon-left\">\n        <h3 class=\"inner-arrow\">\n        <span>\n                    <span>Coordenadores<\/a>                <\/span>\n        <\/h3>\n\t\t        <\/div>\n\t\t\t\t\t<div class=\"penci-block_content about-widget pc_aligncenter\">\n\t\t\t\t\n\t\t\t\t\n\t\t\t\t\t<\/div>\n\t\t<\/div>\n\t\t\t\t\t\t<\/div>\n\t\t\t\t<\/div>\n\t\t\t\t<div class=\"elementor-element elementor-element-29af7e3 elementor-widget elementor-widget-text-editor\" data-id=\"29af7e3\" data-element_type=\"widget\" data-e-type=\"widget\" data-widget_type=\"text-editor.default\">\n\t\t\t\t<div class=\"elementor-widget-container\">\n\t\t\t\t\t\t\t\t\t<p><div class=\"editores-um 8611\">\r\n\t<div class=\"editores-um-img\"><img decoding=\"async\" class=\"alignnone size-full\" src=\"https:\/\/gastropedia.pub\/es\/wp-content\/uploads\/2024\/08\/Andreia.jpg\" alt=\"\" width=\"150\" height=\"150\" \/><\/div>\r\n\t<div class=\"editores-um-nome\">Andrea Catherine Quiroz Gamarra<\/div>\r\n\t<div class=\"editores-um-excerpt\"><span style=\"color: #2f2d75;font-weight:bold;\"><\/span><p>Gastroenterolog\u00eda Pedi\u00e1trica en el Hospital de Cl\u00ednicas de la FMB-UNESP<br \/>\nM\u00e1ster en Ciencias por la FMB-UNESP<br \/>\nPediatra en el Hospital de Cl\u00ednicas de la FMB-UNESP<br \/>\nMiembro Titular de la Sociedade Brasileira de Pediatria (SBP)<br \/>\nMiembro de la Sociedad Latinoamericana de Gastroenterolog\u00eda Pedi\u00e1trica, Hepatolog\u00eda y Nutrici\u00f3n (LASPGHAN)<\/p>\n<\/div>\r\n\t\r\n\t<div class=\"editores-um-lattes\">\r\n\t\t\t\r\n\t\t\t<a href=\"http:\/\/lattes.cnpq.br\/1189737903273639\" target=\"_blank\" rel=\"noopener\"><img decoding=\"async\" src=\"https:\/\/endoscopiaterapeutica.net\/pt\/wp-content\/uploads\/2021\/09\/curriculo-lattes.png\"><\/a>\r\n\t\t\r\n\t\t<\/div>\r\n\t\r\n\t<div class=\"editores-um-links\"><!-- <a href=\"https:\/\/gastropedia.pub\/es\/?post_type=editor&#038;p=8611\" class=\"link-guid\">Ver perfil<\/a> --><\/div>\r\n\r\n<\/div><div class=\"editores-um 8613\">\r\n\t<div class=\"editores-um-img\"><img decoding=\"async\" class=\"alignnone size-full\" src=\"https:\/\/gastropedia.pub\/es\/wp-content\/uploads\/2024\/08\/Cesar.jpg\" alt=\"\" width=\"150\" height=\"150\" \/><\/div>\r\n\t<div class=\"editores-um-nome\">Cesar Saul Quevedo Penaloza<\/div>\r\n\t<div class=\"editores-um-excerpt\"><span style=\"color: #2f2d75;font-weight:bold;\"><\/span><p>Cirujano del Aparato Digestivo, Hospital de Cl\u00ednicas de la FMB-UNESP<br \/>\nMiembro Titular del Colegio Brasile\u00f1o de Cirug\u00eda Digestiva (CBCD)<br \/>\nMaestr\u00eda en Medicina, FMB-UNESP<br \/>\nCirujano General, Hospital Estatal de Bauru-FAMESP<br \/>\nEspecialista del Colegio Brasile\u00f1o de Cirujanos (CBC)<br \/>\nEspecializaci\u00f3n en Endoscopia Gastrointestinal Oncol\u00f3gica, ICESP-USP<br \/>\nAsociado de la Sociedade Brasileira de Endoscopia (SOBED)<\/p>\n<\/div>\r\n\t\r\n\t<div class=\"editores-um-lattes\">\r\n\t\t\t\r\n\t\t\t<a href=\"http:\/\/lattes.cnpq.br\/0045794227210191\" target=\"_blank\" rel=\"noopener\"><img decoding=\"async\" src=\"https:\/\/endoscopiaterapeutica.net\/pt\/wp-content\/uploads\/2021\/09\/curriculo-lattes.png\"><\/a>\r\n\t\t\r\n\t\t<\/div>\r\n\t\r\n\t<div class=\"editores-um-links\"><!-- <a href=\"https:\/\/gastropedia.pub\/es\/?post_type=editor&#038;p=8613\" class=\"link-guid\">Ver perfil<\/a> --><\/div>\r\n\r\n<\/div><div class=\"editores-um 8415\">\r\n\t<div class=\"editores-um-img\"><img decoding=\"async\" class=\"alignnone size-full\" src=\"https:\/\/gastropedia.pub\/es\/wp-content\/uploads\/2024\/02\/cropped-doutor.png\" alt=\"\" width=\"150\" height=\"150\" \/><\/div>\r\n\t<div class=\"editores-um-nome\">Mart\u00edn Coronel<\/div>\r\n\t<div class=\"editores-um-excerpt\"><span style=\"color: #2f2d75;font-weight:bold;\"><\/span><p>Endoscopia Digestiva Avanzada e Oncol\u00f3gica na Universidade de S\u00e3o Paulo ( Hospital das Clincas e ICESP )<br \/>\nMestre nas Ciancias da Gastroenter\u00f3loga, USP<br \/>\nFellow in Advanced Therapeutic Endoscopy MD Anderson Cancer Center, University of Texas , USA<br \/>\nDirector do Centro de gastroenterolog\u00eda e endoscopia avanzada &#8211; CEDSINAI, Cuenca, Ecuador<\/p>\n<\/div>\r\n\t\r\n\t<div class=\"editores-um-lattes\">\r\n\t\t\t\r\n\t\t\r\n\t\t<\/div>\r\n\t\r\n\t<div class=\"editores-um-links\"><!-- <a href=\"https:\/\/gastropedia.pub\/es\/?post_type=editor&#038;p=8415\" class=\"link-guid\">Ver perfil<\/a> --><\/div>\r\n\r\n<\/div><div class=\"editores-um 3356\">\r\n\t<div class=\"editores-um-img\"><img loading=\"lazy\" decoding=\"async\" class=\"alignnone size-full\" src=\"https:\/\/gastropedia.pub\/es\/wp-content\/uploads\/2022\/11\/RENOVADOmarcus.jpg\" alt=\"\" width=\"150\" height=\"150\" \/><\/div>\r\n\t<div class=\"editores-um-nome\">Marcus Fernando Kodama Pertille Ramos<\/div>\r\n\t<div class=\"editores-um-excerpt\"><span style=\"color: #2f2d75;font-weight:bold;\">Coordinador de Cirug\u00eda del Aparato Digestivo, Editor Adjunto<\/span><p>Profesor Libre-Docente de la Facultad de Medicina de la USP. Maestr\u00eda, Doctorado y Posdoctorado en Cirug\u00eda. Cirujano del Instituto del C\u00e1ncer del Hospital das Cl\u00ednicas de la USP. Titular del Col\u00e9gio Brasileiro de Cirurgia Digestiva y Miembro del American College of Surgeons.<\/p>\n<\/div>\r\n\t\r\n\t<div class=\"editores-um-lattes\">\r\n\t\t\t\r\n\t\t\t<a href=\"http:\/\/lattes.cnpq.br\/3544194832689875\" target=\"_blank\" rel=\"noopener\"><img decoding=\"async\" src=\"https:\/\/endoscopiaterapeutica.net\/pt\/wp-content\/uploads\/2021\/09\/curriculo-lattes.png\"><\/a>\r\n\t\t\r\n\t\t\t<a href=\"http:\/\/www.clinicakodama.com.br\" class=\"botao-mais-info-editor\" style=\"margin-left: 32px;color: #FFF !important;\" target=\"_blank\" rel=\"noopener\">P\u00d3NGASE EN CONTACTO \u00bb<\/a>\r\n\t\t\r\n\t\t<\/div>\r\n\t\r\n\t<div class=\"editores-um-links\"><!-- <a href=\"https:\/\/gastropedia.pub\/es\/?post_type=editor&#038;p=3356\" class=\"link-guid\">Ver perfil<\/a> --><\/div>\r\n\r\n<\/div><div class=\"editores-um 1591\">\r\n\t<div class=\"editores-um-img\"><img loading=\"lazy\" decoding=\"async\" class=\"alignnone size-full\" src=\"https:\/\/gastropedia.pub\/es\/wp-content\/uploads\/2022\/09\/RENOVADOalexandre.jpg\" alt=\"\" width=\"150\" height=\"150\" \/><\/div>\r\n\t<div class=\"editores-um-nome\">Alexandre Carlos<\/div>\r\n\t<div class=\"editores-um-excerpt\"><span style=\"color: #2f2d75;font-weight:bold;\">Editor Adjunto, Coordinador de Gastroenterolog\u00eda<\/span><p>Residencia m\u00e9dica en Gastroenterolog\u00eda y Endoscopia Digestiva en el Hospital das Cl\u00ednicas de la FMUSP. Coordinador del centro de diagn\u00f3stico en gastroenterolog\u00eda del Hospital das Cl\u00ednicas de S\u00e3o Paulo. M\u00e9dico asistente del departamento de gastroenterolog\u00eda del Hospital das Cl\u00ednicas\/USP. M\u00e9dico gastroenter\u00f3logo del Hospital S\u00edrio Liban\u00e9s, Albert Einstein y S\u00e3o Camilo Pomp\u00e9ia.<\/p>\n<\/div>\r\n\t\r\n\t<div class=\"editores-um-lattes\">\r\n\t\t\t\r\n\t\t\t<a href=\"http:\/\/lattes.cnpq.br\/5676397316530577\" target=\"_blank\" rel=\"noopener\"><img decoding=\"async\" src=\"https:\/\/endoscopiaterapeutica.net\/pt\/wp-content\/uploads\/2021\/09\/curriculo-lattes.png\"><\/a>\r\n\t\t\r\n\t\t\t<a href=\"https:\/\/dralexandrecarlos.com.br\/\" class=\"botao-mais-info-editor\" style=\"margin-left: 32px;color: #FFF !important;\" target=\"_blank\" rel=\"noopener\">P\u00d3NGASE EN CONTACTO \u00bb<\/a>\r\n\t\t\r\n\t\t<\/div>\r\n\t\r\n\t<div class=\"editores-um-links\"><!-- <a href=\"https:\/\/gastropedia.pub\/es\/?post_type=editor&#038;p=1591\" class=\"link-guid\">Ver perfil<\/a> --><\/div>\r\n\r\n<\/div><div class=\"editores-um 1572\">\r\n\t<div class=\"editores-um-img\"><img loading=\"lazy\" decoding=\"async\" class=\"alignnone size-full\" src=\"https:\/\/gastropedia.pub\/es\/wp-content\/uploads\/2022\/09\/RENOVADObruno.jpg\" alt=\"\" width=\"150\" height=\"150\" \/><\/div>\r\n\t<div class=\"editores-um-nome\">Bruno da Costa Martins<\/div>\r\n\t<div class=\"editores-um-excerpt\"><span style=\"color: #2f2d75;font-weight:bold;\">Editor en Jefe, Director General<\/span><p>Profesor Libre-Docente de la Facultad de Medicina de la Universidad de S\u00e3o Paulo. M\u00e9dico Endoscopista del Instituto del C\u00e1ncer del Estado de S\u00e3o Paulo (ICESP), del Hospital Alem\u00e3o Oswaldo Cruz y del grupo Fleury.<\/p>\n<\/div>\r\n\t\r\n\t<div class=\"editores-um-lattes\">\r\n\t\t\t\r\n\t\t\t<a href=\"http:\/\/lattes.cnpq.br\/7568273958092979\" target=\"_blank\" rel=\"noopener\"><img decoding=\"async\" src=\"https:\/\/endoscopiaterapeutica.net\/pt\/wp-content\/uploads\/2021\/09\/curriculo-lattes.png\"><\/a>\r\n\t\t\r\n\t\t\t<a href=\"https:\/\/brunomartins.med.br\/contato\/\" class=\"botao-mais-info-editor\" style=\"margin-left: 32px;color: #FFF !important;\" target=\"_blank\" rel=\"noopener\">P\u00d3NGASE EN CONTACTO \u00bb<\/a><a href=\"https:\/\/gastropedia.pub\/es\/author\/bruno\" class=\"link-guid-2\" style=\"margin-left: 30px;\">Ver art\u00edculos de este autor <i class=\"penci-faicon fa fa-angle-double-right\"><\/i><\/a>\r\n\t\t\r\n\t\t<\/div>\r\n\t\r\n\t<div class=\"editores-um-links\"><!-- <a href=\"https:\/\/gastropedia.pub\/es\/?post_type=editor&#038;p=1572\" class=\"link-guid\">Ver perfil<\/a> --><\/div>\r\n\r\n<\/div><div class=\"editores-um 1582\">\r\n\t<div class=\"editores-um-img\"><img loading=\"lazy\" decoding=\"async\" class=\"alignnone size-full\" src=\"https:\/\/gastropedia.pub\/es\/wp-content\/uploads\/2022\/09\/felipe-paludo.png\" alt=\"\" width=\"150\" height=\"150\" \/><\/div>\r\n\t<div class=\"editores-um-nome\">Felipe Paludo Salles<\/div>\r\n\t<div class=\"editores-um-excerpt\"><span style=\"color: #2f2d75;font-weight:bold;\">Editor Asociado, Director Administrativo<\/span><p>Residencia en Gastroenterolog\u00eda en el Hospital Universitario de la UFSC. Residencia en Endoscopia Digestiva en el Hospital das Cl\u00ednicas de la USP (HCFMUSP). M\u00e9dico en la cl\u00ednica ProGastro en Joinville y Endogastro en Florian\u00f3polis\/SC.<\/p>\n<\/div>\r\n\t\r\n\t<div class=\"editores-um-lattes\">\r\n\t\t\t\r\n\t\t\t<a href=\"http:\/\/lattes.cnpq.br\/9301835701432565\" target=\"_blank\" rel=\"noopener\"><img decoding=\"async\" src=\"https:\/\/endoscopiaterapeutica.net\/pt\/wp-content\/uploads\/2021\/09\/curriculo-lattes.png\"><\/a>\r\n\t\t\r\n\t\t\t<a href=\"https:\/\/felipegastro.com.br\/\" class=\"botao-mais-info-editor\" style=\"margin-left: 32px;color: #FFF !important;\" target=\"_blank\" rel=\"noopener\">P\u00d3NGASE EN CONTACTO \u00bb<\/a>\r\n\t\t\r\n\t\t<\/div>\r\n\t\r\n\t<div class=\"editores-um-links\"><!-- <a href=\"https:\/\/gastropedia.pub\/es\/?post_type=editor&#038;p=1582\" class=\"link-guid\">Ver perfil<\/a> --><\/div>\r\n\r\n<\/div><div class=\"editores-um 1584\">\r\n\t<div class=\"editores-um-img\"><img loading=\"lazy\" decoding=\"async\" class=\"alignnone size-full\" src=\"https:\/\/gastropedia.pub\/es\/wp-content\/uploads\/2022\/09\/Ivan-s.jpg\" alt=\"\" width=\"150\" height=\"150\" \/><\/div>\r\n\t<div class=\"editores-um-nome\">Ivan R B Orso<\/div>\r\n\t<div class=\"editores-um-excerpt\"><span style=\"color: #2f2d75;font-weight:bold;\">Editor Asociado, Director Financiero<\/span><p>Doctor en Ciencias en Gastroenterolog\u00eda por la USP. Especialista en Endoscopia Diagn\u00f3stica y Terap\u00e9utica en la Gastrocl\u00ednica Cascavel y en el Hospital S\u00e3o Lucas FAG. Coordinador de la Residencia M\u00e9dica en Cirug\u00eda General y Profesor de Gastroenterolog\u00eda en la Escuela de Medicina de la Faculdade Assis Gurgacz.<\/p>\n<\/div>\r\n\t\r\n\t<div class=\"editores-um-lattes\">\r\n\t\t\t\r\n\t\t\t<a href=\"http:\/\/lattes.cnpq.br\/7995277347722867\" target=\"_blank\" rel=\"noopener\"><img decoding=\"async\" src=\"https:\/\/endoscopiaterapeutica.net\/pt\/wp-content\/uploads\/2021\/09\/curriculo-lattes.png\"><\/a>\r\n\t\t\r\n\t\t\t<a href=\"https:\/\/gastro.com.br\/dr-ivan-roberto-bonotto-orso\/\" class=\"botao-mais-info-editor\" style=\"margin-left: 32px;color: #FFF !important;\" target=\"_blank\" rel=\"noopener\">P\u00d3NGASE EN CONTACTO \u00bb<\/a><a href=\"https:\/\/gastropedia.pub\/es\/author\/ivan\" class=\"link-guid-2\" style=\"margin-left: 30px;\">Ver art\u00edculos de este autor <i class=\"penci-faicon fa fa-angle-double-right\"><\/i><\/a>\r\n\t\t\r\n\t\t<\/div>\r\n\t\r\n\t<div class=\"editores-um-links\"><!-- <a href=\"https:\/\/gastropedia.pub\/es\/?post_type=editor&#038;p=1584\" class=\"link-guid\">Ver perfil<\/a> --><\/div>\r\n\r\n<\/div><div class=\"editores-um 1593\">\r\n\t<div class=\"editores-um-img\"><img loading=\"lazy\" decoding=\"async\" class=\"alignnone size-full\" src=\"https:\/\/gastropedia.pub\/es\/wp-content\/uploads\/2022\/09\/Dra.-Daniela-Milhomem-site.jpg\" alt=\"\" width=\"150\" height=\"150\" \/><\/div>\r\n\t<div class=\"editores-um-nome\">Daniela Medeiros Milhomem Cardoso<\/div>\r\n\t<div class=\"editores-um-excerpt\"><span style=\"color: #2f2d75;font-weight:bold;\">Editor Asociado, Directora de Contenido<\/span><p>M\u00e1ster en Ciencias de la Salud (UFG). Coordinadora de la Residencia M\u00e9dica en Endoscopia y del CET Sobed en el Hospital General de Goi\u00e2nia (HGG). Coordinadora m\u00e9dica de los equipos de endoscopia del Hospital Israelita Albert Einstein &#8211; unidad Goi\u00e2nia y unidad HMAP\/HIAE. Endoscopista del Instituto do Aparelho Digestivo de Goi\u00e2nia.<\/p>\n<\/div>\r\n\t\r\n\t<div class=\"editores-um-lattes\">\r\n\t\t\t\r\n\t\t\t<a href=\"http:\/\/lattes.cnpq.br\/6633140989625970\" target=\"_blank\" rel=\"noopener\"><img decoding=\"async\" src=\"https:\/\/endoscopiaterapeutica.net\/pt\/wp-content\/uploads\/2021\/09\/curriculo-lattes.png\"><\/a>\r\n\t\t\r\n\t\t<\/div>\r\n\t\r\n\t<div class=\"editores-um-links\"><!-- <a href=\"https:\/\/gastropedia.pub\/es\/?post_type=editor&#038;p=1593\" class=\"link-guid\">Ver perfil<\/a> --><\/div>\r\n\r\n<\/div><div class=\"editores-um 3382\">\r\n\t<div class=\"editores-um-img\"><img loading=\"lazy\" decoding=\"async\" class=\"alignnone size-full\" src=\"https:\/\/gastropedia.pub\/es\/wp-content\/uploads\/2022\/11\/RENOVADOmaira.jpg\" alt=\"\" width=\"150\" height=\"150\" \/><\/div>\r\n\t<div class=\"editores-um-nome\">Maira Marzinotto<\/div>\r\n\t<div class=\"editores-um-excerpt\"><span style=\"color: #2f2d75;font-weight:bold;\">Editora adjunta<\/span><p>M\u00e9dica Asistente encargada del Grupo de P\u00e1ncreas en la Gastroenterolog\u00eda Cl\u00ednica del HCFMUSP. M\u00e9dica asistente en el cuerpo cl\u00ednico del Hospital Alem\u00e3o Oswaldo Cruz.<\/p>\n<\/div>\r\n\t\r\n\t<div class=\"editores-um-lattes\">\r\n\t\t\t\r\n\t\t\t<a href=\"http:\/\/lattes.cnpq.br\/0194928926003197\" target=\"_blank\" rel=\"noopener\"><img decoding=\"async\" src=\"https:\/\/endoscopiaterapeutica.net\/pt\/wp-content\/uploads\/2021\/09\/curriculo-lattes.png\"><\/a>\r\n\t\t\r\n\t\t\t<a href=\"http:\/\/mairamarzinotto.med.br\" class=\"botao-mais-info-editor\" style=\"margin-left: 32px;color: #FFF !important;\" target=\"_blank\" rel=\"noopener\">P\u00d3NGASE EN CONTACTO \u00bb<\/a>\r\n\t\t\r\n\t\t<\/div>\r\n\t\r\n\t<div class=\"editores-um-links\"><!-- <a href=\"https:\/\/gastropedia.pub\/es\/?post_type=editor&#038;p=3382\" class=\"link-guid\">Ver perfil<\/a> --><\/div>\r\n\r\n<\/div><div class=\"editores-um 5730\">\r\n\t<div class=\"editores-um-img\"><img loading=\"lazy\" decoding=\"async\" class=\"alignnone size-full\" src=\"https:\/\/gastropedia.pub\/es\/wp-content\/uploads\/2022\/11\/RENOVADOrafael.jpg\" alt=\"\" width=\"150\" height=\"150\" \/><\/div>\r\n\t<div class=\"editores-um-nome\">Rafael Bandeira Lages<\/div>\r\n\t<div class=\"editores-um-excerpt\"><span style=\"color: #2f2d75;font-weight:bold;\">Editor adjunto<\/span><p>Resid\u00eancia m\u00e9dica em Gastroenterologia e Endoscopia Digestiva pelo HC-FMUSP.<br \/>\nDoutor em Gastroenterologia pela USP.<\/p>\n<\/div>\r\n\t\r\n\t<div class=\"editores-um-lattes\">\r\n\t\t\t\r\n\t\t\t<a href=\"http:\/\/lattes.cnpq.br\/4711372348684943\" target=\"_blank\" rel=\"noopener\"><img decoding=\"async\" src=\"https:\/\/endoscopiaterapeutica.net\/pt\/wp-content\/uploads\/2021\/09\/curriculo-lattes.png\"><\/a>\r\n\t\t\r\n\t\t\t<a href=\"https:\/\/www.rafaelbandeiralages.com.br\/\" class=\"botao-mais-info-editor\" style=\"margin-left: 32px;color: #FFF !important;\" target=\"_blank\" rel=\"noopener\">P\u00d3NGASE EN CONTACTO \u00bb<\/a>\r\n\t\t\r\n\t\t<\/div>\r\n\t\r\n\t<div class=\"editores-um-links\"><!-- <a href=\"https:\/\/gastropedia.pub\/es\/?post_type=editor&#038;p=5730\" class=\"link-guid\">Ver perfil<\/a> --><\/div>\r\n\r\n<\/div><\/p>\t\t\t\t\t\t\t\t<\/div>\n\t\t\t\t<\/div>\n\t\t\t\t\t<\/div>\n\t\t<\/div>\n\t\t\t\t\t<\/div>\n\t\t<\/section>\n\t\t\t\t<\/div>\n\t\t","protected":false},"excerpt":{"rendered":"<p>Coordenadores<\/p>\n","protected":false},"author":1,"featured_media":0,"parent":0,"menu_order":0,"comment_status":"closed","ping_status":"closed","template":"","meta":{"_lmt_disableupdate":"","_lmt_disable":"","footnotes":""},"class_list":["post-1310","page","type-page","status-publish","hentry"],"yoast_head":"<!-- This site is optimized with the Yoast SEO Premium plugin v27.2 (Yoast SEO v27.3) - https:\/\/yoast.com\/product\/yoast-seo-premium-wordpress\/ -->\n<title>Equipo - Gastropedia<\/title>\n<meta name=\"robots\" content=\"index, follow, max-snippet:-1, max-image-preview:large, max-video-preview:-1\" \/>\n<link rel=\"canonical\" href=\"https:\/\/gastropedia.pub\/es\/equipo\/\" \/>\n<meta property=\"og:locale\" content=\"es_ES\" \/>\n<meta property=\"og:type\" content=\"article\" \/>\n<meta property=\"og:title\" content=\"Equipo\" \/>\n<meta property=\"og:description\" content=\"Coordenadores\" \/>\n<meta property=\"og:url\" content=\"https:\/\/gastropedia.pub\/es\/equipo\/\" \/>\n<meta property=\"og:site_name\" content=\"Gastropedia\" \/>\n<meta property=\"article:modified_time\" content=\"2026-03-20T15:44:14+00:00\" \/>\n<meta name=\"twitter:card\" content=\"summary_large_image\" \/>\n<meta name=\"twitter:label1\" content=\"Tiempo de lectura\" \/>\n\t<meta name=\"twitter:data1\" content=\"7 minutos\" \/>\n<script type=\"application\/ld+json\" class=\"yoast-schema-graph\">{\"@context\":\"https:\\\/\\\/schema.org\",\"@graph\":[{\"@type\":\"WebPage\",\"@id\":\"https:\\\/\\\/gastropedia.pub\\\/es\\\/equipo\\\/\",\"url\":\"https:\\\/\\\/gastropedia.pub\\\/es\\\/equipo\\\/\",\"name\":\"Equipo - Gastropedia\",\"isPartOf\":{\"@id\":\"https:\\\/\\\/gastropedia.pub\\\/es\\\/#website\"},\"datePublished\":\"2022-09-22T18:59:06+00:00\",\"dateModified\":\"2026-03-20T15:44:14+00:00\",\"breadcrumb\":{\"@id\":\"https:\\\/\\\/gastropedia.pub\\\/es\\\/equipo\\\/#breadcrumb\"},\"inLanguage\":\"es\",\"potentialAction\":[{\"@type\":\"ReadAction\",\"target\":[\"https:\\\/\\\/gastropedia.pub\\\/es\\\/equipo\\\/\"]}]},{\"@type\":\"BreadcrumbList\",\"@id\":\"https:\\\/\\\/gastropedia.pub\\\/es\\\/equipo\\\/#breadcrumb\",\"itemListElement\":[{\"@type\":\"ListItem\",\"position\":1,\"name\":\"Inicio\",\"item\":\"https:\\\/\\\/gastropedia.pub\\\/es\\\/\"},{\"@type\":\"ListItem\",\"position\":2,\"name\":\"Equipo\"}]},{\"@type\":\"WebSite\",\"@id\":\"https:\\\/\\\/gastropedia.pub\\\/es\\\/#website\",\"url\":\"https:\\\/\\\/gastropedia.pub\\\/es\\\/\",\"name\":\"Gastropedia\",\"description\":\"Actualizaci\u00f3n m\u00e9dica de forma sencilla para profesionales que trabajan con la salud del aparato digestivo.\",\"potentialAction\":[{\"@type\":\"SearchAction\",\"target\":{\"@type\":\"EntryPoint\",\"urlTemplate\":\"https:\\\/\\\/gastropedia.pub\\\/es\\\/?s={search_term_string}\"},\"query-input\":{\"@type\":\"PropertyValueSpecification\",\"valueRequired\":true,\"valueName\":\"search_term_string\"}}],\"inLanguage\":\"es\"}]}<\/script>\n<!-- \/ Yoast SEO Premium plugin. -->","yoast_head_json":{"title":"Equipo - Gastropedia","robots":{"index":"index","follow":"follow","max-snippet":"max-snippet:-1","max-image-preview":"max-image-preview:large","max-video-preview":"max-video-preview:-1"},"canonical":"https:\/\/gastropedia.pub\/es\/equipo\/","og_locale":"es_ES","og_type":"article","og_title":"Equipo","og_description":"Coordenadores","og_url":"https:\/\/gastropedia.pub\/es\/equipo\/","og_site_name":"Gastropedia","article_modified_time":"2026-03-20T15:44:14+00:00","twitter_card":"summary_large_image","twitter_misc":{"Tiempo de lectura":"7 minutos"},"schema":{"@context":"https:\/\/schema.org","@graph":[{"@type":"WebPage","@id":"https:\/\/gastropedia.pub\/es\/equipo\/","url":"https:\/\/gastropedia.pub\/es\/equipo\/","name":"Equipo - Gastropedia","isPartOf":{"@id":"https:\/\/gastropedia.pub\/es\/#website"},"datePublished":"2022-09-22T18:59:06+00:00","dateModified":"2026-03-20T15:44:14+00:00","breadcrumb":{"@id":"https:\/\/gastropedia.pub\/es\/equipo\/#breadcrumb"},"inLanguage":"es","potentialAction":[{"@type":"ReadAction","target":["https:\/\/gastropedia.pub\/es\/equipo\/"]}]},{"@type":"BreadcrumbList","@id":"https:\/\/gastropedia.pub\/es\/equipo\/#breadcrumb","itemListElement":[{"@type":"ListItem","position":1,"name":"Inicio","item":"https:\/\/gastropedia.pub\/es\/"},{"@type":"ListItem","position":2,"name":"Equipo"}]},{"@type":"WebSite","@id":"https:\/\/gastropedia.pub\/es\/#website","url":"https:\/\/gastropedia.pub\/es\/","name":"Gastropedia","description":"Actualizaci\u00f3n m\u00e9dica de forma sencilla para profesionales que trabajan con la salud del aparato digestivo.","potentialAction":[{"@type":"SearchAction","target":{"@type":"EntryPoint","urlTemplate":"https:\/\/gastropedia.pub\/es\/?s={search_term_string}"},"query-input":{"@type":"PropertyValueSpecification","valueRequired":true,"valueName":"search_term_string"}}],"inLanguage":"es"}]}},"_links":{"self":[{"href":"https:\/\/gastropedia.pub\/es\/wp-json\/wp\/v2\/pages\/1310","targetHints":{"allow":["GET"]}}],"collection":[{"href":"https:\/\/gastropedia.pub\/es\/wp-json\/wp\/v2\/pages"}],"about":[{"href":"https:\/\/gastropedia.pub\/es\/wp-json\/wp\/v2\/types\/page"}],"author":[{"embeddable":true,"href":"https:\/\/gastropedia.pub\/es\/wp-json\/wp\/v2\/users\/1"}],"replies":[{"embeddable":true,"href":"https:\/\/gastropedia.pub\/es\/wp-json\/wp\/v2\/comments?post=1310"}],"version-history":[{"count":24,"href":"https:\/\/gastropedia.pub\/es\/wp-json\/wp\/v2\/pages\/1310\/revisions"}],"predecessor-version":[{"id":9283,"href":"https:\/\/gastropedia.pub\/es\/wp-json\/wp\/v2\/pages\/1310\/revisions\/9283"}],"wp:attachment":[{"href":"https:\/\/gastropedia.pub\/es\/wp-json\/wp\/v2\/media?parent=1310"}],"curies":[{"name":"wp","href":"https:\/\/api.w.org\/{rel}","templated":true}]}}