{"id":1307,"date":"2022-09-22T15:58:42","date_gmt":"2022-09-22T18:58:42","guid":{"rendered":"https:\/\/gastropedia.pub\/es\/?page_id=1307"},"modified":"2026-03-16T22:28:42","modified_gmt":"2026-03-16T21:28:42","slug":"sobre","status":"publish","type":"page","link":"https:\/\/gastropedia.pub\/es\/sobre\/","title":{"rendered":"Sobre"},"content":{"rendered":"\t\t<div data-elementor-type=\"wp-page\" data-elementor-id=\"1307\" class=\"elementor elementor-1307\">\n\t\t\t\t\t\t<section class=\"penci-section penci-disSticky penci-structure-10 elementor-section elementor-top-section elementor-element elementor-element-4b47cfc elementor-section-boxed elementor-section-height-default elementor-section-height-default\" data-id=\"4b47cfc\" data-element_type=\"section\" data-e-type=\"section\">\n\t\t\t\t\t\t<div class=\"elementor-container elementor-column-gap-default\">\n\t\t\t\t\t<div class=\"penci-ercol-100 penci-ercol-order-1 penci-sticky-ct    elementor-column elementor-col-100 elementor-top-column elementor-element elementor-element-29890bd\" data-id=\"29890bd\" data-element_type=\"column\" data-e-type=\"column\">\n\t\t\t<div class=\"elementor-widget-wrap elementor-element-populated\">\n\t\t\t\t\t\t<div class=\"elementor-element elementor-element-d969a7b elementor-widget elementor-widget-text-editor\" data-id=\"d969a7b\" data-element_type=\"widget\" data-e-type=\"widget\" data-widget_type=\"text-editor.default\">\n\t\t\t\t<div class=\"elementor-widget-container\">\n\t\t\t\t\t\t\t\t\t<p>Gastropedia tiene como objetivo llevar conocimiento y actualizaci\u00f3n m\u00e9dica de manera sencilla a todos los profesionales que trabajan con la salud del tracto digestivo.<\/p><p>Nuestro equipo de editores est\u00e1 formado por profesionales de referencia en todas las \u00e1reas de Gastroenterolog\u00eda y Cirug\u00eda del Aparato Digestivo.<\/p><p>A trav\u00e9s de publicaciones, videos, mapas mentales y transmisiones en vivo, explicamos, debatimos e interactuamos sobre diversos temas, siempre orientando conductas a trav\u00e9s de la medicina basada en evidencias.<\/p><p>Ven a formar parte de esta manera de aprender y compartir experiencias.<\/p><p>\u00a1Bienvenidos!<\/p><p data-prosemirror-content-type=\"node\" data-prosemirror-node-name=\"paragraph\" data-prosemirror-node-block=\"true\" data-pm-slice=\"1 1 []\"><strong data-prosemirror-content-type=\"mark\" data-prosemirror-mark-name=\"strong\">Gastropedia \u00e9 uma publica\u00e7\u00e3o de InGastro &#8211; Inova\u00e7\u00f5es em Gastroenterologia.<\/strong><\/p><p data-prosemirror-content-type=\"node\" data-prosemirror-node-name=\"paragraph\" data-prosemirror-node-block=\"true\"><strong data-prosemirror-content-type=\"mark\" data-prosemirror-mark-name=\"strong\">Endere\u00e7o: Rua Par\u00e1, 1804 &#8211; Cascavel\/PR &#8211; Brasil &#8211; 85819-060<\/strong><\/p><p data-prosemirror-content-type=\"node\" data-prosemirror-node-name=\"paragraph\" data-prosemirror-node-block=\"true\"><strong data-prosemirror-content-type=\"mark\" data-prosemirror-mark-name=\"strong\">Contato: <\/strong><a href=\"mailto:ingastromail@gmail.com\" data-prosemirror-content-type=\"mark\" data-prosemirror-mark-name=\"link\"><strong data-prosemirror-content-type=\"mark\" data-prosemirror-mark-name=\"strong\">ingastromail@gmail.com<\/strong><\/a><\/p>\t\t\t\t\t\t\t\t<\/div>\n\t\t\t\t<\/div>\n\t\t\t\t\t<\/div>\n\t\t<\/div>\n\t\t\t\t\t<\/div>\n\t\t<\/section>\n\t\t\t\t<\/div>\n\t\t","protected":false},"excerpt":{"rendered":"<p>Gastropedia tiene como objetivo llevar conocimiento y actualizaci\u00f3n m\u00e9dica de manera sencilla a todos los profesionales que trabajan con la salud del tracto digestivo. Nuestro equipo de editores est\u00e1 formado&hellip;<\/p>\n","protected":false},"author":1,"featured_media":0,"parent":0,"menu_order":0,"comment_status":"closed","ping_status":"closed","template":"","meta":{"_lmt_disableupdate":"","_lmt_disable":"","footnotes":""},"class_list":["post-1307","page","type-page","status-publish","hentry"],"yoast_head":"<!-- This site is optimized with the Yoast SEO Premium plugin v27.2 (Yoast SEO v27.3) - https:\/\/yoast.com\/product\/yoast-seo-premium-wordpress\/ -->\n<title>Sobre - Gastropedia<\/title>\n<meta name=\"robots\" content=\"index, follow, max-snippet:-1, max-image-preview:large, max-video-preview:-1\" \/>\n<link rel=\"canonical\" href=\"https:\/\/gastropedia.pub\/es\/sobre\/\" \/>\n<meta property=\"og:locale\" content=\"es_ES\" \/>\n<meta property=\"og:type\" content=\"article\" \/>\n<meta property=\"og:title\" content=\"Sobre\" \/>\n<meta property=\"og:description\" content=\"Gastropedia tiene como objetivo llevar conocimiento y actualizaci\u00f3n m\u00e9dica de manera sencilla a todos los profesionales que trabajan con la salud del tracto digestivo. Nuestro equipo de editores est\u00e1 formado&hellip;\" \/>\n<meta property=\"og:url\" content=\"https:\/\/gastropedia.pub\/es\/sobre\/\" \/>\n<meta property=\"og:site_name\" content=\"Gastropedia\" \/>\n<meta property=\"article:modified_time\" content=\"2026-03-16T21:28:42+00:00\" \/>\n<meta name=\"twitter:card\" content=\"summary_large_image\" \/>\n<meta name=\"twitter:label1\" content=\"Tiempo de lectura\" \/>\n\t<meta name=\"twitter:data1\" content=\"1 minuto\" \/>\n<script type=\"application\/ld+json\" class=\"yoast-schema-graph\">{\"@context\":\"https:\\\/\\\/schema.org\",\"@graph\":[{\"@type\":\"WebPage\",\"@id\":\"https:\\\/\\\/gastropedia.pub\\\/es\\\/sobre\\\/\",\"url\":\"https:\\\/\\\/gastropedia.pub\\\/es\\\/sobre\\\/\",\"name\":\"Sobre - Gastropedia\",\"isPartOf\":{\"@id\":\"https:\\\/\\\/gastropedia.pub\\\/es\\\/#website\"},\"datePublished\":\"2022-09-22T18:58:42+00:00\",\"dateModified\":\"2026-03-16T21:28:42+00:00\",\"breadcrumb\":{\"@id\":\"https:\\\/\\\/gastropedia.pub\\\/es\\\/sobre\\\/#breadcrumb\"},\"inLanguage\":\"es\",\"potentialAction\":[{\"@type\":\"ReadAction\",\"target\":[\"https:\\\/\\\/gastropedia.pub\\\/es\\\/sobre\\\/\"]}]},{\"@type\":\"BreadcrumbList\",\"@id\":\"https:\\\/\\\/gastropedia.pub\\\/es\\\/sobre\\\/#breadcrumb\",\"itemListElement\":[{\"@type\":\"ListItem\",\"position\":1,\"name\":\"Inicio\",\"item\":\"https:\\\/\\\/gastropedia.pub\\\/es\\\/\"},{\"@type\":\"ListItem\",\"position\":2,\"name\":\"Sobre\"}]},{\"@type\":\"WebSite\",\"@id\":\"https:\\\/\\\/gastropedia.pub\\\/es\\\/#website\",\"url\":\"https:\\\/\\\/gastropedia.pub\\\/es\\\/\",\"name\":\"Gastropedia\",\"description\":\"Actualizaci\u00f3n m\u00e9dica de forma sencilla para profesionales que trabajan con la salud del aparato digestivo.\",\"potentialAction\":[{\"@type\":\"SearchAction\",\"target\":{\"@type\":\"EntryPoint\",\"urlTemplate\":\"https:\\\/\\\/gastropedia.pub\\\/es\\\/?s={search_term_string}\"},\"query-input\":{\"@type\":\"PropertyValueSpecification\",\"valueRequired\":true,\"valueName\":\"search_term_string\"}}],\"inLanguage\":\"es\"}]}<\/script>\n<!-- \/ Yoast SEO Premium plugin. -->","yoast_head_json":{"title":"Sobre - Gastropedia","robots":{"index":"index","follow":"follow","max-snippet":"max-snippet:-1","max-image-preview":"max-image-preview:large","max-video-preview":"max-video-preview:-1"},"canonical":"https:\/\/gastropedia.pub\/es\/sobre\/","og_locale":"es_ES","og_type":"article","og_title":"Sobre","og_description":"Gastropedia tiene como objetivo llevar conocimiento y actualizaci\u00f3n m\u00e9dica de manera sencilla a todos los profesionales que trabajan con la salud del tracto digestivo. Nuestro equipo de editores est\u00e1 formado&hellip;","og_url":"https:\/\/gastropedia.pub\/es\/sobre\/","og_site_name":"Gastropedia","article_modified_time":"2026-03-16T21:28:42+00:00","twitter_card":"summary_large_image","twitter_misc":{"Tiempo de lectura":"1 minuto"},"schema":{"@context":"https:\/\/schema.org","@graph":[{"@type":"WebPage","@id":"https:\/\/gastropedia.pub\/es\/sobre\/","url":"https:\/\/gastropedia.pub\/es\/sobre\/","name":"Sobre - Gastropedia","isPartOf":{"@id":"https:\/\/gastropedia.pub\/es\/#website"},"datePublished":"2022-09-22T18:58:42+00:00","dateModified":"2026-03-16T21:28:42+00:00","breadcrumb":{"@id":"https:\/\/gastropedia.pub\/es\/sobre\/#breadcrumb"},"inLanguage":"es","potentialAction":[{"@type":"ReadAction","target":["https:\/\/gastropedia.pub\/es\/sobre\/"]}]},{"@type":"BreadcrumbList","@id":"https:\/\/gastropedia.pub\/es\/sobre\/#breadcrumb","itemListElement":[{"@type":"ListItem","position":1,"name":"Inicio","item":"https:\/\/gastropedia.pub\/es\/"},{"@type":"ListItem","position":2,"name":"Sobre"}]},{"@type":"WebSite","@id":"https:\/\/gastropedia.pub\/es\/#website","url":"https:\/\/gastropedia.pub\/es\/","name":"Gastropedia","description":"Actualizaci\u00f3n m\u00e9dica de forma sencilla para profesionales que trabajan con la salud del aparato digestivo.","potentialAction":[{"@type":"SearchAction","target":{"@type":"EntryPoint","urlTemplate":"https:\/\/gastropedia.pub\/es\/?s={search_term_string}"},"query-input":{"@type":"PropertyValueSpecification","valueRequired":true,"valueName":"search_term_string"}}],"inLanguage":"es"}]}},"_links":{"self":[{"href":"https:\/\/gastropedia.pub\/es\/wp-json\/wp\/v2\/pages\/1307","targetHints":{"allow":["GET"]}}],"collection":[{"href":"https:\/\/gastropedia.pub\/es\/wp-json\/wp\/v2\/pages"}],"about":[{"href":"https:\/\/gastropedia.pub\/es\/wp-json\/wp\/v2\/types\/page"}],"author":[{"embeddable":true,"href":"https:\/\/gastropedia.pub\/es\/wp-json\/wp\/v2\/users\/1"}],"replies":[{"embeddable":true,"href":"https:\/\/gastropedia.pub\/es\/wp-json\/wp\/v2\/comments?post=1307"}],"version-history":[{"count":83,"href":"https:\/\/gastropedia.pub\/es\/wp-json\/wp\/v2\/pages\/1307\/revisions"}],"predecessor-version":[{"id":9278,"href":"https:\/\/gastropedia.pub\/es\/wp-json\/wp\/v2\/pages\/1307\/revisions\/9278"}],"wp:attachment":[{"href":"https:\/\/gastropedia.pub\/es\/wp-json\/wp\/v2\/media?parent=1307"}],"curies":[{"name":"wp","href":"https:\/\/api.w.org\/{rel}","templated":true}]}}