{"id":4466,"date":"2023-01-23T18:09:24","date_gmt":"2023-01-23T21:09:24","guid":{"rendered":"https:\/\/gastropedia.pub\/es\/gastroblog\/?page_id=4466"},"modified":"2023-11-08T15:48:16","modified_gmt":"2023-11-08T14:48:16","slug":"sobre","status":"publish","type":"page","link":"https:\/\/gastropedia.pub\/es\/gastroblog\/sobre\/","title":{"rendered":"Sobre"},"content":{"rendered":"\t\t<div data-elementor-type=\"wp-page\" data-elementor-id=\"4466\" class=\"elementor elementor-4466\">\n\t\t\t\t\t\t<section class=\"penci-section penci-disSticky penci-structure-10 elementor-section elementor-top-section elementor-element elementor-element-14b697e9 elementor-section-boxed elementor-section-height-default elementor-section-height-default\" data-id=\"14b697e9\" data-element_type=\"section\" data-e-type=\"section\">\n\t\t\t\t\t\t<div class=\"elementor-container elementor-column-gap-default\">\n\t\t\t\t\t<div class=\"penci-ercol-100 penci-ercol-order-1 penci-sticky-ct    elementor-column elementor-col-100 elementor-top-column elementor-element elementor-element-8cccf41\" data-id=\"8cccf41\" data-element_type=\"column\" data-e-type=\"column\">\n\t\t\t<div class=\"elementor-widget-wrap elementor-element-populated\">\n\t\t\t\t\t\t<div class=\"elementor-element elementor-element-1cab6628 elementor-widget elementor-widget-text-editor\" data-id=\"1cab6628\" data-element_type=\"widget\" data-e-type=\"widget\" data-widget_type=\"text-editor.default\">\n\t\t\t\t<div class=\"elementor-widget-container\">\n\t\t\t\t\t\t\t\t\t<p><\/p>\n<h2 class=\"wp-block-heading\"><strong>\u00bfQu\u00e9 es GastroBlog?<br><\/strong><\/h2>\n<p><\/p>\n<p><\/p>\n<p>GastroBlog es un sitio web dise\u00f1ado para personas que buscan aclaraciones sobre diversos temas relacionados con el sistema digestivo. Surgi\u00f3 de la necesidad que muchas personas tienen de acceder a informaci\u00f3n ver\u00eddica, proporcionada por m\u00e9dicos especialistas, y con un lenguaje claro y did\u00e1ctico para comprender completamente el tema.<\/p>\n<p><font color=\"#1e4079\"><span style=\"font-size: 22px;\"><b>\u00bfCu\u00e1l es la funci\u00f3n de GastroBlog?<\/b><\/span><\/font><\/p>\n<p>La principal funci\u00f3n de GastroBlog es proporcionar informaci\u00f3n de calidad y resolver las principales dudas de los pacientes sobre la salud y patolog\u00edas del sistema digestivo.<\/p>\n<p>Con GastroBlog, toda la poblaci\u00f3n puede tener acceso en l\u00ednea y gratuito a informaci\u00f3n verdadera (y verificada) sobre enfermedades de todo el sistema digestivo.<\/p>\n<p><font color=\"#1e4079\"><span style=\"font-size: 22px;\"><b>Diferenciales de GastroBlog<\/b><\/span><\/font><\/p>\n<p>Uno de los principales diferenciales de GastroBlog es el compromiso de entregar a los internautas un contenido que sea informativo y f\u00e1cil de entender al mismo tiempo, buscando resolver dudas sin generar confusi\u00f3n.<\/p>\n<p>La informaci\u00f3n contenida en GastroBlog es desarrollada y revisada por profesionales, adem\u00e1s de ser presentada en un formato m\u00e1s resumido, para optimizar el tiempo de quienes acceden al sitio en busca de respuestas.<\/p>\n<p><font color=\"#1e4079\"><span style=\"font-size: 22px;\"><b>\u00bfQui\u00e9n hace GastroBlog?<\/b><\/span><\/font><\/p>\n<p>GastroBlog fue ideado por un equipo de m\u00e9dicos especialistas en el Sistema Digestivo que son editores del portal Gastropedia. El sitio tambi\u00e9n cuenta con el apoyo de una amplia red de m\u00e9dicos, que act\u00faan como editores colaboradores.<\/p>\n<p>Navegue por GastroBlog para acceder a todos los contenidos gratuitamente.<\/p>\n<p><\/p>\t\t\t\t\t\t\t\t<\/div>\n\t\t\t\t<\/div>\n\t\t\t\t\t<\/div>\n\t\t<\/div>\n\t\t\t\t\t<\/div>\n\t\t<\/section>\n\t\t\t\t<\/div>\n\t\t","protected":false},"excerpt":{"rendered":"<p>\u00bfQu\u00e9 es GastroBlog? GastroBlog es un sitio web dise\u00f1ado para personas que buscan aclaraciones sobre diversos temas relacionados con el sistema digestivo. Surgi\u00f3 de la necesidad que muchas personas tienen&hellip;<\/p>\n","protected":false},"author":1,"featured_media":0,"parent":0,"menu_order":0,"comment_status":"closed","ping_status":"closed","template":"","meta":{"_lmt_disableupdate":"","_lmt_disable":"","footnotes":""},"class_list":["post-4466","page","type-page","status-publish","hentry"],"yoast_head":"<!-- This site is optimized with the Yoast SEO plugin v27.3 - https:\/\/yoast.com\/product\/yoast-seo-wordpress\/ -->\n<title>Sobre - Gastroblog<\/title>\n<meta name=\"robots\" content=\"index, follow, max-snippet:-1, max-image-preview:large, max-video-preview:-1\" \/>\n<link rel=\"canonical\" href=\"https:\/\/gastropedia.pub\/es\/gastroblog\/sobre\/\" \/>\n<meta property=\"og:locale\" content=\"es_ES\" \/>\n<meta property=\"og:type\" content=\"article\" \/>\n<meta property=\"og:title\" content=\"Sobre - Gastroblog\" \/>\n<meta property=\"og:description\" content=\"\u00bfQu\u00e9 es GastroBlog? GastroBlog es un sitio web dise\u00f1ado para personas que buscan aclaraciones sobre diversos temas relacionados con el sistema digestivo. Surgi\u00f3 de la necesidad que muchas personas tienen&hellip;\" \/>\n<meta property=\"og:url\" content=\"https:\/\/gastropedia.pub\/es\/gastroblog\/sobre\/\" \/>\n<meta property=\"og:site_name\" content=\"Gastroblog\" \/>\n<meta property=\"article:modified_time\" content=\"2023-11-08T14:48:16+00:00\" \/>\n<meta name=\"twitter:card\" content=\"summary_large_image\" \/>\n<meta name=\"twitter:label1\" content=\"Tiempo de lectura\" \/>\n\t<meta name=\"twitter:data1\" content=\"2 minutos\" \/>\n<script type=\"application\/ld+json\" class=\"yoast-schema-graph\">{\"@context\":\"https:\\\/\\\/schema.org\",\"@graph\":[{\"@type\":\"WebPage\",\"@id\":\"https:\\\/\\\/gastropedia.pub\\\/es\\\/gastroblog\\\/sobre\\\/\",\"url\":\"https:\\\/\\\/gastropedia.pub\\\/es\\\/gastroblog\\\/sobre\\\/\",\"name\":\"Sobre - Gastroblog\",\"isPartOf\":{\"@id\":\"https:\\\/\\\/gastropedia.pub\\\/es\\\/gastroblog\\\/#website\"},\"datePublished\":\"2023-01-23T21:09:24+00:00\",\"dateModified\":\"2023-11-08T14:48:16+00:00\",\"breadcrumb\":{\"@id\":\"https:\\\/\\\/gastropedia.pub\\\/es\\\/gastroblog\\\/sobre\\\/#breadcrumb\"},\"inLanguage\":\"es\",\"potentialAction\":[{\"@type\":\"ReadAction\",\"target\":[\"https:\\\/\\\/gastropedia.pub\\\/es\\\/gastroblog\\\/sobre\\\/\"]}]},{\"@type\":\"BreadcrumbList\",\"@id\":\"https:\\\/\\\/gastropedia.pub\\\/es\\\/gastroblog\\\/sobre\\\/#breadcrumb\",\"itemListElement\":[{\"@type\":\"ListItem\",\"position\":1,\"name\":\"Inicio\",\"item\":\"https:\\\/\\\/gastropedia.pub\\\/es\\\/gastroblog\\\/\"},{\"@type\":\"ListItem\",\"position\":2,\"name\":\"Sobre\"}]},{\"@type\":\"WebSite\",\"@id\":\"https:\\\/\\\/gastropedia.pub\\\/es\\\/gastroblog\\\/#website\",\"url\":\"https:\\\/\\\/gastropedia.pub\\\/es\\\/gastroblog\\\/\",\"name\":\"Gastroblog\",\"description\":\"\",\"potentialAction\":[{\"@type\":\"SearchAction\",\"target\":{\"@type\":\"EntryPoint\",\"urlTemplate\":\"https:\\\/\\\/gastropedia.pub\\\/es\\\/gastroblog\\\/?s={search_term_string}\"},\"query-input\":{\"@type\":\"PropertyValueSpecification\",\"valueRequired\":true,\"valueName\":\"search_term_string\"}}],\"inLanguage\":\"es\"}]}<\/script>\n<!-- \/ Yoast SEO plugin. -->","yoast_head_json":{"title":"Sobre - Gastroblog","robots":{"index":"index","follow":"follow","max-snippet":"max-snippet:-1","max-image-preview":"max-image-preview:large","max-video-preview":"max-video-preview:-1"},"canonical":"https:\/\/gastropedia.pub\/es\/gastroblog\/sobre\/","og_locale":"es_ES","og_type":"article","og_title":"Sobre - Gastroblog","og_description":"\u00bfQu\u00e9 es GastroBlog? GastroBlog es un sitio web dise\u00f1ado para personas que buscan aclaraciones sobre diversos temas relacionados con el sistema digestivo. Surgi\u00f3 de la necesidad que muchas personas tienen&hellip;","og_url":"https:\/\/gastropedia.pub\/es\/gastroblog\/sobre\/","og_site_name":"Gastroblog","article_modified_time":"2023-11-08T14:48:16+00:00","twitter_card":"summary_large_image","twitter_misc":{"Tiempo de lectura":"2 minutos"},"schema":{"@context":"https:\/\/schema.org","@graph":[{"@type":"WebPage","@id":"https:\/\/gastropedia.pub\/es\/gastroblog\/sobre\/","url":"https:\/\/gastropedia.pub\/es\/gastroblog\/sobre\/","name":"Sobre - Gastroblog","isPartOf":{"@id":"https:\/\/gastropedia.pub\/es\/gastroblog\/#website"},"datePublished":"2023-01-23T21:09:24+00:00","dateModified":"2023-11-08T14:48:16+00:00","breadcrumb":{"@id":"https:\/\/gastropedia.pub\/es\/gastroblog\/sobre\/#breadcrumb"},"inLanguage":"es","potentialAction":[{"@type":"ReadAction","target":["https:\/\/gastropedia.pub\/es\/gastroblog\/sobre\/"]}]},{"@type":"BreadcrumbList","@id":"https:\/\/gastropedia.pub\/es\/gastroblog\/sobre\/#breadcrumb","itemListElement":[{"@type":"ListItem","position":1,"name":"Inicio","item":"https:\/\/gastropedia.pub\/es\/gastroblog\/"},{"@type":"ListItem","position":2,"name":"Sobre"}]},{"@type":"WebSite","@id":"https:\/\/gastropedia.pub\/es\/gastroblog\/#website","url":"https:\/\/gastropedia.pub\/es\/gastroblog\/","name":"Gastroblog","description":"","potentialAction":[{"@type":"SearchAction","target":{"@type":"EntryPoint","urlTemplate":"https:\/\/gastropedia.pub\/es\/gastroblog\/?s={search_term_string}"},"query-input":{"@type":"PropertyValueSpecification","valueRequired":true,"valueName":"search_term_string"}}],"inLanguage":"es"}]}},"_links":{"self":[{"href":"https:\/\/gastropedia.pub\/es\/gastroblog\/wp-json\/wp\/v2\/pages\/4466","targetHints":{"allow":["GET"]}}],"collection":[{"href":"https:\/\/gastropedia.pub\/es\/gastroblog\/wp-json\/wp\/v2\/pages"}],"about":[{"href":"https:\/\/gastropedia.pub\/es\/gastroblog\/wp-json\/wp\/v2\/types\/page"}],"author":[{"embeddable":true,"href":"https:\/\/gastropedia.pub\/es\/gastroblog\/wp-json\/wp\/v2\/users\/1"}],"replies":[{"embeddable":true,"href":"https:\/\/gastropedia.pub\/es\/gastroblog\/wp-json\/wp\/v2\/comments?post=4466"}],"version-history":[{"count":28,"href":"https:\/\/gastropedia.pub\/es\/gastroblog\/wp-json\/wp\/v2\/pages\/4466\/revisions"}],"predecessor-version":[{"id":7722,"href":"https:\/\/gastropedia.pub\/es\/gastroblog\/wp-json\/wp\/v2\/pages\/4466\/revisions\/7722"}],"wp:attachment":[{"href":"https:\/\/gastropedia.pub\/es\/gastroblog\/wp-json\/wp\/v2\/media?parent=4466"}],"curies":[{"name":"wp","href":"https:\/\/api.w.org\/{rel}","templated":true}]}}