{"id":1472,"date":"2022-09-23T09:44:34","date_gmt":"2022-09-23T12:44:34","guid":{"rendered":"https:\/\/gastropedia.pub\/en\/?page_id=1472"},"modified":"2023-11-16T15:29:35","modified_gmt":"2023-11-16T18:29:35","slug":"obesity","status":"publish","type":"page","link":"https:\/\/gastropedia.pub\/en\/gastrosurgery\/obesity\/","title":{"rendered":"Obesity"},"content":{"rendered":"\t\t<div data-elementor-type=\"wp-page\" data-elementor-id=\"1472\" class=\"elementor elementor-1472\">\n\t\t\t\t\t\t<section class=\"penci-section penci-disSticky penci-structure-10 elementor-section elementor-top-section elementor-element elementor-element-e6f978b elementor-section-boxed elementor-section-height-default elementor-section-height-default\" data-id=\"e6f978b\" data-element_type=\"section\" data-e-type=\"section\">\n\t\t\t\t\t\t<div class=\"elementor-container elementor-column-gap-default\">\n\t\t\t\t\t<div class=\"penci-ercol-100 penci-ercol-order-1 penci-sticky-ct    elementor-column elementor-col-100 elementor-top-column elementor-element elementor-element-a3eca14\" data-id=\"a3eca14\" data-element_type=\"column\" data-e-type=\"column\">\n\t\t\t<div class=\"elementor-widget-wrap elementor-element-populated\">\n\t\t\t\t\t\t<div class=\"elementor-element elementor-element-25cbc09 elementor-widget elementor-widget-penci-latest-posts\" data-id=\"25cbc09\" data-element_type=\"widget\" data-e-type=\"widget\" data-widget_type=\"penci-latest-posts.default\">\n\t\t\t\t<div class=\"elementor-widget-container\">\n\t\t\t\t\t                <div id=\"pencilatest_posts_39870\" class=\"penci-latest-posts-sc penci-latest-posts-grid penci-latest-posts-el penci-el-mixed-s1 penci-latest-posts-left penci-std-continue-center penci-std-excerpt-center penci-grid-excerpt-left\">\n\t\t\t\t\t\t\t\t\t\t\t                        <div class=\"penci-border-arrow penci-homepage-title penci-home-latest-posts style-14 pcalign-left pciconp-right pcicon-right\">\n                            <h3 class=\"inner-arrow\">\n                                <span>\n\t\t\t\t\t\t\t\t<span>LATEST ARTICLES<\/span>                                <\/span>\n                            <\/h3>\n\t\t\t\t\t\t\t                        <\/div>\n\t\t\t\t\t                    <div class=\"penci-wrapper-posts-ajax\">\n\n                        <div class=\"penci-wrapper-posts-content pwid-default\">\n\n\t\t\t\t\t\t\t\t\t\t\t\t\t\t\t                                <ul data-cols=\"3\" data-tcols=\"3\" data-mcols=\"2\" data-layout=\"grid\"\n                                    class=\"has-d-cols has-t-cols has-m-cols penci-wrapper-data penci-grid penci-shortcode-render\">\t\t\t\t\t\t\t\t\t\t\t\t\t\t\t\t\t\t\t\t\t\t\t\t\t\t\t\t\t<li class=\"grid-style\">\n    <article id=\"post-8114\" class=\"item hentry\">\n\t\t            <div class=\"thumbnail\">\n\t\t\t\t\t\t\t\t                    <a class=\"penci-image-holder penci-lazy\"\n                       data-bgset=\"https:\/\/gastropedia.pub\/en\/wp-content\/uploads\/2023\/11\/pessoas-1-585x390.png\"\n                       href=\"https:\/\/gastropedia.pub\/en\/surgery\/obesity-concept-consequences-and-classification\/\" title=\"Obesity: concept, consequences and classification\">\n                    <\/a>\n\t\t\t\t\n\t\t\t\t\t\t\t\t\t\t\t\t\t\t\t\t\t\t\t\t\t\t\t\t\t\t\t\t\t\t\t\t\t            <\/div>\n\t\t\n        <div class=\"grid-header-box\">\n\t\t\t                <span class=\"cat\"><a style=\"\" class=\"penci-cat-name penci-cat-30\" href=\"https:\/\/gastropedia.pub\/en\/category\/surgery\/obesity\/\"  rel=\"category tag\"><span style=\"\">Obesity<\/span><\/a><a style=\"\" class=\"penci-cat-name penci-cat-24\" href=\"https:\/\/gastropedia.pub\/en\/category\/surgery\/\"  rel=\"category tag\"><span style=\"\">Surgery<\/span><\/a><\/span>\n\t\t\t\n            <h2 class=\"penci-entry-title entry-title grid-title penci_grid_title_df\"><a\n                        href=\"https:\/\/gastropedia.pub\/en\/surgery\/obesity-concept-consequences-and-classification\/\">Obesity: concept, consequences and classification<\/a>\n            <\/h2>\n\t\t\t\t\t\t\t\t<div class=\"penci-hide-tagupdated\">\n\t\t\t<span class=\"author-italic author vcard\">by \t\t\t\t\t\t\t\t\t\t<a class=\"author-url url fn n\" href=\"https:\/\/gastropedia.pub\/en\/author\/bruno\/\">Bruno Martins<\/a>\t\t\t\t\t\t\t\t\t<\/span>\n\t\t\t<time class=\"entry-date published\" datetime=\"2023-03-23T14:09:06-04:00\">March 23, 2023<\/time>\t\t<\/div>\n\t\t\t\t\t\t                <div class=\"grid-post-box-meta\">\n\t\t\t\t\t\t\t\t\t\t                        <span class=\"otherl-date-author author-italic author vcard\">by                                 <a class=\"author-url url fn n\" href=\"https:\/\/gastropedia.pub\/en\/author\/bruno\/\">Bruno Martins<\/a>\t\t\t\t\t\t\t<\/span>\n\t\t\t\t\t\t\t\t\t\t                        <span class=\"otherl-date\"><time class=\"entry-date published\" datetime=\"2023-03-23T14:09:06-04:00\">March 23, 2023<\/time><\/span>\n\t\t\t\t\t\t\t\t\t\t\t\t\t\t\t\t\t\t\t\t\t\t\t\t\t\t\t\t\t\t                <\/div>\n\t\t\t        <\/div>\n\n\t\t            <div class=\"item-content entry-content\">\n\t\t\t\t<p>Obesity is a public health problem with increasing incidence. In this article we will discuss its concept, etiology, classification and consequences. Concept and epidemiology Consequences of obesity Metabolic syndrome Classification &#8230;<\/p>\n            <\/div>\n\t\t\n\t\t\n\t\t            <div class=\"penci-post-box-meta penci-post-box-grid\">\n                <div class=\"penci-post-share-box\">\n\t\t\t\t\t\t\t\t\t\t                <\/div>\n            <\/div>\n\t\t    <\/article>\n<\/li>\n<li class=\"grid-style\">\n    <article id=\"post-8180\" class=\"item hentry\">\n\t\t            <div class=\"thumbnail\">\n\t\t\t\t\t\t\t\t                    <a class=\"penci-image-holder penci-lazy\"\n                       data-bgset=\"https:\/\/gastropedia.pub\/en\/wp-content\/uploads\/2023\/12\/Sem-titulo-1-585x390.png\"\n                       href=\"https:\/\/gastropedia.pub\/en\/surgery\/vertical-gastrectomy-and-roux-en-y-gastric-bypass-is-there-a-difference-in-long-term-results\/\" title=\"Vertical Gastrectomy and Roux-en-Y Gastric Bypass. Is there a difference in long-term results?\">\n                    <\/a>\n\t\t\t\t\n\t\t\t\t\t\t\t\t\t\t\t\t\t\t\t\t\t\t\t\t\t\t\t\t\t\t\t\t\t\t\t\t\t            <\/div>\n\t\t\n        <div class=\"grid-header-box\">\n\t\t\t                <span class=\"cat\"><a style=\"\" class=\"penci-cat-name penci-cat-30\" href=\"https:\/\/gastropedia.pub\/en\/category\/surgery\/obesity\/\"  rel=\"category tag\"><span style=\"\">Obesity<\/span><\/a><a style=\"\" class=\"penci-cat-name penci-cat-24\" href=\"https:\/\/gastropedia.pub\/en\/category\/surgery\/\"  rel=\"category tag\"><span style=\"\">Surgery<\/span><\/a><\/span>\n\t\t\t\n            <h2 class=\"penci-entry-title entry-title grid-title penci_grid_title_df\"><a\n                        href=\"https:\/\/gastropedia.pub\/en\/surgery\/vertical-gastrectomy-and-roux-en-y-gastric-bypass-is-there-a-difference-in-long-term-results\/\">Vertical Gastrectomy and Roux-en-Y Gastric Bypass. Is there a difference in long-term results?<\/a>\n            <\/h2>\n\t\t\t\t\t\t\t\t<div class=\"penci-hide-tagupdated\">\n\t\t\t<span class=\"author-italic author vcard\">by \t\t\t\t\t\t\t\t\t\t<a class=\"author-url url fn n\" href=\"https:\/\/gastropedia.pub\/en\/author\/carolbatista-med\/\">Anna Carolina Batista Dantas<\/a>\t\t\t\t\t\t\t\t\t<\/span>\n\t\t\t<time class=\"entry-date published\" datetime=\"2023-01-26T06:10:49-05:00\">January 26, 2023<\/time>\t\t<\/div>\n\t\t\t\t\t\t                <div class=\"grid-post-box-meta\">\n\t\t\t\t\t\t\t\t\t\t                        <span class=\"otherl-date-author author-italic author vcard\">by                                 <a class=\"author-url url fn n\" href=\"https:\/\/gastropedia.pub\/en\/author\/carolbatista-med\/\">Anna Carolina Batista Dantas<\/a>\t\t\t\t\t\t\t<\/span>\n\t\t\t\t\t\t\t\t\t\t                        <span class=\"otherl-date\"><time class=\"entry-date published\" datetime=\"2023-01-26T06:10:49-05:00\">January 26, 2023<\/time><\/span>\n\t\t\t\t\t\t\t\t\t\t\t\t\t\t\t\t\t\t\t\t\t\t\t\t\t\t\t\t\t\t                <\/div>\n\t\t\t        <\/div>\n\n\t\t            <div class=\"item-content entry-content\">\n\t\t\t\t<p>Vertical Gastrectomy (VG) has quickly become the most performed bariatric surgery in the world. However, little is known about long-term results when compared to Roux-en-Y Gastric Bypass (RYGB). In August &#8230;<\/p>\n            <\/div>\n\t\t\n\t\t\n\t\t            <div class=\"penci-post-box-meta penci-post-box-grid\">\n                <div class=\"penci-post-share-box\">\n\t\t\t\t\t\t\t\t\t\t                <\/div>\n            <\/div>\n\t\t    <\/article>\n<\/li>\n<li class=\"grid-style\">\n    <article id=\"post-8150\" class=\"item hentry\">\n\t\t            <div class=\"thumbnail\">\n\t\t\t\t\t\t\t\t                    <a class=\"penci-image-holder penci-lazy\"\n                       data-bgset=\"https:\/\/gastropedia.pub\/en\/wp-content\/uploads\/2023\/12\/Barrett-em-bariatrica-585x390.jpg?v=1702044438\"\n                       href=\"https:\/\/gastropedia.pub\/en\/surgery\/vertical-gastrectomy-and-risk-of-barretts-esophagus\/\" title=\"Vertical Gastrectomy and risk of Barrett&#8217;s Esophagus\">\n                    <\/a>\n\t\t\t\t\n\t\t\t\t\t\t\t\t\t\t\t\t\t\t\t\t\t\t\t\t\t\t\t\t\t\t\t\t\t\t\t\t\t            <\/div>\n\t\t\n        <div class=\"grid-header-box\">\n\t\t\t                <span class=\"cat\"><a style=\"\" class=\"penci-cat-name penci-cat-30\" href=\"https:\/\/gastropedia.pub\/en\/category\/surgery\/obesity\/\"  rel=\"category tag\"><span style=\"\">Obesity<\/span><\/a><a style=\"\" class=\"penci-cat-name penci-cat-24\" href=\"https:\/\/gastropedia.pub\/en\/category\/surgery\/\"  rel=\"category tag\"><span style=\"\">Surgery<\/span><\/a><\/span>\n\t\t\t\n            <h2 class=\"penci-entry-title entry-title grid-title penci_grid_title_df\"><a\n                        href=\"https:\/\/gastropedia.pub\/en\/surgery\/vertical-gastrectomy-and-risk-of-barretts-esophagus\/\">Vertical Gastrectomy and risk of Barrett&#8217;s Esophagus<\/a>\n            <\/h2>\n\t\t\t\t\t\t\t\t<div class=\"penci-hide-tagupdated\">\n\t\t\t<span class=\"author-italic author vcard\">by \t\t\t\t\t\t\t\t\t\t<a class=\"author-url url fn n\" href=\"https:\/\/gastropedia.pub\/en\/author\/carolbatista-med\/\">Anna Carolina Batista Dantas<\/a>\t\t\t\t\t\t\t\t\t<\/span>\n\t\t\t<time class=\"entry-date published\" datetime=\"2022-11-28T06:37:03-05:00\">November 28, 2022<\/time>\t\t<\/div>\n\t\t\t\t\t\t                <div class=\"grid-post-box-meta\">\n\t\t\t\t\t\t\t\t\t\t                        <span class=\"otherl-date-author author-italic author vcard\">by                                 <a class=\"author-url url fn n\" href=\"https:\/\/gastropedia.pub\/en\/author\/carolbatista-med\/\">Anna Carolina Batista Dantas<\/a>\t\t\t\t\t\t\t<\/span>\n\t\t\t\t\t\t\t\t\t\t                        <span class=\"otherl-date\"><time class=\"entry-date published\" datetime=\"2022-11-28T06:37:03-05:00\">November 28, 2022<\/time><\/span>\n\t\t\t\t\t\t\t\t\t\t\t\t\t\t\t\t\t\t\t\t\t\t\t\t\t\t\t\t\t\t                <\/div>\n\t\t\t        <\/div>\n\n\t\t            <div class=\"item-content entry-content\">\n\t\t\t\t<p>A 65-year-old male patient, underwent Vertical Gastrectomy in 2017 for the treatment of Morbid Obesity. Lost follow-up during the COVID-19 pandemic, having only done a follow-up endoscopy in the first &#8230;<\/p>\n            <\/div>\n\t\t\n\t\t\n\t\t            <div class=\"penci-post-box-meta penci-post-box-grid\">\n                <div class=\"penci-post-share-box\">\n\t\t\t\t\t\t\t\t\t\t                <\/div>\n            <\/div>\n\t\t    <\/article>\n<\/li>\n<li class=\"grid-style\">\n    <article id=\"post-8218\" class=\"item hentry\">\n\t\t            <div class=\"thumbnail\">\n\t\t\t\t\t\t\t\t                    <a class=\"penci-image-holder penci-lazy\"\n                       data-bgset=\"https:\/\/gastropedia.pub\/en\/wp-content\/uploads\/2023\/12\/LUDMILA-VILELA-PEREIRA-GOMES_331162_03-1-585x390.jpg?v=1702116473\"\n                       href=\"https:\/\/gastropedia.pub\/en\/gastroenterology\/gastroesophageal-reflux-disease-in-the-patient-with-obesity\/\" title=\"Gastroesophageal reflux disease in the patient with obesity\">\n                    <\/a>\n\t\t\t\t\n\t\t\t\t\t\t\t\t\t\t\t\t\t\t\t\t\t\t\t\t\t\t\t\t\t\t\t\t\t\t\t\t\t            <\/div>\n\t\t\n        <div class=\"grid-header-box\">\n\t\t\t                <span class=\"cat\"><a style=\"\" class=\"penci-cat-name penci-cat-18\" href=\"https:\/\/gastropedia.pub\/en\/category\/gastroenterology\/\"  rel=\"category tag\"><span style=\"\">Gastroenterology<\/span><\/a><a style=\"\" class=\"penci-cat-name penci-cat-30\" href=\"https:\/\/gastropedia.pub\/en\/category\/surgery\/obesity\/\"  rel=\"category tag\"><span style=\"\">Obesity<\/span><\/a><a style=\"\" class=\"penci-cat-name penci-cat-20\" href=\"https:\/\/gastropedia.pub\/en\/category\/gastroenterology\/stomach\/\"  rel=\"category tag\"><span style=\"\">Stomach<\/span><\/a><a style=\"\" class=\"penci-cat-name penci-cat-24\" href=\"https:\/\/gastropedia.pub\/en\/category\/surgery\/\"  rel=\"category tag\"><span style=\"\">Surgery<\/span><\/a><\/span>\n\t\t\t\n            <h2 class=\"penci-entry-title entry-title grid-title penci_grid_title_df\"><a\n                        href=\"https:\/\/gastropedia.pub\/en\/gastroenterology\/gastroesophageal-reflux-disease-in-the-patient-with-obesity\/\">Gastroesophageal reflux disease in the patient with obesity<\/a>\n            <\/h2>\n\t\t\t\t\t\t\t\t<div class=\"penci-hide-tagupdated\">\n\t\t\t<span class=\"author-italic author vcard\">by \t\t\t\t\t\t\t\t\t\t<a class=\"author-url url fn n\" href=\"https:\/\/gastropedia.pub\/en\/author\/carolbatista-med\/\">Anna Carolina Batista Dantas<\/a>\t\t\t\t\t\t\t\t\t<\/span>\n\t\t\t<time class=\"entry-date published\" datetime=\"2022-09-15T07:00:59-04:00\">September 15, 2022<\/time>\t\t<\/div>\n\t\t\t\t\t\t                <div class=\"grid-post-box-meta\">\n\t\t\t\t\t\t\t\t\t\t                        <span class=\"otherl-date-author author-italic author vcard\">by                                 <a class=\"author-url url fn n\" href=\"https:\/\/gastropedia.pub\/en\/author\/carolbatista-med\/\">Anna Carolina Batista Dantas<\/a>\t\t\t\t\t\t\t<\/span>\n\t\t\t\t\t\t\t\t\t\t                        <span class=\"otherl-date\"><time class=\"entry-date published\" datetime=\"2022-09-15T07:00:59-04:00\">September 15, 2022<\/time><\/span>\n\t\t\t\t\t\t\t\t\t\t\t\t\t\t\t\t\t\t\t\t\t\t\t\t\t\t\t\t\t\t                <\/div>\n\t\t\t        <\/div>\n\n\t\t            <div class=\"item-content entry-content\">\n\t\t\t\t<p>Gastroesophageal Reflux Disease (GERD) is quite common in the general population, with a prevalence of 10 to 20%. In patients with obesity, this prevalence can be double. The mechanisms involved &#8230;<\/p>\n            <\/div>\n\t\t\n\t\t\n\t\t            <div class=\"penci-post-box-meta penci-post-box-grid\">\n                <div class=\"penci-post-share-box\">\n\t\t\t\t\t\t\t\t\t\t                <\/div>\n            <\/div>\n\t\t    <\/article>\n<\/li>\n\n\t\t\t\t\t\t\t\t\t\t\t\t\t\t\t\t\t\t\t\t\t\t\t\t\t\t\t\t<\/ul>\n\t\t\t\t\t\t\t\t\t\t\t\t\t\t\t\t\t\t\t\t\t                        <\/div>\n\n\t\t\t\t\t\t                    <\/div>\n                <\/div>\n\t\t\t            <style>\n                                                                                                                                                                            <\/style>\n\t\t\t\t\t\t\t<\/div>\n\t\t\t\t<\/div>\n\t\t\t\t\t<\/div>\n\t\t<\/div>\n\t\t\t\t\t<\/div>\n\t\t<\/section>\n\t\t\t\t<\/div>\n\t\t","protected":false},"excerpt":{"rendered":"<p>LATEST ARTICLES CirurgiaEs\u00f4fago-Est\u00f4mago-DuodenoObesidade S\u00edndrome de Dumping by Bruno Martins 18 de maio de 2023 by Bruno Martins 18 de maio de 2023 A S\u00edndrome de Dumping \u00e9 uma combina\u00e7\u00e3o de&hellip;<\/p>\n","protected":false},"author":1,"featured_media":0,"parent":1438,"menu_order":0,"comment_status":"closed","ping_status":"closed","template":"","meta":{"_lmt_disableupdate":"","_lmt_disable":"","footnotes":""},"class_list":["post-1472","page","type-page","status-publish","hentry"],"yoast_head":"<!-- This site is optimized with the Yoast SEO Premium plugin v21.2 (Yoast SEO v27.3) - https:\/\/yoast.com\/product\/yoast-seo-premium-wordpress\/ -->\n<title>Obesity - Gastropedia<\/title>\n<meta name=\"robots\" content=\"index, follow, max-snippet:-1, max-image-preview:large, max-video-preview:-1\" \/>\n<link rel=\"canonical\" href=\"https:\/\/gastropedia.pub\/en\/gastrosurgery\/obesity\/\" \/>\n<meta property=\"og:locale\" content=\"en_US\" \/>\n<meta property=\"og:type\" content=\"article\" \/>\n<meta property=\"og:title\" content=\"Obesity\" \/>\n<meta property=\"og:description\" content=\"LATEST ARTICLES CirurgiaEs\u00f4fago-Est\u00f4mago-DuodenoObesidade S\u00edndrome de Dumping by Bruno Martins 18 de maio de 2023 by Bruno Martins 18 de maio de 2023 A S\u00edndrome de Dumping \u00e9 uma combina\u00e7\u00e3o de&hellip;\" \/>\n<meta property=\"og:url\" content=\"https:\/\/gastropedia.pub\/en\/gastrosurgery\/obesity\/\" \/>\n<meta property=\"og:site_name\" content=\"Gastropedia\" \/>\n<meta property=\"article:modified_time\" content=\"2023-11-16T18:29:35+00:00\" \/>\n<meta name=\"twitter:card\" content=\"summary_large_image\" \/>\n<meta name=\"twitter:label1\" content=\"Est. reading time\" \/>\n\t<meta name=\"twitter:data1\" content=\"2 minutes\" \/>\n<script type=\"application\/ld+json\" class=\"yoast-schema-graph\">{\"@context\":\"https:\\\/\\\/schema.org\",\"@graph\":[{\"@type\":\"WebPage\",\"@id\":\"https:\\\/\\\/gastropedia.pub\\\/en\\\/gastrosurgery\\\/obesity\\\/\",\"url\":\"https:\\\/\\\/gastropedia.pub\\\/en\\\/gastrosurgery\\\/obesity\\\/\",\"name\":\"Obesity - Gastropedia\",\"isPartOf\":{\"@id\":\"https:\\\/\\\/gastropedia.pub\\\/en\\\/#website\"},\"datePublished\":\"2022-09-23T12:44:34+00:00\",\"dateModified\":\"2023-11-16T18:29:35+00:00\",\"breadcrumb\":{\"@id\":\"https:\\\/\\\/gastropedia.pub\\\/en\\\/gastrosurgery\\\/obesity\\\/#breadcrumb\"},\"inLanguage\":\"en-US\",\"potentialAction\":[{\"@type\":\"ReadAction\",\"target\":[\"https:\\\/\\\/gastropedia.pub\\\/en\\\/gastrosurgery\\\/obesity\\\/\"]}]},{\"@type\":\"BreadcrumbList\",\"@id\":\"https:\\\/\\\/gastropedia.pub\\\/en\\\/gastrosurgery\\\/obesity\\\/#breadcrumb\",\"itemListElement\":[{\"@type\":\"ListItem\",\"position\":1,\"name\":\"Home\",\"item\":\"https:\\\/\\\/gastropedia.pub\\\/en\\\/\"},{\"@type\":\"ListItem\",\"position\":2,\"name\":\"Surgery\",\"item\":\"https:\\\/\\\/gastropedia.pub\\\/en\\\/gastrosurgery\\\/\"},{\"@type\":\"ListItem\",\"position\":3,\"name\":\"Obesity\"}]},{\"@type\":\"WebSite\",\"@id\":\"https:\\\/\\\/gastropedia.pub\\\/en\\\/#website\",\"url\":\"https:\\\/\\\/gastropedia.pub\\\/en\\\/\",\"name\":\"Gastropedia\",\"description\":\"Easy medical updates for digestive health practitioners.\",\"potentialAction\":[{\"@type\":\"SearchAction\",\"target\":{\"@type\":\"EntryPoint\",\"urlTemplate\":\"https:\\\/\\\/gastropedia.pub\\\/en\\\/?s={search_term_string}\"},\"query-input\":{\"@type\":\"PropertyValueSpecification\",\"valueRequired\":true,\"valueName\":\"search_term_string\"}}],\"inLanguage\":\"en-US\"}]}<\/script>\n<!-- \/ Yoast SEO Premium plugin. -->","yoast_head_json":{"title":"Obesity - Gastropedia","robots":{"index":"index","follow":"follow","max-snippet":"max-snippet:-1","max-image-preview":"max-image-preview:large","max-video-preview":"max-video-preview:-1"},"canonical":"https:\/\/gastropedia.pub\/en\/gastrosurgery\/obesity\/","og_locale":"en_US","og_type":"article","og_title":"Obesity","og_description":"LATEST ARTICLES CirurgiaEs\u00f4fago-Est\u00f4mago-DuodenoObesidade S\u00edndrome de Dumping by Bruno Martins 18 de maio de 2023 by Bruno Martins 18 de maio de 2023 A S\u00edndrome de Dumping \u00e9 uma combina\u00e7\u00e3o de&hellip;","og_url":"https:\/\/gastropedia.pub\/en\/gastrosurgery\/obesity\/","og_site_name":"Gastropedia","article_modified_time":"2023-11-16T18:29:35+00:00","twitter_card":"summary_large_image","twitter_misc":{"Est. reading time":"2 minutes"},"schema":{"@context":"https:\/\/schema.org","@graph":[{"@type":"WebPage","@id":"https:\/\/gastropedia.pub\/en\/gastrosurgery\/obesity\/","url":"https:\/\/gastropedia.pub\/en\/gastrosurgery\/obesity\/","name":"Obesity - Gastropedia","isPartOf":{"@id":"https:\/\/gastropedia.pub\/en\/#website"},"datePublished":"2022-09-23T12:44:34+00:00","dateModified":"2023-11-16T18:29:35+00:00","breadcrumb":{"@id":"https:\/\/gastropedia.pub\/en\/gastrosurgery\/obesity\/#breadcrumb"},"inLanguage":"en-US","potentialAction":[{"@type":"ReadAction","target":["https:\/\/gastropedia.pub\/en\/gastrosurgery\/obesity\/"]}]},{"@type":"BreadcrumbList","@id":"https:\/\/gastropedia.pub\/en\/gastrosurgery\/obesity\/#breadcrumb","itemListElement":[{"@type":"ListItem","position":1,"name":"Home","item":"https:\/\/gastropedia.pub\/en\/"},{"@type":"ListItem","position":2,"name":"Surgery","item":"https:\/\/gastropedia.pub\/en\/gastrosurgery\/"},{"@type":"ListItem","position":3,"name":"Obesity"}]},{"@type":"WebSite","@id":"https:\/\/gastropedia.pub\/en\/#website","url":"https:\/\/gastropedia.pub\/en\/","name":"Gastropedia","description":"Easy medical updates for digestive health practitioners.","potentialAction":[{"@type":"SearchAction","target":{"@type":"EntryPoint","urlTemplate":"https:\/\/gastropedia.pub\/en\/?s={search_term_string}"},"query-input":{"@type":"PropertyValueSpecification","valueRequired":true,"valueName":"search_term_string"}}],"inLanguage":"en-US"}]}},"_links":{"self":[{"href":"https:\/\/gastropedia.pub\/en\/wp-json\/wp\/v2\/pages\/1472","targetHints":{"allow":["GET"]}}],"collection":[{"href":"https:\/\/gastropedia.pub\/en\/wp-json\/wp\/v2\/pages"}],"about":[{"href":"https:\/\/gastropedia.pub\/en\/wp-json\/wp\/v2\/types\/page"}],"author":[{"embeddable":true,"href":"https:\/\/gastropedia.pub\/en\/wp-json\/wp\/v2\/users\/1"}],"replies":[{"embeddable":true,"href":"https:\/\/gastropedia.pub\/en\/wp-json\/wp\/v2\/comments?post=1472"}],"version-history":[{"count":8,"href":"https:\/\/gastropedia.pub\/en\/wp-json\/wp\/v2\/pages\/1472\/revisions"}],"predecessor-version":[{"id":7934,"href":"https:\/\/gastropedia.pub\/en\/wp-json\/wp\/v2\/pages\/1472\/revisions\/7934"}],"up":[{"embeddable":true,"href":"https:\/\/gastropedia.pub\/en\/wp-json\/wp\/v2\/pages\/1438"}],"wp:attachment":[{"href":"https:\/\/gastropedia.pub\/en\/wp-json\/wp\/v2\/media?parent=1472"}],"curies":[{"name":"wp","href":"https:\/\/api.w.org\/{rel}","templated":true}]}}