{"id":1470,"date":"2022-09-23T09:44:00","date_gmt":"2022-09-23T12:44:00","guid":{"rendered":"https:\/\/gastropedia.pub\/en\/?page_id=1470"},"modified":"2023-11-16T15:28:45","modified_gmt":"2023-11-16T18:28:45","slug":"miscellaneous","status":"publish","type":"page","link":"https:\/\/gastropedia.pub\/en\/gastrosurgery\/miscellaneous\/","title":{"rendered":"Miscellaneous"},"content":{"rendered":"\t\t<div data-elementor-type=\"wp-page\" data-elementor-id=\"1470\" class=\"elementor elementor-1470\">\n\t\t\t\t\t\t<section class=\"penci-section penci-disSticky penci-structure-10 elementor-section elementor-top-section elementor-element elementor-element-e6f978b elementor-section-boxed elementor-section-height-default elementor-section-height-default\" data-id=\"e6f978b\" data-element_type=\"section\" data-e-type=\"section\">\n\t\t\t\t\t\t<div class=\"elementor-container elementor-column-gap-default\">\n\t\t\t\t\t<div class=\"penci-ercol-100 penci-ercol-order-1 penci-sticky-ct    elementor-column elementor-col-100 elementor-top-column elementor-element elementor-element-a3eca14\" data-id=\"a3eca14\" data-element_type=\"column\" data-e-type=\"column\">\n\t\t\t<div class=\"elementor-widget-wrap elementor-element-populated\">\n\t\t\t\t\t\t\t<\/div>\n\t\t<\/div>\n\t\t\t\t\t<\/div>\n\t\t<\/section>\n\t\t\t\t<\/div>\n\t\t","protected":false},"excerpt":{"rendered":"<p>LATEST ARTICLES CirurgiaMiscel\u00e2nea As Temidas Deisc\u00eancias de Anastomose. Fatores de Risco, Diagn\u00f3stico e Tratamento by Mariane Gouvea Monteiro de Camargo 10 de novembro de 2022 by Mariane Gouvea Monteiro de&hellip;<\/p>\n","protected":false},"author":1,"featured_media":0,"parent":1438,"menu_order":0,"comment_status":"closed","ping_status":"closed","template":"","meta":{"_lmt_disableupdate":"","_lmt_disable":"","footnotes":""},"class_list":["post-1470","page","type-page","status-publish","hentry"],"yoast_head":"<!-- This site is optimized with the Yoast SEO Premium plugin v21.2 (Yoast SEO v27.3) - https:\/\/yoast.com\/product\/yoast-seo-premium-wordpress\/ -->\n<title>Miscellaneous - Gastropedia<\/title>\n<meta name=\"robots\" content=\"index, follow, max-snippet:-1, max-image-preview:large, max-video-preview:-1\" \/>\n<link rel=\"canonical\" href=\"https:\/\/gastropedia.pub\/en\/gastrosurgery\/miscellaneous\/\" \/>\n<meta property=\"og:locale\" content=\"en_US\" \/>\n<meta property=\"og:type\" content=\"article\" \/>\n<meta property=\"og:title\" content=\"Miscellaneous\" \/>\n<meta property=\"og:description\" content=\"LATEST ARTICLES CirurgiaMiscel\u00e2nea As Temidas Deisc\u00eancias de Anastomose. Fatores de Risco, Diagn\u00f3stico e Tratamento by Mariane Gouvea Monteiro de Camargo 10 de novembro de 2022 by Mariane Gouvea Monteiro de&hellip;\" \/>\n<meta property=\"og:url\" content=\"https:\/\/gastropedia.pub\/en\/gastrosurgery\/miscellaneous\/\" \/>\n<meta property=\"og:site_name\" content=\"Gastropedia\" \/>\n<meta property=\"article:modified_time\" content=\"2023-11-16T18:28:45+00:00\" \/>\n<meta name=\"twitter:card\" content=\"summary_large_image\" \/>\n<meta name=\"twitter:label1\" content=\"Est. reading time\" \/>\n\t<meta name=\"twitter:data1\" content=\"1 minute\" \/>\n<script type=\"application\/ld+json\" class=\"yoast-schema-graph\">{\"@context\":\"https:\\\/\\\/schema.org\",\"@graph\":[{\"@type\":\"WebPage\",\"@id\":\"https:\\\/\\\/gastropedia.pub\\\/en\\\/gastrosurgery\\\/miscellaneous\\\/\",\"url\":\"https:\\\/\\\/gastropedia.pub\\\/en\\\/gastrosurgery\\\/miscellaneous\\\/\",\"name\":\"Miscellaneous - Gastropedia\",\"isPartOf\":{\"@id\":\"https:\\\/\\\/gastropedia.pub\\\/en\\\/#website\"},\"datePublished\":\"2022-09-23T12:44:00+00:00\",\"dateModified\":\"2023-11-16T18:28:45+00:00\",\"breadcrumb\":{\"@id\":\"https:\\\/\\\/gastropedia.pub\\\/en\\\/gastrosurgery\\\/miscellaneous\\\/#breadcrumb\"},\"inLanguage\":\"en-US\",\"potentialAction\":[{\"@type\":\"ReadAction\",\"target\":[\"https:\\\/\\\/gastropedia.pub\\\/en\\\/gastrosurgery\\\/miscellaneous\\\/\"]}]},{\"@type\":\"BreadcrumbList\",\"@id\":\"https:\\\/\\\/gastropedia.pub\\\/en\\\/gastrosurgery\\\/miscellaneous\\\/#breadcrumb\",\"itemListElement\":[{\"@type\":\"ListItem\",\"position\":1,\"name\":\"Home\",\"item\":\"https:\\\/\\\/gastropedia.pub\\\/en\\\/\"},{\"@type\":\"ListItem\",\"position\":2,\"name\":\"Surgery\",\"item\":\"https:\\\/\\\/gastropedia.pub\\\/en\\\/gastrosurgery\\\/\"},{\"@type\":\"ListItem\",\"position\":3,\"name\":\"Miscellaneous\"}]},{\"@type\":\"WebSite\",\"@id\":\"https:\\\/\\\/gastropedia.pub\\\/en\\\/#website\",\"url\":\"https:\\\/\\\/gastropedia.pub\\\/en\\\/\",\"name\":\"Gastropedia\",\"description\":\"Easy medical updates for digestive health practitioners.\",\"potentialAction\":[{\"@type\":\"SearchAction\",\"target\":{\"@type\":\"EntryPoint\",\"urlTemplate\":\"https:\\\/\\\/gastropedia.pub\\\/en\\\/?s={search_term_string}\"},\"query-input\":{\"@type\":\"PropertyValueSpecification\",\"valueRequired\":true,\"valueName\":\"search_term_string\"}}],\"inLanguage\":\"en-US\"}]}<\/script>\n<!-- \/ Yoast SEO Premium plugin. -->","yoast_head_json":{"title":"Miscellaneous - Gastropedia","robots":{"index":"index","follow":"follow","max-snippet":"max-snippet:-1","max-image-preview":"max-image-preview:large","max-video-preview":"max-video-preview:-1"},"canonical":"https:\/\/gastropedia.pub\/en\/gastrosurgery\/miscellaneous\/","og_locale":"en_US","og_type":"article","og_title":"Miscellaneous","og_description":"LATEST ARTICLES CirurgiaMiscel\u00e2nea As Temidas Deisc\u00eancias de Anastomose. Fatores de Risco, Diagn\u00f3stico e Tratamento by Mariane Gouvea Monteiro de Camargo 10 de novembro de 2022 by Mariane Gouvea Monteiro de&hellip;","og_url":"https:\/\/gastropedia.pub\/en\/gastrosurgery\/miscellaneous\/","og_site_name":"Gastropedia","article_modified_time":"2023-11-16T18:28:45+00:00","twitter_card":"summary_large_image","twitter_misc":{"Est. reading time":"1 minute"},"schema":{"@context":"https:\/\/schema.org","@graph":[{"@type":"WebPage","@id":"https:\/\/gastropedia.pub\/en\/gastrosurgery\/miscellaneous\/","url":"https:\/\/gastropedia.pub\/en\/gastrosurgery\/miscellaneous\/","name":"Miscellaneous - Gastropedia","isPartOf":{"@id":"https:\/\/gastropedia.pub\/en\/#website"},"datePublished":"2022-09-23T12:44:00+00:00","dateModified":"2023-11-16T18:28:45+00:00","breadcrumb":{"@id":"https:\/\/gastropedia.pub\/en\/gastrosurgery\/miscellaneous\/#breadcrumb"},"inLanguage":"en-US","potentialAction":[{"@type":"ReadAction","target":["https:\/\/gastropedia.pub\/en\/gastrosurgery\/miscellaneous\/"]}]},{"@type":"BreadcrumbList","@id":"https:\/\/gastropedia.pub\/en\/gastrosurgery\/miscellaneous\/#breadcrumb","itemListElement":[{"@type":"ListItem","position":1,"name":"Home","item":"https:\/\/gastropedia.pub\/en\/"},{"@type":"ListItem","position":2,"name":"Surgery","item":"https:\/\/gastropedia.pub\/en\/gastrosurgery\/"},{"@type":"ListItem","position":3,"name":"Miscellaneous"}]},{"@type":"WebSite","@id":"https:\/\/gastropedia.pub\/en\/#website","url":"https:\/\/gastropedia.pub\/en\/","name":"Gastropedia","description":"Easy medical updates for digestive health practitioners.","potentialAction":[{"@type":"SearchAction","target":{"@type":"EntryPoint","urlTemplate":"https:\/\/gastropedia.pub\/en\/?s={search_term_string}"},"query-input":{"@type":"PropertyValueSpecification","valueRequired":true,"valueName":"search_term_string"}}],"inLanguage":"en-US"}]}},"_links":{"self":[{"href":"https:\/\/gastropedia.pub\/en\/wp-json\/wp\/v2\/pages\/1470","targetHints":{"allow":["GET"]}}],"collection":[{"href":"https:\/\/gastropedia.pub\/en\/wp-json\/wp\/v2\/pages"}],"about":[{"href":"https:\/\/gastropedia.pub\/en\/wp-json\/wp\/v2\/types\/page"}],"author":[{"embeddable":true,"href":"https:\/\/gastropedia.pub\/en\/wp-json\/wp\/v2\/users\/1"}],"replies":[{"embeddable":true,"href":"https:\/\/gastropedia.pub\/en\/wp-json\/wp\/v2\/comments?post=1470"}],"version-history":[{"count":8,"href":"https:\/\/gastropedia.pub\/en\/wp-json\/wp\/v2\/pages\/1470\/revisions"}],"predecessor-version":[{"id":7933,"href":"https:\/\/gastropedia.pub\/en\/wp-json\/wp\/v2\/pages\/1470\/revisions\/7933"}],"up":[{"embeddable":true,"href":"https:\/\/gastropedia.pub\/en\/wp-json\/wp\/v2\/pages\/1438"}],"wp:attachment":[{"href":"https:\/\/gastropedia.pub\/en\/wp-json\/wp\/v2\/media?parent=1470"}],"curies":[{"name":"wp","href":"https:\/\/api.w.org\/{rel}","templated":true}]}}