{"id":1413,"date":"2022-09-23T09:16:40","date_gmt":"2022-09-23T13:16:40","guid":{"rendered":"https:\/\/gastropedia.pub\/en\/?page_id=1413"},"modified":"2023-11-21T14:30:35","modified_gmt":"2023-11-21T19:30:35","slug":"esophagus","status":"publish","type":"page","link":"https:\/\/gastropedia.pub\/en\/gastroclinic\/esophagus\/","title":{"rendered":"Esophagus"},"content":{"rendered":"\t\t<div data-elementor-type=\"wp-page\" data-elementor-id=\"1413\" class=\"elementor elementor-1413\">\n\t\t\t\t\t\t<section class=\"penci-section penci-disSticky penci-structure-10 elementor-section elementor-top-section elementor-element elementor-element-e6f978b elementor-section-boxed elementor-section-height-default elementor-section-height-default\" data-id=\"e6f978b\" data-element_type=\"section\" data-e-type=\"section\">\n\t\t\t\t\t\t<div class=\"elementor-container elementor-column-gap-default\">\n\t\t\t\t\t<div class=\"penci-ercol-100 penci-ercol-order-1 penci-sticky-ct    elementor-column elementor-col-100 elementor-top-column elementor-element elementor-element-a3eca14\" data-id=\"a3eca14\" data-element_type=\"column\" data-e-type=\"column\">\n\t\t\t<div class=\"elementor-widget-wrap elementor-element-populated\">\n\t\t\t\t\t\t<div class=\"elementor-element elementor-element-25cbc09 elementor-widget elementor-widget-penci-latest-posts\" data-id=\"25cbc09\" data-element_type=\"widget\" data-e-type=\"widget\" data-widget_type=\"penci-latest-posts.default\">\n\t\t\t\t<div class=\"elementor-widget-container\">\n\t\t\t\t\t                <div id=\"pencilatest_posts_76400\" class=\"penci-latest-posts-sc penci-latest-posts-grid penci-latest-posts-el penci-el-mixed-s1 penci-latest-posts-left penci-std-continue-center penci-std-excerpt-center penci-grid-excerpt-left\">\n\t\t\t\t\t\t\t\t\t\t\t                        <div class=\"penci-border-arrow penci-homepage-title penci-home-latest-posts style-14 pcalign-left pciconp-right pcicon-right\">\n                            <h3 class=\"inner-arrow\">\n                                <span>\n\t\t\t\t\t\t\t\t<span>LATEST ARTICLES<\/span>                                <\/span>\n                            <\/h3>\n\t\t\t\t\t\t\t                        <\/div>\n\t\t\t\t\t                    <div class=\"penci-wrapper-posts-ajax\">\n\n                        <div class=\"penci-wrapper-posts-content pwid-default\">\n\n\t\t\t\t\t\t\t\t\t\t\t\t\t\t\t                                <ul data-cols=\"3\" data-tcols=\"3\" data-mcols=\"2\" data-layout=\"grid\"\n                                    class=\"has-d-cols has-t-cols has-m-cols penci-wrapper-data penci-grid penci-shortcode-render\">\t\t\t\t\t\t\t\t\t\t\t\t\t\t\t\t\t\t\t\t\t\t\t\t\t\t\t\t\t<li class=\"grid-style\">\n    <article id=\"post-8158\" class=\"item hentry\">\n\t\t            <div class=\"thumbnail\">\n\t\t\t\t\t\t\t\t                    <a class=\"penci-image-holder penci-lazy\"\n                       data-bgset=\"https:\/\/gastropedia.pub\/en\/wp-content\/uploads\/2023\/12\/Imagem6-1.png\"\n                       href=\"https:\/\/gastropedia.pub\/en\/gastroenterology\/endoluminal-functional-lumen-imaging-probe-endofliptm-understanding-the-technology-and-its-potential-uses\/\" title=\"Endoluminal Functional Lumen Imaging Probe (EndoflipTM): understanding the technology and its potential uses\">\n                    <\/a>\n\t\t\t\t\n\t\t\t\t\t\t\t\t\t\t\t\t\t\t\t\t\t\t\t\t\t\t\t\t\t\t\t\t\t\t\t\t\t            <\/div>\n\t\t\n        <div class=\"grid-header-box\">\n\t\t\t                <span class=\"cat\"><a style=\"\" class=\"penci-cat-name penci-cat-19\" href=\"https:\/\/gastropedia.pub\/en\/category\/gastroenterology\/esophagus\/\"  rel=\"category tag\"><span style=\"\">Esophagus<\/span><\/a><a style=\"\" class=\"penci-cat-name penci-cat-18\" href=\"https:\/\/gastropedia.pub\/en\/category\/gastroenterology\/\"  rel=\"category tag\"><span style=\"\">Gastroenterology<\/span><\/a><\/span>\n\t\t\t\n            <h2 class=\"penci-entry-title entry-title grid-title penci_grid_title_df\"><a\n                        href=\"https:\/\/gastropedia.pub\/en\/gastroenterology\/endoluminal-functional-lumen-imaging-probe-endofliptm-understanding-the-technology-and-its-potential-uses\/\">Endoluminal Functional Lumen Imaging Probe (EndoflipTM): understanding the technology and its potential uses<\/a>\n            <\/h2>\n\t\t\t\t\t\t\t\t<div class=\"penci-hide-tagupdated\">\n\t\t\t<span class=\"author-italic author vcard\">by \t\t\t\t\t\t\t\t\t\t<a class=\"author-url url fn n\" href=\"https:\/\/gastropedia.pub\/en\/author\/rafaelblages\/\">Rafael Bandeira Lages<\/a>\t\t\t\t\t\t\t\t\t<\/span>\n\t\t\t<time class=\"entry-date published\" datetime=\"2022-03-24T09:23:06-04:00\">March 24, 2022<\/time>\t\t<\/div>\n\t\t\t\t\t\t                <div class=\"grid-post-box-meta\">\n\t\t\t\t\t\t\t\t\t\t                        <span class=\"otherl-date-author author-italic author vcard\">by                                 <a class=\"author-url url fn n\" href=\"https:\/\/gastropedia.pub\/en\/author\/rafaelblages\/\">Rafael Bandeira Lages<\/a>\t\t\t\t\t\t\t<\/span>\n\t\t\t\t\t\t\t\t\t\t                        <span class=\"otherl-date\"><time class=\"entry-date published\" datetime=\"2022-03-24T09:23:06-04:00\">March 24, 2022<\/time><\/span>\n\t\t\t\t\t\t\t\t\t\t\t\t\t\t\t\t\t\t\t\t\t\t\t\t\t\t\t\t\t\t                <\/div>\n\t\t\t        <\/div>\n\n\t\t            <div class=\"item-content entry-content\">\n\t\t\t\t<p>The EndoflipTM\u00a0is an innovative technique that uses impedance planimetry technology to assess the distensibility of gastrointestinal organs. Despite being developed in 2009, its use is still restricted to research environments &#8230;<\/p>\n            <\/div>\n\t\t\n\t\t\n\t\t            <div class=\"penci-post-box-meta penci-post-box-grid\">\n                <div class=\"penci-post-share-box\">\n\t\t\t\t\t\t\t\t\t\t                <\/div>\n            <\/div>\n\t\t    <\/article>\n<\/li>\n\n\t\t\t\t\t\t\t\t\t\t\t\t\t\t\t\t\t\t\t\t\t\t\t\t\t\t\t\t<\/ul>\n\t\t\t\t\t\t\t\t\t\t\t\t\t\t\t\t\t\t\t\t\t                        <\/div>\n\n\t\t\t\t\t\t                    <\/div>\n                <\/div>\n\t\t\t            <style>\n                                                                                                                                                                            <\/style>\n\t\t\t\t\t\t\t<\/div>\n\t\t\t\t<\/div>\n\t\t\t\t\t<\/div>\n\t\t<\/div>\n\t\t\t\t\t<\/div>\n\t\t<\/section>\n\t\t\t\t<\/div>\n\t\t","protected":false},"excerpt":{"rendered":"<p>LATEST ARTICLES Es\u00f4fagoGastroenterologia O que voc\u00ea precisa saber sobre Espasmo Esof\u00e1gico Distal by Rafael Bandeira Lages 26 de outubro de 2023 by Rafael Bandeira Lages 26 de outubro de 2023&hellip;<\/p>\n","protected":false},"author":1,"featured_media":0,"parent":1405,"menu_order":0,"comment_status":"closed","ping_status":"closed","template":"","meta":{"_lmt_disableupdate":"","_lmt_disable":"","footnotes":""},"class_list":["post-1413","page","type-page","status-publish","hentry"],"yoast_head":"<!-- This site is optimized with the Yoast SEO Premium plugin v21.2 (Yoast SEO v27.3) - https:\/\/yoast.com\/product\/yoast-seo-premium-wordpress\/ -->\n<title>Esophagus - Gastropedia<\/title>\n<meta name=\"robots\" content=\"index, follow, max-snippet:-1, max-image-preview:large, max-video-preview:-1\" \/>\n<link rel=\"canonical\" href=\"https:\/\/gastropedia.pub\/en\/gastroclinic\/esophagus\/\" \/>\n<meta property=\"og:locale\" content=\"en_US\" \/>\n<meta property=\"og:type\" content=\"article\" \/>\n<meta property=\"og:title\" content=\"Esophagus\" \/>\n<meta property=\"og:description\" content=\"LATEST ARTICLES Es\u00f4fagoGastroenterologia O que voc\u00ea precisa saber sobre Espasmo Esof\u00e1gico Distal by Rafael Bandeira Lages 26 de outubro de 2023 by Rafael Bandeira Lages 26 de outubro de 2023&hellip;\" \/>\n<meta property=\"og:url\" content=\"https:\/\/gastropedia.pub\/en\/gastroclinic\/esophagus\/\" \/>\n<meta property=\"og:site_name\" content=\"Gastropedia\" \/>\n<meta property=\"article:modified_time\" content=\"2023-11-21T19:30:35+00:00\" \/>\n<meta name=\"twitter:card\" content=\"summary_large_image\" \/>\n<meta name=\"twitter:label1\" content=\"Est. reading time\" \/>\n\t<meta name=\"twitter:data1\" content=\"3 minutes\" \/>\n<script type=\"application\/ld+json\" class=\"yoast-schema-graph\">{\"@context\":\"https:\\\/\\\/schema.org\",\"@graph\":[{\"@type\":\"WebPage\",\"@id\":\"https:\\\/\\\/gastropedia.pub\\\/en\\\/gastroclinic\\\/esophagus\\\/\",\"url\":\"https:\\\/\\\/gastropedia.pub\\\/en\\\/gastroclinic\\\/esophagus\\\/\",\"name\":\"Esophagus - Gastropedia\",\"isPartOf\":{\"@id\":\"https:\\\/\\\/gastropedia.pub\\\/en\\\/#website\"},\"datePublished\":\"2022-09-23T13:16:40+00:00\",\"dateModified\":\"2023-11-21T19:30:35+00:00\",\"breadcrumb\":{\"@id\":\"https:\\\/\\\/gastropedia.pub\\\/en\\\/gastroclinic\\\/esophagus\\\/#breadcrumb\"},\"inLanguage\":\"en-US\",\"potentialAction\":[{\"@type\":\"ReadAction\",\"target\":[\"https:\\\/\\\/gastropedia.pub\\\/en\\\/gastroclinic\\\/esophagus\\\/\"]}]},{\"@type\":\"BreadcrumbList\",\"@id\":\"https:\\\/\\\/gastropedia.pub\\\/en\\\/gastroclinic\\\/esophagus\\\/#breadcrumb\",\"itemListElement\":[{\"@type\":\"ListItem\",\"position\":1,\"name\":\"Home\",\"item\":\"https:\\\/\\\/gastropedia.pub\\\/en\\\/\"},{\"@type\":\"ListItem\",\"position\":2,\"name\":\"Gastroenterology\",\"item\":\"https:\\\/\\\/gastropedia.pub\\\/en\\\/gastroclinic\\\/\"},{\"@type\":\"ListItem\",\"position\":3,\"name\":\"Esophagus\"}]},{\"@type\":\"WebSite\",\"@id\":\"https:\\\/\\\/gastropedia.pub\\\/en\\\/#website\",\"url\":\"https:\\\/\\\/gastropedia.pub\\\/en\\\/\",\"name\":\"Gastropedia\",\"description\":\"Easy medical updates for digestive health practitioners.\",\"potentialAction\":[{\"@type\":\"SearchAction\",\"target\":{\"@type\":\"EntryPoint\",\"urlTemplate\":\"https:\\\/\\\/gastropedia.pub\\\/en\\\/?s={search_term_string}\"},\"query-input\":{\"@type\":\"PropertyValueSpecification\",\"valueRequired\":true,\"valueName\":\"search_term_string\"}}],\"inLanguage\":\"en-US\"}]}<\/script>\n<!-- \/ Yoast SEO Premium plugin. -->","yoast_head_json":{"title":"Esophagus - Gastropedia","robots":{"index":"index","follow":"follow","max-snippet":"max-snippet:-1","max-image-preview":"max-image-preview:large","max-video-preview":"max-video-preview:-1"},"canonical":"https:\/\/gastropedia.pub\/en\/gastroclinic\/esophagus\/","og_locale":"en_US","og_type":"article","og_title":"Esophagus","og_description":"LATEST ARTICLES Es\u00f4fagoGastroenterologia O que voc\u00ea precisa saber sobre Espasmo Esof\u00e1gico Distal by Rafael Bandeira Lages 26 de outubro de 2023 by Rafael Bandeira Lages 26 de outubro de 2023&hellip;","og_url":"https:\/\/gastropedia.pub\/en\/gastroclinic\/esophagus\/","og_site_name":"Gastropedia","article_modified_time":"2023-11-21T19:30:35+00:00","twitter_card":"summary_large_image","twitter_misc":{"Est. reading time":"3 minutes"},"schema":{"@context":"https:\/\/schema.org","@graph":[{"@type":"WebPage","@id":"https:\/\/gastropedia.pub\/en\/gastroclinic\/esophagus\/","url":"https:\/\/gastropedia.pub\/en\/gastroclinic\/esophagus\/","name":"Esophagus - Gastropedia","isPartOf":{"@id":"https:\/\/gastropedia.pub\/en\/#website"},"datePublished":"2022-09-23T13:16:40+00:00","dateModified":"2023-11-21T19:30:35+00:00","breadcrumb":{"@id":"https:\/\/gastropedia.pub\/en\/gastroclinic\/esophagus\/#breadcrumb"},"inLanguage":"en-US","potentialAction":[{"@type":"ReadAction","target":["https:\/\/gastropedia.pub\/en\/gastroclinic\/esophagus\/"]}]},{"@type":"BreadcrumbList","@id":"https:\/\/gastropedia.pub\/en\/gastroclinic\/esophagus\/#breadcrumb","itemListElement":[{"@type":"ListItem","position":1,"name":"Home","item":"https:\/\/gastropedia.pub\/en\/"},{"@type":"ListItem","position":2,"name":"Gastroenterology","item":"https:\/\/gastropedia.pub\/en\/gastroclinic\/"},{"@type":"ListItem","position":3,"name":"Esophagus"}]},{"@type":"WebSite","@id":"https:\/\/gastropedia.pub\/en\/#website","url":"https:\/\/gastropedia.pub\/en\/","name":"Gastropedia","description":"Easy medical updates for digestive health practitioners.","potentialAction":[{"@type":"SearchAction","target":{"@type":"EntryPoint","urlTemplate":"https:\/\/gastropedia.pub\/en\/?s={search_term_string}"},"query-input":{"@type":"PropertyValueSpecification","valueRequired":true,"valueName":"search_term_string"}}],"inLanguage":"en-US"}]}},"_links":{"self":[{"href":"https:\/\/gastropedia.pub\/en\/wp-json\/wp\/v2\/pages\/1413","targetHints":{"allow":["GET"]}}],"collection":[{"href":"https:\/\/gastropedia.pub\/en\/wp-json\/wp\/v2\/pages"}],"about":[{"href":"https:\/\/gastropedia.pub\/en\/wp-json\/wp\/v2\/types\/page"}],"author":[{"embeddable":true,"href":"https:\/\/gastropedia.pub\/en\/wp-json\/wp\/v2\/users\/1"}],"replies":[{"embeddable":true,"href":"https:\/\/gastropedia.pub\/en\/wp-json\/wp\/v2\/comments?post=1413"}],"version-history":[{"count":9,"href":"https:\/\/gastropedia.pub\/en\/wp-json\/wp\/v2\/pages\/1413\/revisions"}],"predecessor-version":[{"id":7962,"href":"https:\/\/gastropedia.pub\/en\/wp-json\/wp\/v2\/pages\/1413\/revisions\/7962"}],"up":[{"embeddable":true,"href":"https:\/\/gastropedia.pub\/en\/wp-json\/wp\/v2\/pages\/1405"}],"wp:attachment":[{"href":"https:\/\/gastropedia.pub\/en\/wp-json\/wp\/v2\/media?parent=1413"}],"curies":[{"name":"wp","href":"https:\/\/api.w.org\/{rel}","templated":true}]}}