{"id":1310,"date":"2022-09-22T15:59:06","date_gmt":"2022-09-22T19:59:06","guid":{"rendered":"https:\/\/gastropedia.pub\/en\/?page_id=1310"},"modified":"2024-01-16T20:28:31","modified_gmt":"2024-01-17T01:28:31","slug":"editorial","status":"publish","type":"page","link":"https:\/\/gastropedia.pub\/en\/editorial\/","title":{"rendered":"Editorial"},"content":{"rendered":"\t\t<div data-elementor-type=\"wp-page\" data-elementor-id=\"1310\" class=\"elementor elementor-1310\">\n\t\t\t\t\t\t<section class=\"penci-section penci-disSticky penci-structure-10 elementor-section elementor-top-section elementor-element elementor-element-dece506 elementor-section-boxed elementor-section-height-default elementor-section-height-default\" data-id=\"dece506\" data-element_type=\"section\" data-e-type=\"section\">\n\t\t\t\t\t\t<div class=\"elementor-container elementor-column-gap-default\">\n\t\t\t\t\t<div class=\"penci-ercol-100 penci-ercol-order-1 penci-sticky-ct    elementor-column elementor-col-100 elementor-top-column elementor-element elementor-element-5f235ed\" data-id=\"5f235ed\" data-element_type=\"column\" data-e-type=\"column\">\n\t\t\t<div class=\"elementor-widget-wrap elementor-element-populated\">\n\t\t\t\t\t\t<div class=\"elementor-element elementor-element-4e864ec elementor-widget elementor-widget-penci-about-me\" data-id=\"4e864ec\" data-element_type=\"widget\" data-e-type=\"widget\" data-widget_type=\"penci-about-me.default\">\n\t\t\t\t<div class=\"elementor-widget-container\">\n\t\t\t\t\t\t\t<div class=\"penci-block-vc penci-about-me\">\n\t\t\t    <div class=\"penci-border-arrow penci-homepage-title penci-home-latest-posts style-14 pcalign-left pciconp-right pcicon-right block-title-icon-left\">\n        <h3 class=\"inner-arrow\">\n        <span>\n                    <span>Editors<\/a>                <\/span>\n        <\/h3>\n\t\t        <\/div>\n\t\t\t\t\t<div class=\"penci-block_content about-widget pc_aligncenter\">\n\t\t\t\t\n\t\t\t\t\n\t\t\t\t\t<\/div>\n\t\t<\/div>\n\t\t\t\t\t\t<\/div>\n\t\t\t\t<\/div>\n\t\t\t\t<div class=\"elementor-element elementor-element-29af7e3 elementor-widget elementor-widget-text-editor\" data-id=\"29af7e3\" data-element_type=\"widget\" data-e-type=\"widget\" data-widget_type=\"text-editor.default\">\n\t\t\t\t<div class=\"elementor-widget-container\">\n\t\t\t\t\t\t\t\t\t<p><div class=\"editores-um 8625\">\r\n\t<div class=\"editores-um-img\"><img decoding=\"async\" class=\"alignnone size-full\" src=\"https:\/\/gastropedia.pub\/en\/wp-content\/uploads\/2024\/08\/cropped-Andreia.jpg\" alt=\"\" width=\"150\" height=\"150\" \/><\/div>\r\n\t<div class=\"editores-um-nome\">Andrea Catherine Quiroz Gamarra<\/div>\r\n\t<div class=\"editores-um-excerpt\"><span style=\"color: #2f2d75;font-weight:bold;\"><\/span><p>Pediatric Gastroenterology at the Hospital das Cl\u00ednicas, FMB-UNESP<br \/>\nMaster of Science, FMB-UNESP<br \/>\nPediatrician at the Hospital das Cl\u00ednicas, FMB-UNESP<br \/>\nFull Member of the Brazilian Society of Pediatrics (SBP)<br \/>\nMember of the Latin American Society for Pediatric Gastroenterology, Hepatology, and Nutrition (LASPGHAN)<\/p>\n<\/div>\r\n\t\r\n\t<div class=\"editores-um-lattes\">\r\n\t\t\t\r\n\t\t\t<a href=\"http:\/\/lattes.cnpq.br\/1189737903273639\" target=\"_blank\" rel=\"noopener\"><img decoding=\"async\" src=\"https:\/\/endoscopiaterapeutica.net\/pt\/wp-content\/uploads\/2021\/09\/curriculo-lattes.png\"><\/a>\r\n\t\t\r\n\t\t<\/div>\r\n\t\r\n\t<div class=\"editores-um-links\"><!-- <a href=\"https:\/\/gastropedia.pub\/en\/?post_type=editors&#038;p=8625\" class=\"link-guid\">Ver perfil<\/a> --><\/div>\r\n\r\n<\/div><div class=\"editores-um 8626\">\r\n\t<div class=\"editores-um-img\"><img decoding=\"async\" class=\"alignnone size-full\" src=\"https:\/\/gastropedia.pub\/en\/wp-content\/uploads\/2024\/08\/Cesar.jpg\" alt=\"\" width=\"150\" height=\"150\" \/><\/div>\r\n\t<div class=\"editores-um-nome\">Cesar Saul Quevedo Penaloza<\/div>\r\n\t<div class=\"editores-um-excerpt\"><span style=\"color: #2f2d75;font-weight:bold;\"><\/span><p>Digestive System Surgeon, Hospital das Cl\u00ednicas, FMB-UNESP<br \/>\nFull Member of the Brazilian College of Digestive Surgery (CBCD)<br \/>\nMaster&#8217;s Degree in Medicine, FMB-UNESP<br \/>\nGeneral Surgeon, State Hospital of Bauru-FAMESP<br \/>\nSpecialist Title from the Brazilian College of Surgeons (CBC)<br \/>\nSpecialization in Oncological Gastrointestinal Endoscopy, ICESP-USP<br \/>\nAssociate Member of the Brazilian Society of Endoscopy (SOBED)<\/p>\n<\/div>\r\n\t\r\n\t<div class=\"editores-um-lattes\">\r\n\t\t\t\r\n\t\t\t<a href=\"http:\/\/lattes.cnpq.br\/0045794227210191\" target=\"_blank\" rel=\"noopener\"><img decoding=\"async\" src=\"https:\/\/endoscopiaterapeutica.net\/pt\/wp-content\/uploads\/2021\/09\/curriculo-lattes.png\"><\/a>\r\n\t\t\r\n\t\t<\/div>\r\n\t\r\n\t<div class=\"editores-um-links\"><!-- <a href=\"https:\/\/gastropedia.pub\/en\/?post_type=editors&#038;p=8626\" class=\"link-guid\">Ver perfil<\/a> --><\/div>\r\n\r\n<\/div><div class=\"editores-um 5726\">\r\n\t<div class=\"editores-um-img\"><img decoding=\"async\" class=\"alignnone size-full\" src=\"https:\/\/gastropedia.pub\/en\/wp-content\/uploads\/2023\/05\/Livia-Arraes-site.jpg\" alt=\"\" width=\"150\" height=\"150\" \/><\/div>\r\n\t<div class=\"editores-um-nome\">L\u00edvia Arraes<\/div>\r\n\t<div class=\"editores-um-excerpt\"><span style=\"color: #2f2d75;font-weight:bold;\"><\/span><p>Specialist in Gastroenterology at HC-FMRP-USP and in Gastrointestinal Endoscopy at HC-FM-USP; Full member of the Brazilian Federation of Gastroenterology (FBG) and the Brazilian Society of Digestive Endoscopy (SOBED); Ongoing doctorate at USP; President of the Maranh\u00e3o chapter of SOBED for the 2019-2020 term.<\/p>\n<\/div>\r\n\t\r\n\t<div class=\"editores-um-lattes\">\r\n\t\t\t\r\n\t\t\t<a href=\"http:\/\/lattes.cnpq.br\/3053084350516285\" target=\"_blank\" rel=\"noopener\"><img decoding=\"async\" src=\"https:\/\/endoscopiaterapeutica.net\/pt\/wp-content\/uploads\/2021\/09\/curriculo-lattes.png\"><\/a>\r\n\t\t\r\n\t\t<\/div>\r\n\t\r\n\t<div class=\"editores-um-links\"><!-- <a href=\"https:\/\/gastropedia.pub\/en\/?post_type=editor&#038;p=5726\" class=\"link-guid\">Ver perfil<\/a> --><\/div>\r\n\r\n<\/div><div class=\"editores-um 3356\">\r\n\t<div class=\"editores-um-img\"><img loading=\"lazy\" decoding=\"async\" class=\"alignnone size-full\" src=\"https:\/\/gastropedia.pub\/en\/wp-content\/uploads\/2022\/11\/RENOVADOmarcus.jpg\" alt=\"\" width=\"150\" height=\"150\" \/><\/div>\r\n\t<div class=\"editores-um-nome\">Marcus Fernando Kodama Pertille Ramos<\/div>\r\n\t<div class=\"editores-um-excerpt\"><span style=\"color: #2f2d75;font-weight:bold;\">Coordinator of Digestive System Surgery, Associate Editor<\/span><p>Full Professor at the Faculty of Medicine, USP. Master&#8217;s, Ph.D., and Postdoctoral degrees in Surgery. Surgeon at the Cancer Institute of the Hospital das Cl\u00ednicas, USP. Fellow of the Brazilian College of Digestive Surgery and Fellow of the American College of Surgeons.<\/p>\n<\/div>\r\n\t\r\n\t<div class=\"editores-um-lattes\">\r\n\t\t\t\r\n\t\t\t<a href=\"http:\/\/lattes.cnpq.br\/3544194832689875\" target=\"_blank\" rel=\"noopener\"><img decoding=\"async\" src=\"https:\/\/endoscopiaterapeutica.net\/pt\/wp-content\/uploads\/2021\/09\/curriculo-lattes.png\"><\/a>\r\n\t\t\r\n\t\t\t<a href=\"http:\/\/www.clinicakodama.com.br\" class=\"botao-mais-info-editor\" style=\"margin-left: 32px;color: #FFF !important;\" target=\"_blank\" rel=\"noopener\">GET IN TOUCH \u00bb<\/a>\r\n\t\t\r\n\t\t<\/div>\r\n\t\r\n\t<div class=\"editores-um-links\"><!-- <a href=\"https:\/\/gastropedia.pub\/en\/?post_type=editor&#038;p=3356\" class=\"link-guid\">Ver perfil<\/a> --><\/div>\r\n\r\n<\/div><div class=\"editores-um 1591\">\r\n\t<div class=\"editores-um-img\"><img loading=\"lazy\" decoding=\"async\" class=\"alignnone size-full\" src=\"https:\/\/gastropedia.pub\/en\/wp-content\/uploads\/2022\/09\/RENOVADOalexandre.jpg\" alt=\"\" width=\"150\" height=\"150\" \/><\/div>\r\n\t<div class=\"editores-um-nome\">Alexandre Carlos<\/div>\r\n\t<div class=\"editores-um-excerpt\"><span style=\"color: #2f2d75;font-weight:bold;\">Associate Editor, Coordinator of Gastroenterology<\/span><p>Medical residency in Gastroenterology and Digestive Endoscopy at the Hospital das Cl\u00ednicas of FMUSP. Coordinator of the gastroenterology diagnostic center at the Hospital das Cl\u00ednicas in S\u00e3o Paulo. Assistant physician in the Department of Gastroenterology at the Hospital das Cl\u00ednicas\/USP. Gastroenterologist at Hospital S\u00edrio Liban\u00eas, Albert Einstein, and S\u00e3o Camilo Pomp\u00e9ia.<\/p>\n<\/div>\r\n\t\r\n\t<div class=\"editores-um-lattes\">\r\n\t\t\t\r\n\t\t\t<a href=\"http:\/\/lattes.cnpq.br\/5676397316530577\" target=\"_blank\" rel=\"noopener\"><img decoding=\"async\" src=\"https:\/\/endoscopiaterapeutica.net\/pt\/wp-content\/uploads\/2021\/09\/curriculo-lattes.png\"><\/a>\r\n\t\t\r\n\t\t\t<a href=\"https:\/\/dralexandrecarlos.com.br\/\" class=\"botao-mais-info-editor\" style=\"margin-left: 32px;color: #FFF !important;\" target=\"_blank\" rel=\"noopener\">GET IN TOUCH \u00bb<\/a>\r\n\t\t\r\n\t\t<\/div>\r\n\t\r\n\t<div class=\"editores-um-links\"><!-- <a href=\"https:\/\/gastropedia.pub\/en\/?post_type=editor&#038;p=1591\" class=\"link-guid\">Ver perfil<\/a> --><\/div>\r\n\r\n<\/div><div class=\"editores-um 1572\">\r\n\t<div class=\"editores-um-img\"><img loading=\"lazy\" decoding=\"async\" class=\"alignnone size-full\" src=\"https:\/\/gastropedia.pub\/en\/wp-content\/uploads\/2022\/09\/RENOVADObruno.jpg\" alt=\"\" width=\"150\" height=\"150\" \/><\/div>\r\n\t<div class=\"editores-um-nome\">Bruno da Costa Martins<\/div>\r\n\t<div class=\"editores-um-excerpt\"><span style=\"color: #2f2d75;font-weight:bold;\">Editor-in-Chief, General Director<\/span><p>Full Professor at the Faculty of Medicine of the University of S\u00e3o Paulo. Endoscopy Physician at the Cancer Institute of the State of S\u00e3o Paulo (ICESP), Hospital Alem\u00e3o Oswaldo Cruz, and the Fleury Group.<\/p>\n<\/div>\r\n\t\r\n\t<div class=\"editores-um-lattes\">\r\n\t\t\t\r\n\t\t\t<a href=\"http:\/\/lattes.cnpq.br\/7568273958092979\" target=\"_blank\" rel=\"noopener\"><img decoding=\"async\" src=\"https:\/\/endoscopiaterapeutica.net\/pt\/wp-content\/uploads\/2021\/09\/curriculo-lattes.png\"><\/a>\r\n\t\t\r\n\t\t\t<a href=\"https:\/\/brunomartins.med.br\/contato\/\" class=\"botao-mais-info-editor\" style=\"margin-left: 32px;color: #FFF !important;\" target=\"_blank\" rel=\"noopener\">GET IN TOUCH \u00bb<\/a><a href=\"https:\/\/gastropedia.pub\/en\/author\/bruno\" class=\"link-guid-2\" style=\"margin-left: 30px;\">View articles by this author <i class=\"penci-faicon fa fa-angle-double-right\"><\/i><\/a>\r\n\t\t\r\n\t\t<\/div>\r\n\t\r\n\t<div class=\"editores-um-links\"><!-- <a href=\"https:\/\/gastropedia.pub\/en\/?post_type=editor&#038;p=1572\" class=\"link-guid\">Ver perfil<\/a> --><\/div>\r\n\r\n<\/div><div class=\"editores-um 1582\">\r\n\t<div class=\"editores-um-img\"><img loading=\"lazy\" decoding=\"async\" class=\"alignnone size-full\" src=\"https:\/\/gastropedia.pub\/en\/wp-content\/uploads\/2022\/09\/felipe-paludo.png\" alt=\"\" width=\"150\" height=\"150\" \/><\/div>\r\n\t<div class=\"editores-um-nome\">Felipe Paludo Salles<\/div>\r\n\t<div class=\"editores-um-excerpt\"><span style=\"color: #2f2d75;font-weight:bold;\">Associate Editor, Administrative Director<\/span><p>Residency in Gastroenterology at the University Hospital of UFSC. Residency in Digestive Endoscopy at the Hospital das Cl\u00ednicas of USP (HCFMUSP). Physician at ProGastro Clinic in Joinville and Endogastro in Florian\u00f3polis\/SC.<\/p>\n<\/div>\r\n\t\r\n\t<div class=\"editores-um-lattes\">\r\n\t\t\t\r\n\t\t\t<a href=\"http:\/\/lattes.cnpq.br\/9301835701432565\" target=\"_blank\" rel=\"noopener\"><img decoding=\"async\" src=\"https:\/\/endoscopiaterapeutica.net\/pt\/wp-content\/uploads\/2021\/09\/curriculo-lattes.png\"><\/a>\r\n\t\t\r\n\t\t\t<a href=\"https:\/\/felipegastro.com.br\/\" class=\"botao-mais-info-editor\" style=\"margin-left: 32px;color: #FFF !important;\" target=\"_blank\" rel=\"noopener\">GET IN TOUCH \u00bb<\/a>\r\n\t\t\r\n\t\t<\/div>\r\n\t\r\n\t<div class=\"editores-um-links\"><!-- <a href=\"https:\/\/gastropedia.pub\/en\/?post_type=editor&#038;p=1582\" class=\"link-guid\">Ver perfil<\/a> --><\/div>\r\n\r\n<\/div><div class=\"editores-um 1584\">\r\n\t<div class=\"editores-um-img\"><img loading=\"lazy\" decoding=\"async\" class=\"alignnone size-full\" src=\"https:\/\/gastropedia.pub\/en\/wp-content\/uploads\/2022\/09\/Ivan-s.jpg\" alt=\"\" width=\"150\" height=\"150\" \/><\/div>\r\n\t<div class=\"editores-um-nome\">Ivan R B Orso<\/div>\r\n\t<div class=\"editores-um-excerpt\"><span style=\"color: #2f2d75;font-weight:bold;\">Associate Editor, Chief Financial Officer<\/span><p>PhD in Gastroenterology from USP. Specialist in Diagnostic and Therapeutic Endoscopy at Gastrocl\u00ednica Cascavel and S\u00e3o Lucas Hospital FAG. Coordinator of the Medical Residency in General Surgery and Professor of Gastroenterology at the School of Medicine of Faculdade Assis Gurgacz.<\/p>\n<\/div>\r\n\t\r\n\t<div class=\"editores-um-lattes\">\r\n\t\t\t\r\n\t\t\t<a href=\"http:\/\/lattes.cnpq.br\/7995277347722867\" target=\"_blank\" rel=\"noopener\"><img decoding=\"async\" src=\"https:\/\/endoscopiaterapeutica.net\/pt\/wp-content\/uploads\/2021\/09\/curriculo-lattes.png\"><\/a>\r\n\t\t\r\n\t\t\t<a href=\"https:\/\/gastro.com.br\/dr-ivan-roberto-bonotto-orso\/\" class=\"botao-mais-info-editor\" style=\"margin-left: 32px;color: #FFF !important;\" target=\"_blank\" rel=\"noopener\">GET IN TOUCH \u00bb<\/a><a href=\"https:\/\/gastropedia.pub\/en\/author\/ivan\" class=\"link-guid-2\" style=\"margin-left: 30px;\">View articles by this author <i class=\"penci-faicon fa fa-angle-double-right\"><\/i><\/a>\r\n\t\t\r\n\t\t<\/div>\r\n\t\r\n\t<div class=\"editores-um-links\"><!-- <a href=\"https:\/\/gastropedia.pub\/en\/?post_type=editor&#038;p=1584\" class=\"link-guid\">Ver perfil<\/a> --><\/div>\r\n\r\n<\/div><div class=\"editores-um 1593\">\r\n\t<div class=\"editores-um-img\"><img loading=\"lazy\" decoding=\"async\" class=\"alignnone size-full\" src=\"https:\/\/gastropedia.pub\/en\/wp-content\/uploads\/2022\/09\/Dra.-Daniela-Milhomem-site.jpg\" alt=\"\" width=\"150\" height=\"150\" \/><\/div>\r\n\t<div class=\"editores-um-nome\">Daniela Medeiros Milhomem Cardoso<\/div>\r\n\t<div class=\"editores-um-excerpt\"><span style=\"color: #2f2d75;font-weight:bold;\">Associate Editor, Content Director<\/span><p>Master of Health Sciences (UFG). Coordinator of the Medical Residency in Endoscopy and the CET Sobed at the Hospital Geral de Goi\u00e2nia (HGG). Medical coordinator of the endoscopy teams at Hospital Israelita Albert Einstein &#8211; Goi\u00e2nia unit and HMAP\/HIAE unit. Endoscopist at the Digestive System Institute of Goi\u00e2nia.<\/p>\n<\/div>\r\n\t\r\n\t<div class=\"editores-um-lattes\">\r\n\t\t\t\r\n\t\t\t<a href=\"http:\/\/lattes.cnpq.br\/6633140989625970\" target=\"_blank\" rel=\"noopener\"><img decoding=\"async\" src=\"https:\/\/endoscopiaterapeutica.net\/pt\/wp-content\/uploads\/2021\/09\/curriculo-lattes.png\"><\/a>\r\n\t\t\r\n\t\t<\/div>\r\n\t\r\n\t<div class=\"editores-um-links\"><!-- <a href=\"https:\/\/gastropedia.pub\/en\/?post_type=editor&#038;p=1593\" class=\"link-guid\">Ver perfil<\/a> --><\/div>\r\n\r\n<\/div><div class=\"editores-um 3376\">\r\n\t<div class=\"editores-um-img\"><img loading=\"lazy\" decoding=\"async\" class=\"alignnone size-full\" src=\"https:\/\/gastropedia.pub\/en\/wp-content\/uploads\/2022\/11\/RENOVADOkarla.jpg\" alt=\"\" width=\"150\" height=\"150\" \/><\/div>\r\n\t<div class=\"editores-um-nome\">Karla Toda<\/div>\r\n\t<div class=\"editores-um-excerpt\"><span style=\"color: #2f2d75;font-weight:bold;\">Associate Editor<\/span><p>Clinical Gastroenterology at the Hospital das Cl\u00ednicas of FMRP-USP. Hepatology at the Hospital das Cl\u00ednicas of USP HCFMUSP. PhD in Sciences in Gastroenterology from HCFMUSP. Training in Transient Hepatic Elastography at HCFMUSP. Collaborating Physician at the NASH Outpatient Clinic at HCFMUSP. Member of FBG and SBH.<\/p>\n<\/div>\r\n\t\r\n\t<div class=\"editores-um-lattes\">\r\n\t\t\t\r\n\t\t\t<a href=\"http:\/\/lattes.cnpq.br\/5957067997210465\" target=\"_blank\" rel=\"noopener\"><img decoding=\"async\" src=\"https:\/\/endoscopiaterapeutica.net\/pt\/wp-content\/uploads\/2021\/09\/curriculo-lattes.png\"><\/a>\r\n\t\t\r\n\t\t\t<a href=\"https:\/\/drakarlatoda.com.br\" class=\"botao-mais-info-editor\" style=\"margin-left: 32px;color: #FFF !important;\" target=\"_blank\" rel=\"noopener\">GET IN TOUCH \u00bb<\/a>\r\n\t\t\r\n\t\t<\/div>\r\n\t\r\n\t<div class=\"editores-um-links\"><!-- <a href=\"https:\/\/gastropedia.pub\/en\/?post_type=editor&#038;p=3376\" class=\"link-guid\">Ver perfil<\/a> --><\/div>\r\n\r\n<\/div><div class=\"editores-um 3378\">\r\n\t<div class=\"editores-um-img\"><img loading=\"lazy\" decoding=\"async\" class=\"alignnone size-full\" src=\"https:\/\/gastropedia.pub\/en\/wp-content\/uploads\/2022\/11\/RENOVADOdaniel.jpg\" alt=\"\" width=\"150\" height=\"150\" \/><\/div>\r\n\t<div class=\"editores-um-nome\">Daniel de Paiva Magalh\u00e3es<\/div>\r\n\t<div class=\"editores-um-excerpt\"><span style=\"color: #2f2d75;font-weight:bold;\">Associate Editor<\/span><p>Medical residency in General Surgery and Digestive System Surgery at the Hospital das Cl\u00ednicas of FMUSP. Volunteer Surgeon in the Pancreas and Biliary Tract Service at the Hospital das Cl\u00ednicas &#8211; USP. Digestive System Surgeon at the Albert Einstein Israelite Hospital.<\/p>\n<\/div>\r\n\t\r\n\t<div class=\"editores-um-lattes\">\r\n\t\t\t\r\n\t\t\r\n\t\t<\/div>\r\n\t\r\n\t<div class=\"editores-um-links\"><!-- <a href=\"https:\/\/gastropedia.pub\/en\/?post_type=editor&#038;p=3378\" class=\"link-guid\">Ver perfil<\/a> --><\/div>\r\n\r\n<\/div><div class=\"editores-um 3382\">\r\n\t<div class=\"editores-um-img\"><img loading=\"lazy\" decoding=\"async\" class=\"alignnone size-full\" src=\"https:\/\/gastropedia.pub\/en\/wp-content\/uploads\/2022\/11\/RENOVADOmaira.jpg\" alt=\"\" width=\"150\" height=\"150\" \/><\/div>\r\n\t<div class=\"editores-um-nome\">Maira Marzinotto<\/div>\r\n\t<div class=\"editores-um-excerpt\"><span style=\"color: #2f2d75;font-weight:bold;\">Associate Editor<\/span><p>Assistant Physician in charge of the Pancreas Group at the Clinical Gastroenterology Department of HCFMUSP. Assistant Physician in the medical staff at Hospital Alem\u00e3o Oswaldo Cruz.<\/p>\n<\/div>\r\n\t\r\n\t<div class=\"editores-um-lattes\">\r\n\t\t\t\r\n\t\t\t<a href=\"http:\/\/lattes.cnpq.br\/0194928926003197\" target=\"_blank\" rel=\"noopener\"><img decoding=\"async\" src=\"https:\/\/endoscopiaterapeutica.net\/pt\/wp-content\/uploads\/2021\/09\/curriculo-lattes.png\"><\/a>\r\n\t\t\r\n\t\t\t<a href=\"http:\/\/mairamarzinotto.med.br\" class=\"botao-mais-info-editor\" style=\"margin-left: 32px;color: #FFF !important;\" target=\"_blank\" rel=\"noopener\">GET IN TOUCH \u00bb<\/a>\r\n\t\t\r\n\t\t<\/div>\r\n\t\r\n\t<div class=\"editores-um-links\"><!-- <a href=\"https:\/\/gastropedia.pub\/en\/?post_type=editor&#038;p=3382\" class=\"link-guid\">Ver perfil<\/a> --><\/div>\r\n\r\n<\/div><div class=\"editores-um 3384\">\r\n\t<div class=\"editores-um-img\"><img loading=\"lazy\" decoding=\"async\" class=\"alignnone size-full\" src=\"https:\/\/gastropedia.pub\/en\/wp-content\/uploads\/2022\/11\/RENOVADOmariane.jpg\" alt=\"\" width=\"150\" height=\"150\" \/><\/div>\r\n\t<div class=\"editores-um-nome\">Mariane Camargo<\/div>\r\n\t<div class=\"editores-um-excerpt\"><span style=\"color: #2f2d75;font-weight:bold;\">Associate Editor<\/span><p>Colorectal Surgeon from the Discipline of Digestive System Surgery and Coloproctology at FMUSP. Physician at the Coloproctology Department of the Hospital das Cl\u00ednicas at USP. Research Fellow (2017 \u2013 2019) in the Colorectal Surgery Department at the Cleveland Clinic, Cleveland \u2013 OH.<\/p>\n<\/div>\r\n\t\r\n\t<div class=\"editores-um-lattes\">\r\n\t\t\t\r\n\t\t\r\n\t\t<\/div>\r\n\t\r\n\t<div class=\"editores-um-links\"><!-- <a href=\"https:\/\/gastropedia.pub\/en\/?post_type=editor&#038;p=3384\" class=\"link-guid\">Ver perfil<\/a> --><\/div>\r\n\r\n<\/div><div class=\"editores-um 5730\">\r\n\t<div class=\"editores-um-img\"><img loading=\"lazy\" decoding=\"async\" class=\"alignnone size-full\" src=\"https:\/\/gastropedia.pub\/en\/wp-content\/uploads\/2022\/11\/RENOVADOrafael.jpg\" alt=\"\" width=\"150\" height=\"150\" \/><\/div>\r\n\t<div class=\"editores-um-nome\">Rafael Bandeira Lages<\/div>\r\n\t<div class=\"editores-um-excerpt\"><span style=\"color: #2f2d75;font-weight:bold;\">Associate Editor<\/span><p>Medical residency in Gastroenterology and Digestive Endoscopy at HC-FMUSP. Ongoing doctorate in Gastroenterology at USP. Collaborating physician in the Esophagus, Stomach, and Digestive Motility Group at the clinical Gastroenterology service of HC-FMUSP. Gastroenterologist at Hospital 9 de Julho and Hospital Alem\u00e3o Oswaldo Cruz.<\/p>\n<\/div>\r\n\t\r\n\t<div class=\"editores-um-lattes\">\r\n\t\t\t\r\n\t\t\t<a href=\"http:\/\/lattes.cnpq.br\/4711372348684943\" target=\"_blank\" rel=\"noopener\"><img decoding=\"async\" src=\"https:\/\/endoscopiaterapeutica.net\/pt\/wp-content\/uploads\/2021\/09\/curriculo-lattes.png\"><\/a>\r\n\t\t\r\n\t\t\t<a href=\"https:\/\/www.rafaelbandeiralages.com.br\/\" class=\"botao-mais-info-editor\" style=\"margin-left: 32px;color: #FFF !important;\" target=\"_blank\" rel=\"noopener\">GET IN TOUCH \u00bb<\/a>\r\n\t\t\r\n\t\t<\/div>\r\n\t\r\n\t<div class=\"editores-um-links\"><!-- <a href=\"https:\/\/gastropedia.pub\/en\/?post_type=editor&#038;p=5730\" class=\"link-guid\">Ver perfil<\/a> --><\/div>\r\n\r\n<\/div><\/p>\t\t\t\t\t\t\t\t<\/div>\n\t\t\t\t<\/div>\n\t\t\t\t\t<\/div>\n\t\t<\/div>\n\t\t\t\t\t<\/div>\n\t\t<\/section>\n\t\t\t\t<\/div>\n\t\t","protected":false},"excerpt":{"rendered":"<p>Editors<\/p>\n","protected":false},"author":1,"featured_media":0,"parent":0,"menu_order":0,"comment_status":"closed","ping_status":"closed","template":"","meta":{"_lmt_disableupdate":"","_lmt_disable":"","footnotes":""},"class_list":["post-1310","page","type-page","status-publish","hentry"],"yoast_head":"<!-- This site is optimized with the Yoast SEO Premium plugin v21.2 (Yoast SEO v27.3) - https:\/\/yoast.com\/product\/yoast-seo-premium-wordpress\/ -->\n<title>Editorial - Gastropedia<\/title>\n<meta name=\"robots\" content=\"index, follow, max-snippet:-1, max-image-preview:large, max-video-preview:-1\" \/>\n<link rel=\"canonical\" href=\"https:\/\/gastropedia.pub\/en\/editorial\/\" \/>\n<meta property=\"og:locale\" content=\"en_US\" \/>\n<meta property=\"og:type\" content=\"article\" \/>\n<meta property=\"og:title\" content=\"Editorial\" \/>\n<meta property=\"og:description\" content=\"Editors\" \/>\n<meta property=\"og:url\" content=\"https:\/\/gastropedia.pub\/en\/editorial\/\" \/>\n<meta property=\"og:site_name\" content=\"Gastropedia\" \/>\n<meta property=\"article:modified_time\" content=\"2024-01-17T01:28:31+00:00\" \/>\n<meta name=\"twitter:card\" content=\"summary_large_image\" \/>\n<meta name=\"twitter:label1\" content=\"Est. reading time\" \/>\n\t<meta name=\"twitter:data1\" content=\"8 minutes\" \/>\n<script type=\"application\/ld+json\" class=\"yoast-schema-graph\">{\"@context\":\"https:\\\/\\\/schema.org\",\"@graph\":[{\"@type\":\"WebPage\",\"@id\":\"https:\\\/\\\/gastropedia.pub\\\/en\\\/editorial\\\/\",\"url\":\"https:\\\/\\\/gastropedia.pub\\\/en\\\/editorial\\\/\",\"name\":\"Editorial - Gastropedia\",\"isPartOf\":{\"@id\":\"https:\\\/\\\/gastropedia.pub\\\/en\\\/#website\"},\"datePublished\":\"2022-09-22T19:59:06+00:00\",\"dateModified\":\"2024-01-17T01:28:31+00:00\",\"breadcrumb\":{\"@id\":\"https:\\\/\\\/gastropedia.pub\\\/en\\\/editorial\\\/#breadcrumb\"},\"inLanguage\":\"en-US\",\"potentialAction\":[{\"@type\":\"ReadAction\",\"target\":[\"https:\\\/\\\/gastropedia.pub\\\/en\\\/editorial\\\/\"]}]},{\"@type\":\"BreadcrumbList\",\"@id\":\"https:\\\/\\\/gastropedia.pub\\\/en\\\/editorial\\\/#breadcrumb\",\"itemListElement\":[{\"@type\":\"ListItem\",\"position\":1,\"name\":\"Home\",\"item\":\"https:\\\/\\\/gastropedia.pub\\\/en\\\/\"},{\"@type\":\"ListItem\",\"position\":2,\"name\":\"Editorial\"}]},{\"@type\":\"WebSite\",\"@id\":\"https:\\\/\\\/gastropedia.pub\\\/en\\\/#website\",\"url\":\"https:\\\/\\\/gastropedia.pub\\\/en\\\/\",\"name\":\"Gastropedia\",\"description\":\"Easy medical updates for digestive health practitioners.\",\"potentialAction\":[{\"@type\":\"SearchAction\",\"target\":{\"@type\":\"EntryPoint\",\"urlTemplate\":\"https:\\\/\\\/gastropedia.pub\\\/en\\\/?s={search_term_string}\"},\"query-input\":{\"@type\":\"PropertyValueSpecification\",\"valueRequired\":true,\"valueName\":\"search_term_string\"}}],\"inLanguage\":\"en-US\"}]}<\/script>\n<!-- \/ Yoast SEO Premium plugin. -->","yoast_head_json":{"title":"Editorial - Gastropedia","robots":{"index":"index","follow":"follow","max-snippet":"max-snippet:-1","max-image-preview":"max-image-preview:large","max-video-preview":"max-video-preview:-1"},"canonical":"https:\/\/gastropedia.pub\/en\/editorial\/","og_locale":"en_US","og_type":"article","og_title":"Editorial","og_description":"Editors","og_url":"https:\/\/gastropedia.pub\/en\/editorial\/","og_site_name":"Gastropedia","article_modified_time":"2024-01-17T01:28:31+00:00","twitter_card":"summary_large_image","twitter_misc":{"Est. reading time":"8 minutes"},"schema":{"@context":"https:\/\/schema.org","@graph":[{"@type":"WebPage","@id":"https:\/\/gastropedia.pub\/en\/editorial\/","url":"https:\/\/gastropedia.pub\/en\/editorial\/","name":"Editorial - Gastropedia","isPartOf":{"@id":"https:\/\/gastropedia.pub\/en\/#website"},"datePublished":"2022-09-22T19:59:06+00:00","dateModified":"2024-01-17T01:28:31+00:00","breadcrumb":{"@id":"https:\/\/gastropedia.pub\/en\/editorial\/#breadcrumb"},"inLanguage":"en-US","potentialAction":[{"@type":"ReadAction","target":["https:\/\/gastropedia.pub\/en\/editorial\/"]}]},{"@type":"BreadcrumbList","@id":"https:\/\/gastropedia.pub\/en\/editorial\/#breadcrumb","itemListElement":[{"@type":"ListItem","position":1,"name":"Home","item":"https:\/\/gastropedia.pub\/en\/"},{"@type":"ListItem","position":2,"name":"Editorial"}]},{"@type":"WebSite","@id":"https:\/\/gastropedia.pub\/en\/#website","url":"https:\/\/gastropedia.pub\/en\/","name":"Gastropedia","description":"Easy medical updates for digestive health practitioners.","potentialAction":[{"@type":"SearchAction","target":{"@type":"EntryPoint","urlTemplate":"https:\/\/gastropedia.pub\/en\/?s={search_term_string}"},"query-input":{"@type":"PropertyValueSpecification","valueRequired":true,"valueName":"search_term_string"}}],"inLanguage":"en-US"}]}},"_links":{"self":[{"href":"https:\/\/gastropedia.pub\/en\/wp-json\/wp\/v2\/pages\/1310","targetHints":{"allow":["GET"]}}],"collection":[{"href":"https:\/\/gastropedia.pub\/en\/wp-json\/wp\/v2\/pages"}],"about":[{"href":"https:\/\/gastropedia.pub\/en\/wp-json\/wp\/v2\/types\/page"}],"author":[{"embeddable":true,"href":"https:\/\/gastropedia.pub\/en\/wp-json\/wp\/v2\/users\/1"}],"replies":[{"embeddable":true,"href":"https:\/\/gastropedia.pub\/en\/wp-json\/wp\/v2\/comments?post=1310"}],"version-history":[{"count":31,"href":"https:\/\/gastropedia.pub\/en\/wp-json\/wp\/v2\/pages\/1310\/revisions"}],"predecessor-version":[{"id":8384,"href":"https:\/\/gastropedia.pub\/en\/wp-json\/wp\/v2\/pages\/1310\/revisions\/8384"}],"wp:attachment":[{"href":"https:\/\/gastropedia.pub\/en\/wp-json\/wp\/v2\/media?parent=1310"}],"curies":[{"name":"wp","href":"https:\/\/api.w.org\/{rel}","templated":true}]}}